{"id":1633,"date":"2019-12-18T16:45:04","date_gmt":"2019-12-18T15:45:04","guid":{"rendered":"http:\/\/porinox.com\/product\/import-placeholder-for-532\/"},"modified":"2024-04-09T13:57:04","modified_gmt":"2024-04-09T11:57:04","slug":"conteneur-pour-porcs-accidentes-1500l","status":"publish","type":"product","link":"https:\/\/www.porinox.com\/fr\/producto\/contenedor-de-bajas-porcino-1500l\/","title":{"rendered":"1500l LOW CONTAINER"},"content":{"rendered":"<p>Porinox a d\u00e9velopp\u00e9 un conteneur pour<strong> haute capacit\u00e9 et haute qualit\u00e9<\/strong>, pour une utilisation dans les exploitations agricoles. Sa conception \u00e9tanche et compacte facilite son utilisation et \u00e9vite les mauvaises odeurs.<\/p>","protected":false},"excerpt":{"rendered":"<p>Porinox ha desarrollado un contenedor de gran capacidad y alta calidad , para uso en granjas. Su dise\u00f1o estanco y compacto facilita su uso y evita los malos olores. Fabricado en acero inoxidable 304 de 2mm, asegurando su durabilidad.<\/p>\n<p>Capacidad de 1500 litros<\/p>\n<p><em>Ref. 000.051.201<\/em><\/p>","protected":false},"featured_media":19417,"comment_status":"open","ping_status":"closed","template":"","meta":[],"product_brand":[],"product_cat":[360,402],"product_tag":[],"class_list":{"0":"post-1633","1":"product","2":"type-product","3":"status-publish","4":"has-post-thumbnail","6":"product_cat-bioseguridad","7":"product_cat-contenedor-de-bajas","9":"first","10":"instock","11":"shipping-taxable","12":"purchasable","13":"product-type-simple"},"_links":{"self":[{"href":"https:\/\/www.porinox.com\/fr\/wp-json\/wp\/v2\/product\/1633","targetHints":{"allow":["GET"]}}],"collection":[{"href":"https:\/\/www.porinox.com\/fr\/wp-json\/wp\/v2\/product"}],"about":[{"href":"https:\/\/www.porinox.com\/fr\/wp-json\/wp\/v2\/types\/product"}],"replies":[{"embeddable":true,"href":"https:\/\/www.porinox.com\/fr\/wp-json\/wp\/v2\/comments?post=1633"}],"version-history":[{"count":0,"href":"https:\/\/www.porinox.com\/fr\/wp-json\/wp\/v2\/product\/1633\/revisions"}],"wp:featuredmedia":[{"embeddable":true,"href":"https:\/\/www.porinox.com\/fr\/wp-json\/wp\/v2\/media\/19417"}],"wp:attachment":[{"href":"https:\/\/www.porinox.com\/fr\/wp-json\/wp\/v2\/media?parent=1633"}],"wp:term":[{"taxonomy":"product_brand","embeddable":true,"href":"https:\/\/www.porinox.com\/fr\/wp-json\/wp\/v2\/product_brand?post=1633"},{"taxonomy":"product_cat","embeddable":true,"href":"https:\/\/www.porinox.com\/fr\/wp-json\/wp\/v2\/product_cat?post=1633"},{"taxonomy":"product_tag","embeddable":true,"href":"https:\/\/www.porinox.com\/fr\/wp-json\/wp\/v2\/product_tag?post=1633"}],"curies":[{"name":"wp","href":"https:\/\/api.w.org\/{rel}","templated":true}]}}