{"id":1631,"date":"2019-12-18T16:45:01","date_gmt":"2019-12-18T16:45:01","guid":{"rendered":"http:\/\/porinox.com\/product\/import-placeholder-for-554\/"},"modified":"2025-10-10T09:19:28","modified_gmt":"2025-10-10T07:19:28","slug":"support-de-poulie-horizontale-o125","status":"publish","type":"product","link":"https:\/\/www.porinox.com\/fr\/producto\/soporte-polea-horizontal-o125\/","title":{"rendered":"POLE H125"},"content":{"rendered":"<p>Le <strong>Support de poulie horizontale \u00d8125<\/strong> de Porinox est id\u00e9al pour les applications agricoles et industrielles. Fabriqu\u00e9 en acier inoxydable 304, il est \u00e9quip\u00e9 d'une roue en nylon de 125 mm de diam\u00e8tre. Ce support est compatible avec des c\u00e2bles de 1 \u00e0 8 mm d'\u00e9paisseur. La distance entre les vis de fixation est de 18,8 cm, avec deux trous M8 pour une installation s\u00fbre et stable.<\/p>","protected":false},"excerpt":{"rendered":"<p>Polea fija para la regulaci\u00f3n de nidos, ventanas, caballetes, sistemas de alimentaci\u00f3n&#8230; adaptable a cualquier superficie con la rueda en paralelo.<\/p>\n<p><em>R\u00e9f. 000.182.101<\/em><\/p>","protected":false},"featured_media":17370,"comment_status":"open","ping_status":"closed","template":"","meta":[],"product_brand":[],"product_cat":[361],"product_tag":[],"class_list":{"0":"post-1631","1":"product","2":"type-product","3":"status-publish","4":"has-post-thumbnail","6":"product_cat-poleas","8":"first","9":"instock","10":"shipping-taxable","11":"product-type-simple"},"_links":{"self":[{"href":"https:\/\/www.porinox.com\/fr\/wp-json\/wp\/v2\/product\/1631","targetHints":{"allow":["GET"]}}],"collection":[{"href":"https:\/\/www.porinox.com\/fr\/wp-json\/wp\/v2\/product"}],"about":[{"href":"https:\/\/www.porinox.com\/fr\/wp-json\/wp\/v2\/types\/product"}],"replies":[{"embeddable":true,"href":"https:\/\/www.porinox.com\/fr\/wp-json\/wp\/v2\/comments?post=1631"}],"version-history":[{"count":0,"href":"https:\/\/www.porinox.com\/fr\/wp-json\/wp\/v2\/product\/1631\/revisions"}],"wp:featuredmedia":[{"embeddable":true,"href":"https:\/\/www.porinox.com\/fr\/wp-json\/wp\/v2\/media\/17370"}],"wp:attachment":[{"href":"https:\/\/www.porinox.com\/fr\/wp-json\/wp\/v2\/media?parent=1631"}],"wp:term":[{"taxonomy":"product_brand","embeddable":true,"href":"https:\/\/www.porinox.com\/fr\/wp-json\/wp\/v2\/product_brand?post=1631"},{"taxonomy":"product_cat","embeddable":true,"href":"https:\/\/www.porinox.com\/fr\/wp-json\/wp\/v2\/product_cat?post=1631"},{"taxonomy":"product_tag","embeddable":true,"href":"https:\/\/www.porinox.com\/fr\/wp-json\/wp\/v2\/product_tag?post=1631"}],"curies":[{"name":"wp","href":"https:\/\/api.w.org\/{rel}","templated":true}]}}