{"id":1627,"date":"2019-12-18T16:45:01","date_gmt":"2019-12-18T16:45:01","guid":{"rendered":"http:\/\/porinox.com\/product\/import-placeholder-for-546\/"},"modified":"2024-07-19T08:15:29","modified_gmt":"2024-07-19T06:15:29","slug":"poulie-horizontale-support-main-courante-o68","status":"publish","type":"product","link":"https:\/\/www.porinox.com\/fr\/producto\/soporte-polea-horizontal-pasamano-o68\/","title":{"rendered":"POLE H68P"},"content":{"rendered":"<p>Le <strong>Poulie horizontale Support Main courante \u00d868<\/strong> de Porinox est con\u00e7u pour les applications agricoles et industrielles. Fabriqu\u00e9 en acier inoxydable 304 avec une roue en PVC de 68 mm de diam\u00e8tre, il est compatible avec des c\u00e2bles de 1 \u00e0 4 mm d'\u00e9paisseur. La distance entre les vis de fixation est de 12,2 cm, avec deux trous M8 pour garantir une installation solide et durable.<\/p>","protected":false},"excerpt":{"rendered":"<p>Polea fija para la regulaci\u00f3n de nidos, ventanas, caballetes, sistemas de alimentaci\u00f3n&#8230; adaptable a cualquier superficie con la rueda en paralelo.<\/p>\n<p><em>R\u00e9f. 000.182.602<\/em><\/p>","protected":false},"featured_media":17373,"comment_status":"open","ping_status":"closed","template":"","meta":[],"product_brand":[],"product_cat":[361],"product_tag":[],"class_list":{"0":"post-1627","1":"product","2":"type-product","3":"status-publish","4":"has-post-thumbnail","6":"product_cat-poleas","8":"first","9":"instock","10":"shipping-taxable","11":"product-type-simple"},"_links":{"self":[{"href":"https:\/\/www.porinox.com\/fr\/wp-json\/wp\/v2\/product\/1627","targetHints":{"allow":["GET"]}}],"collection":[{"href":"https:\/\/www.porinox.com\/fr\/wp-json\/wp\/v2\/product"}],"about":[{"href":"https:\/\/www.porinox.com\/fr\/wp-json\/wp\/v2\/types\/product"}],"replies":[{"embeddable":true,"href":"https:\/\/www.porinox.com\/fr\/wp-json\/wp\/v2\/comments?post=1627"}],"version-history":[{"count":0,"href":"https:\/\/www.porinox.com\/fr\/wp-json\/wp\/v2\/product\/1627\/revisions"}],"wp:featuredmedia":[{"embeddable":true,"href":"https:\/\/www.porinox.com\/fr\/wp-json\/wp\/v2\/media\/17373"}],"wp:attachment":[{"href":"https:\/\/www.porinox.com\/fr\/wp-json\/wp\/v2\/media?parent=1627"}],"wp:term":[{"taxonomy":"product_brand","embeddable":true,"href":"https:\/\/www.porinox.com\/fr\/wp-json\/wp\/v2\/product_brand?post=1627"},{"taxonomy":"product_cat","embeddable":true,"href":"https:\/\/www.porinox.com\/fr\/wp-json\/wp\/v2\/product_cat?post=1627"},{"taxonomy":"product_tag","embeddable":true,"href":"https:\/\/www.porinox.com\/fr\/wp-json\/wp\/v2\/product_tag?post=1627"}],"curies":[{"name":"wp","href":"https:\/\/api.w.org\/{rel}","templated":true}]}}