{"id":1625,"date":"2019-12-18T16:45:01","date_gmt":"2019-12-18T16:45:01","guid":{"rendered":"http:\/\/porinox.com\/product\/import-placeholder-for-549\/"},"modified":"2024-07-19T08:18:44","modified_gmt":"2024-07-19T06:18:44","slug":"support-de-poulie-horizontale-o68","status":"publish","type":"product","link":"https:\/\/www.porinox.com\/fr\/producto\/soporte-polea-horizontal-o68\/","title":{"rendered":"P\u00d4LE H68"},"content":{"rendered":"<p>Le <strong>Support de poulie horizontale \u00d868<\/strong> de Porinox est un outil robuste et durable, id\u00e9al pour les applications agricoles et industrielles. Fabriqu\u00e9 en acier inoxydable 304, il est dot\u00e9 d'une roue en PVC de 68 mm de diam\u00e8tre. Ce support est compatible avec des c\u00e2bles de 1 \u00e0 4 mm d'\u00e9paisseur et se fixe au moyen de deux trous M8, avec une distance entre les vis de 14 cm, ce qui garantit une installation s\u00fbre et stable.<\/p>","protected":false},"excerpt":{"rendered":"<p>Poulie fixe pour la r\u00e9gulation des nids, fen\u00eatres, chevalets, syst\u00e8mes d'alimentation\u2026 adaptable \u00e0 toute surface avec la roue parall\u00e8le.<\/p>\n<p><em>R\u00e9f. 000.182.601<\/em><\/p>","protected":false},"featured_media":17368,"comment_status":"open","ping_status":"closed","template":"","meta":[],"product_brand":[],"product_cat":[361],"product_tag":[],"class_list":{"0":"post-1625","1":"product","2":"type-product","3":"status-publish","4":"has-post-thumbnail","6":"product_cat-poleas","8":"first","9":"instock","10":"shipping-taxable","11":"product-type-simple"},"_links":{"self":[{"href":"https:\/\/www.porinox.com\/fr\/wp-json\/wp\/v2\/product\/1625","targetHints":{"allow":["GET"]}}],"collection":[{"href":"https:\/\/www.porinox.com\/fr\/wp-json\/wp\/v2\/product"}],"about":[{"href":"https:\/\/www.porinox.com\/fr\/wp-json\/wp\/v2\/types\/product"}],"replies":[{"embeddable":true,"href":"https:\/\/www.porinox.com\/fr\/wp-json\/wp\/v2\/comments?post=1625"}],"version-history":[{"count":0,"href":"https:\/\/www.porinox.com\/fr\/wp-json\/wp\/v2\/product\/1625\/revisions"}],"wp:featuredmedia":[{"embeddable":true,"href":"https:\/\/www.porinox.com\/fr\/wp-json\/wp\/v2\/media\/17368"}],"wp:attachment":[{"href":"https:\/\/www.porinox.com\/fr\/wp-json\/wp\/v2\/media?parent=1625"}],"wp:term":[{"taxonomy":"product_brand","embeddable":true,"href":"https:\/\/www.porinox.com\/fr\/wp-json\/wp\/v2\/product_brand?post=1625"},{"taxonomy":"product_cat","embeddable":true,"href":"https:\/\/www.porinox.com\/fr\/wp-json\/wp\/v2\/product_cat?post=1625"},{"taxonomy":"product_tag","embeddable":true,"href":"https:\/\/www.porinox.com\/fr\/wp-json\/wp\/v2\/product_tag?post=1625"}],"curies":[{"name":"wp","href":"https:\/\/api.w.org\/{rel}","templated":true}]}}