{"id":1623,"date":"2019-12-18T16:45:01","date_gmt":"2019-12-18T16:45:01","guid":{"rendered":"http:\/\/porinox.com\/product\/import-placeholder-for-541\/"},"modified":"2024-07-19T08:05:37","modified_gmt":"2024-07-19T06:05:37","slug":"support-de-poulie-horizontale-o44","status":"publish","type":"product","link":"https:\/\/www.porinox.com\/fr\/producto\/soporte-polea-horizontal-o44\/","title":{"rendered":"POLES H44"},"content":{"rendered":"<p>Le <strong>Support de poulie horizontale \u00d844<\/strong> de Porinox est con\u00e7u pour les applications agricoles et industrielles, fournissant un support fixe et durable. Fabriqu\u00e9 en acier inoxydable 304, il comprend une roue en nylon de 44 mm de diam\u00e8tre. Il est compatible avec des c\u00e2bles de 1 \u00e0 5 mm d'\u00e9paisseur et pr\u00e9sente un espacement de 12,2 cm entre les vis, avec deux trous M8 pour une fixation s\u00fbre.<\/p>","protected":false},"excerpt":{"rendered":"<p>Polea fija para la regulaci\u00f3n de nidos, ventanas, caballetes, sistemas de alimentaci\u00f3n&#8230; adaptable a cualquier superficie con la rueda en paralelo.<\/p>\n<p><em>R\u00e9f. 000.182.410<\/em><\/p>","protected":false},"featured_media":17364,"comment_status":"open","ping_status":"closed","template":"","meta":[],"product_brand":[],"product_cat":[361],"product_tag":[],"class_list":{"0":"post-1623","1":"product","2":"type-product","3":"status-publish","4":"has-post-thumbnail","6":"product_cat-poleas","8":"first","9":"instock","10":"shipping-taxable","11":"product-type-simple"},"_links":{"self":[{"href":"https:\/\/www.porinox.com\/fr\/wp-json\/wp\/v2\/product\/1623","targetHints":{"allow":["GET"]}}],"collection":[{"href":"https:\/\/www.porinox.com\/fr\/wp-json\/wp\/v2\/product"}],"about":[{"href":"https:\/\/www.porinox.com\/fr\/wp-json\/wp\/v2\/types\/product"}],"replies":[{"embeddable":true,"href":"https:\/\/www.porinox.com\/fr\/wp-json\/wp\/v2\/comments?post=1623"}],"version-history":[{"count":0,"href":"https:\/\/www.porinox.com\/fr\/wp-json\/wp\/v2\/product\/1623\/revisions"}],"wp:featuredmedia":[{"embeddable":true,"href":"https:\/\/www.porinox.com\/fr\/wp-json\/wp\/v2\/media\/17364"}],"wp:attachment":[{"href":"https:\/\/www.porinox.com\/fr\/wp-json\/wp\/v2\/media?parent=1623"}],"wp:term":[{"taxonomy":"product_brand","embeddable":true,"href":"https:\/\/www.porinox.com\/fr\/wp-json\/wp\/v2\/product_brand?post=1623"},{"taxonomy":"product_cat","embeddable":true,"href":"https:\/\/www.porinox.com\/fr\/wp-json\/wp\/v2\/product_cat?post=1623"},{"taxonomy":"product_tag","embeddable":true,"href":"https:\/\/www.porinox.com\/fr\/wp-json\/wp\/v2\/product_tag?post=1623"}],"curies":[{"name":"wp","href":"https:\/\/api.w.org\/{rel}","templated":true}]}}