{"id":1621,"date":"2019-12-18T16:45:01","date_gmt":"2019-12-18T16:45:01","guid":{"rendered":"http:\/\/porinox.com\/product\/import-placeholder-for-544\/"},"modified":"2024-07-19T08:04:18","modified_gmt":"2024-07-19T06:04:18","slug":"support-de-poulie-verticale-o44","status":"publish","type":"product","link":"https:\/\/www.porinox.com\/fr\/producto\/soporte-polea-vertical-o44\/","title":{"rendered":"POLES V44"},"content":{"rendered":"<p>Le <strong>Support de poulie verticale \u00d844<\/strong> de Porinox est con\u00e7u pour les applications agricoles et industrielles. Il est fabriqu\u00e9 avec une base fixe en acier inoxydable 304 et une roue en nylon de 44 mm de diam\u00e8tre. Ce support est compatible avec des c\u00e2bles de 1 \u00e0 5 mm d'\u00e9paisseur et pr\u00e9sente un espacement de 5,5 cm entre les vis, avec deux trous M8 pour une fixation s\u00fbre et stable.<\/p>","protected":false},"excerpt":{"rendered":"<p>Polea fija para la regulaci\u00f3n de nidos, ventanas, caballetes, sistemas de alimentaci\u00f3n&#8230; adaptable a cualquier superficie con la rueda en perpendicular.<\/p>\n<p><em>R\u00e9f. 000.181.401<\/em><\/p>","protected":false},"featured_media":17366,"comment_status":"open","ping_status":"closed","template":"","meta":[],"product_brand":[],"product_cat":[361],"product_tag":[],"class_list":{"0":"post-1621","1":"product","2":"type-product","3":"status-publish","4":"has-post-thumbnail","6":"product_cat-poleas","8":"first","9":"instock","10":"shipping-taxable","11":"product-type-simple"},"_links":{"self":[{"href":"https:\/\/www.porinox.com\/fr\/wp-json\/wp\/v2\/product\/1621","targetHints":{"allow":["GET"]}}],"collection":[{"href":"https:\/\/www.porinox.com\/fr\/wp-json\/wp\/v2\/product"}],"about":[{"href":"https:\/\/www.porinox.com\/fr\/wp-json\/wp\/v2\/types\/product"}],"replies":[{"embeddable":true,"href":"https:\/\/www.porinox.com\/fr\/wp-json\/wp\/v2\/comments?post=1621"}],"version-history":[{"count":0,"href":"https:\/\/www.porinox.com\/fr\/wp-json\/wp\/v2\/product\/1621\/revisions"}],"wp:featuredmedia":[{"embeddable":true,"href":"https:\/\/www.porinox.com\/fr\/wp-json\/wp\/v2\/media\/17366"}],"wp:attachment":[{"href":"https:\/\/www.porinox.com\/fr\/wp-json\/wp\/v2\/media?parent=1621"}],"wp:term":[{"taxonomy":"product_brand","embeddable":true,"href":"https:\/\/www.porinox.com\/fr\/wp-json\/wp\/v2\/product_brand?post=1621"},{"taxonomy":"product_cat","embeddable":true,"href":"https:\/\/www.porinox.com\/fr\/wp-json\/wp\/v2\/product_cat?post=1621"},{"taxonomy":"product_tag","embeddable":true,"href":"https:\/\/www.porinox.com\/fr\/wp-json\/wp\/v2\/product_tag?post=1621"}],"curies":[{"name":"wp","href":"https:\/\/api.w.org\/{rel}","templated":true}]}}