{"id":1619,"date":"2019-12-18T16:45:00","date_gmt":"2019-12-18T16:45:00","guid":{"rendered":"http:\/\/porinox.com\/product\/import-placeholder-for-2888\/"},"modified":"2024-07-19T08:29:43","modified_gmt":"2024-07-19T06:29:43","slug":"support-de-poulie-verticale-v68","status":"publish","type":"product","link":"https:\/\/www.porinox.com\/fr\/producto\/soporte-polea-vertical-v68\/","title":{"rendered":"P\u00d4LE V68"},"content":{"rendered":"<div>\n<p>Le <strong>Support de poulie verticale V68<\/strong> de Porinox est une solution robuste et efficace pour les applications agricoles et industrielles. Fabriqu\u00e9 en acier inoxydable 304 avec une roue en PVC de 68 mm de diam\u00e8tre, ce support est compatible avec des c\u00e2bles de 1 \u00e0 5 mm d'\u00e9paisseur. La distance entre les vis de fixation est de 5,4 cm, et il dispose de deux trous M8 pour une installation s\u00fbre et stable.<\/p>\n<\/div>","protected":false},"excerpt":{"rendered":"<p>Polea fija para la regulaci\u00f3n de nidos, ventanas, caballetes, sistemas de alimentaci\u00f3n&#8230; adaptable a cualquier superficie con la rueda en perpendicular.<\/p>\n<p><em>R\u00e9f. 000.181.601<\/em><\/p>","protected":false},"featured_media":17375,"comment_status":"open","ping_status":"closed","template":"","meta":[],"product_brand":[],"product_cat":[361],"product_tag":[],"class_list":{"0":"post-1619","1":"product","2":"type-product","3":"status-publish","4":"has-post-thumbnail","6":"product_cat-poleas","8":"first","9":"instock","10":"shipping-taxable","11":"product-type-simple"},"_links":{"self":[{"href":"https:\/\/www.porinox.com\/fr\/wp-json\/wp\/v2\/product\/1619","targetHints":{"allow":["GET"]}}],"collection":[{"href":"https:\/\/www.porinox.com\/fr\/wp-json\/wp\/v2\/product"}],"about":[{"href":"https:\/\/www.porinox.com\/fr\/wp-json\/wp\/v2\/types\/product"}],"replies":[{"embeddable":true,"href":"https:\/\/www.porinox.com\/fr\/wp-json\/wp\/v2\/comments?post=1619"}],"version-history":[{"count":0,"href":"https:\/\/www.porinox.com\/fr\/wp-json\/wp\/v2\/product\/1619\/revisions"}],"wp:featuredmedia":[{"embeddable":true,"href":"https:\/\/www.porinox.com\/fr\/wp-json\/wp\/v2\/media\/17375"}],"wp:attachment":[{"href":"https:\/\/www.porinox.com\/fr\/wp-json\/wp\/v2\/media?parent=1619"}],"wp:term":[{"taxonomy":"product_brand","embeddable":true,"href":"https:\/\/www.porinox.com\/fr\/wp-json\/wp\/v2\/product_brand?post=1619"},{"taxonomy":"product_cat","embeddable":true,"href":"https:\/\/www.porinox.com\/fr\/wp-json\/wp\/v2\/product_cat?post=1619"},{"taxonomy":"product_tag","embeddable":true,"href":"https:\/\/www.porinox.com\/fr\/wp-json\/wp\/v2\/product_tag?post=1619"}],"curies":[{"name":"wp","href":"https:\/\/api.w.org\/{rel}","templated":true}]}}