{"id":16173,"date":"2023-08-22T12:47:02","date_gmt":"2023-08-22T10:47:02","guid":{"rendered":"http:\/\/porinox.com\/?post_type=product&#038;p=16173"},"modified":"2024-07-29T15:10:26","modified_gmt":"2024-07-29T13:10:26","slug":"panneau-de-cellulose-10","status":"publish","type":"product","link":"https:\/\/www.porinox.com\/fr\/producto\/panel-celulosa-10\/","title":{"rendered":"PANNEAU DE CELLULOSE 10 cm"},"content":{"rendered":"<div class=\"elementor-element elementor-element-060bb1a e-flex e-con-boxed e-con\" data-id=\"060bb1a\" data-element_type=\"container\" data-settings=\"{&quot;content_width&quot;:&quot;boxed&quot;}\">\n<div class=\"e-con-inner\">\n<div class=\"elementor-element elementor-element-22f6718 animated-slow elementor-widget elementor-widget-text-editor animated fadeIn\" data-id=\"22f6718\" data-element_type=\"widget\" data-settings=\"{&quot;_animation&quot;:&quot;fadeIn&quot;}\" data-widget_type=\"text-editor.default\">\n<div class=\"elementor-widget-container\"><strong>Panneau de cellulose pour la r\u00e9frig\u00e9ration.<\/strong>\u00a0Panneau en cellulose disponible en diff\u00e9rentes tailles pour s'adapter \u00e0 tous les mod\u00e8les de r\u00e9frig\u00e9ration.<\/div>\n<\/div>\n<\/div>\n<\/div>\n<div class=\"elementor-element elementor-element-d76d950 e-flex e-con-boxed e-con\" data-id=\"d76d950\" data-element_type=\"container\" data-settings=\"{&quot;content_width&quot;:&quot;boxed&quot;}\"><\/div>","protected":false},"excerpt":{"rendered":"<p>Panel de celulosa para refrigeraci\u00f3n.\u00a0Panel de celulosa disponible en varias medidas para adaptarse a todos los modelos de refrigeraci\u00f3n.<\/p>","protected":false},"featured_media":19970,"comment_status":"open","ping_status":"closed","template":"","meta":[],"product_brand":[],"product_cat":[393,358],"product_tag":[],"class_list":{"0":"post-16173","1":"product","2":"type-product","3":"status-publish","4":"has-post-thumbnail","6":"product_cat-complementos-de-refrigeracion","7":"product_cat-refrigeracion","9":"first","10":"instock","11":"shipping-taxable","12":"product-type-simple"},"_links":{"self":[{"href":"https:\/\/www.porinox.com\/fr\/wp-json\/wp\/v2\/product\/16173","targetHints":{"allow":["GET"]}}],"collection":[{"href":"https:\/\/www.porinox.com\/fr\/wp-json\/wp\/v2\/product"}],"about":[{"href":"https:\/\/www.porinox.com\/fr\/wp-json\/wp\/v2\/types\/product"}],"replies":[{"embeddable":true,"href":"https:\/\/www.porinox.com\/fr\/wp-json\/wp\/v2\/comments?post=16173"}],"version-history":[{"count":0,"href":"https:\/\/www.porinox.com\/fr\/wp-json\/wp\/v2\/product\/16173\/revisions"}],"wp:featuredmedia":[{"embeddable":true,"href":"https:\/\/www.porinox.com\/fr\/wp-json\/wp\/v2\/media\/19970"}],"wp:attachment":[{"href":"https:\/\/www.porinox.com\/fr\/wp-json\/wp\/v2\/media?parent=16173"}],"wp:term":[{"taxonomy":"product_brand","embeddable":true,"href":"https:\/\/www.porinox.com\/fr\/wp-json\/wp\/v2\/product_brand?post=16173"},{"taxonomy":"product_cat","embeddable":true,"href":"https:\/\/www.porinox.com\/fr\/wp-json\/wp\/v2\/product_cat?post=16173"},{"taxonomy":"product_tag","embeddable":true,"href":"https:\/\/www.porinox.com\/fr\/wp-json\/wp\/v2\/product_tag?post=16173"}],"curies":[{"name":"wp","href":"https:\/\/api.w.org\/{rel}","templated":true}]}}