{"id":1615,"date":"2019-12-18T16:45:00","date_gmt":"2019-12-18T15:45:00","guid":{"rendered":"http:\/\/porinox.com\/product\/import-placeholder-for-323\/"},"modified":"2025-10-10T09:17:24","modified_gmt":"2025-10-10T07:17:24","slug":"sevrage-a-lengraissement-tremie-b2","status":"publish","type":"product","link":"https:\/\/www.porinox.com\/fr\/producto\/tolva-wean-to-finish-b2\/","title":{"rendered":"TOLVA B2"},"content":{"rendered":"<h4 id=\"caixaDescrip\">Le <strong>Sevrage \u00e0 la finition B2 Hopper<\/strong> est un \u00e9quipement tr\u00e8s durable et r\u00e9sistant, id\u00e9al pour le secteur agricole.<\/h4>\n<div>Tr\u00e9mie double B2 en acier inoxydable 304, sa conception optimis\u00e9e permet de nourrir entre 60 et 70 animaux avec une capacit\u00e9 de 230 litres. Ses dimensions sont de 1300 mm de large, 1160 mm de haut et 435 mm de profondeur. L'assiette renouvel\u00e9e a une \u00e9l\u00e9vation centrale de 30 mm, ce qui am\u00e9liore l'efficacit\u00e9 de l'alimentation.<\/div>","protected":false},"excerpt":{"rendered":"<p>Las tolvas wean to finish B2, a diferencia de su precedente la B1, tiene doble embudo que ofrece mayor capacidad de pienso. Est\u00e1 dise\u00f1ada para suministrar a corrales con alto n\u00famero de animales. El plato de 130cm de ancho es de alimentaci\u00f3n en seco con 2 bebederos, para optimizar el tiempo de ingesta. Su dise\u00f1o su fabricaci\u00f3n con soldadura robotizada garantizan un resultado robusto y duradero.<\/p>\n<p><em>Ref. 000.141.201<\/em><\/p>","protected":false},"featured_media":18900,"comment_status":"open","ping_status":"closed","template":"","meta":[],"product_brand":[],"product_cat":[353,416,366],"product_tag":[],"class_list":{"0":"post-1615","1":"product","2":"type-product","3":"status-publish","4":"has-post-thumbnail","6":"product_cat-engorde","7":"product_cat-serieb","8":"product_cat-tolvas-engorde","10":"first","11":"instock","12":"shipping-taxable","13":"product-type-simple"},"_links":{"self":[{"href":"https:\/\/www.porinox.com\/fr\/wp-json\/wp\/v2\/product\/1615","targetHints":{"allow":["GET"]}}],"collection":[{"href":"https:\/\/www.porinox.com\/fr\/wp-json\/wp\/v2\/product"}],"about":[{"href":"https:\/\/www.porinox.com\/fr\/wp-json\/wp\/v2\/types\/product"}],"replies":[{"embeddable":true,"href":"https:\/\/www.porinox.com\/fr\/wp-json\/wp\/v2\/comments?post=1615"}],"version-history":[{"count":0,"href":"https:\/\/www.porinox.com\/fr\/wp-json\/wp\/v2\/product\/1615\/revisions"}],"wp:featuredmedia":[{"embeddable":true,"href":"https:\/\/www.porinox.com\/fr\/wp-json\/wp\/v2\/media\/18900"}],"wp:attachment":[{"href":"https:\/\/www.porinox.com\/fr\/wp-json\/wp\/v2\/media?parent=1615"}],"wp:term":[{"taxonomy":"product_brand","embeddable":true,"href":"https:\/\/www.porinox.com\/fr\/wp-json\/wp\/v2\/product_brand?post=1615"},{"taxonomy":"product_cat","embeddable":true,"href":"https:\/\/www.porinox.com\/fr\/wp-json\/wp\/v2\/product_cat?post=1615"},{"taxonomy":"product_tag","embeddable":true,"href":"https:\/\/www.porinox.com\/fr\/wp-json\/wp\/v2\/product_tag?post=1615"}],"curies":[{"name":"wp","href":"https:\/\/api.w.org\/{rel}","templated":true}]}}