{"id":16068,"date":"2023-08-22T06:47:53","date_gmt":"2023-08-22T04:47:53","guid":{"rendered":"http:\/\/porinox.com\/?post_type=product&#038;p=16068"},"modified":"2024-07-29T15:50:35","modified_gmt":"2024-07-29T13:50:35","slug":"boites-tandem-o60","status":"publish","type":"product","link":"https:\/\/www.porinox.com\/fr\/producto\/cajetines-tandem-o60\/","title":{"rendered":"DOUILLES TANDEM \u00d860"},"content":{"rendered":"<p>Les bo\u00eetes Porinox sont con\u00e7ues avec une structure pliante incurv\u00e9e qui<strong> garantissent des performances optimales et \u00e9liminent en m\u00eame temps les points d'accumulation de la salet\u00e9<\/strong>.<\/p>\n<p>La automatizaci\u00f3n de los procesos de fabricaci\u00f3n (soldadura con robot), \u00a0garantiza un <strong>produit tr\u00e8s robuste et durable.<\/strong><\/p>\n<p>&nbsp;<\/p>","protected":false},"excerpt":{"rendered":"<p>Los cajetines Porinox est\u00e1n dise\u00f1ados con estructura de pliegues curvados que aseguran un funcionamiento \u00f3ptimo y a la vez elimina puntos de acumulaci\u00f3n de suciedad. La automatizaci\u00f3n de los procesos de fabricaci\u00f3n (soldadura con robot), \u00a0garantiza un producto muy robusto y de alta durabilidad. &nbsp;<\/p>","protected":false},"featured_media":19270,"comment_status":"open","ping_status":"closed","template":"","meta":[],"product_brand":[],"product_cat":[381,443,356],"product_tag":[],"class_list":{"0":"post-16068","1":"product","2":"type-product","3":"status-publish","4":"has-post-thumbnail","6":"product_cat-cadena","7":"product_cat-cajetines-cadena","8":"product_cat-sistemas-de-distribucion","10":"first","11":"instock","12":"shipping-taxable","13":"product-type-simple"},"_links":{"self":[{"href":"https:\/\/www.porinox.com\/fr\/wp-json\/wp\/v2\/product\/16068","targetHints":{"allow":["GET"]}}],"collection":[{"href":"https:\/\/www.porinox.com\/fr\/wp-json\/wp\/v2\/product"}],"about":[{"href":"https:\/\/www.porinox.com\/fr\/wp-json\/wp\/v2\/types\/product"}],"replies":[{"embeddable":true,"href":"https:\/\/www.porinox.com\/fr\/wp-json\/wp\/v2\/comments?post=16068"}],"version-history":[{"count":0,"href":"https:\/\/www.porinox.com\/fr\/wp-json\/wp\/v2\/product\/16068\/revisions"}],"wp:featuredmedia":[{"embeddable":true,"href":"https:\/\/www.porinox.com\/fr\/wp-json\/wp\/v2\/media\/19270"}],"wp:attachment":[{"href":"https:\/\/www.porinox.com\/fr\/wp-json\/wp\/v2\/media?parent=16068"}],"wp:term":[{"taxonomy":"product_brand","embeddable":true,"href":"https:\/\/www.porinox.com\/fr\/wp-json\/wp\/v2\/product_brand?post=16068"},{"taxonomy":"product_cat","embeddable":true,"href":"https:\/\/www.porinox.com\/fr\/wp-json\/wp\/v2\/product_cat?post=16068"},{"taxonomy":"product_tag","embeddable":true,"href":"https:\/\/www.porinox.com\/fr\/wp-json\/wp\/v2\/product_tag?post=16068"}],"curies":[{"name":"wp","href":"https:\/\/api.w.org\/{rel}","templated":true}]}}