{"id":1590,"date":"2019-12-18T16:44:41","date_gmt":"2019-12-18T16:44:41","guid":{"rendered":"http:\/\/porinox.com\/product\/import-placeholder-for-1576\/"},"modified":"2024-07-19T08:35:19","modified_gmt":"2024-07-19T06:35:19","slug":"support-de-poulie-dangle-o44","status":"publish","type":"product","link":"https:\/\/www.porinox.com\/fr\/producto\/soporte-polea-esquina-o44\/","title":{"rendered":"P\u00d4LE E44"},"content":{"rendered":"<p>Le <strong>support de poulie d'angle \u00d844<\/strong> de Porinox est con\u00e7u pour les applications de distribution dans les syst\u00e8mes d'alimentation des porcs. Fabriqu\u00e9e en acier inoxydable 304, elle garantit sa durabilit\u00e9 et sa r\u00e9sistance \u00e0 la corrosion. La poulie a un diam\u00e8tre de 44 mm et est fabriqu\u00e9e en nylon. Elle convient aux c\u00e2bles de 1 \u00e0 5 mm d'\u00e9paisseur. Le support comporte deux trous M8 pour une fixation s\u00fbre et stable \u00e0 la structure de l'installation.<\/p>","protected":false},"excerpt":{"rendered":"<p>Polea fija para la regulaci\u00f3n de nidos, ventanas, caballetes, sistemas de alimentaci\u00f3n&#8230; adaptable a cualquier esquina.<\/p>\n<p><em>R\u00e9f. 000.183.401<\/em><\/p>","protected":false},"featured_media":17362,"comment_status":"open","ping_status":"closed","template":"","meta":[],"product_brand":[],"product_cat":[361],"product_tag":[],"class_list":{"0":"post-1590","1":"product","2":"type-product","3":"status-publish","4":"has-post-thumbnail","6":"product_cat-poleas","8":"first","9":"instock","10":"shipping-taxable","11":"product-type-simple"},"_links":{"self":[{"href":"https:\/\/www.porinox.com\/fr\/wp-json\/wp\/v2\/product\/1590","targetHints":{"allow":["GET"]}}],"collection":[{"href":"https:\/\/www.porinox.com\/fr\/wp-json\/wp\/v2\/product"}],"about":[{"href":"https:\/\/www.porinox.com\/fr\/wp-json\/wp\/v2\/types\/product"}],"replies":[{"embeddable":true,"href":"https:\/\/www.porinox.com\/fr\/wp-json\/wp\/v2\/comments?post=1590"}],"version-history":[{"count":0,"href":"https:\/\/www.porinox.com\/fr\/wp-json\/wp\/v2\/product\/1590\/revisions"}],"wp:featuredmedia":[{"embeddable":true,"href":"https:\/\/www.porinox.com\/fr\/wp-json\/wp\/v2\/media\/17362"}],"wp:attachment":[{"href":"https:\/\/www.porinox.com\/fr\/wp-json\/wp\/v2\/media?parent=1590"}],"wp:term":[{"taxonomy":"product_brand","embeddable":true,"href":"https:\/\/www.porinox.com\/fr\/wp-json\/wp\/v2\/product_brand?post=1590"},{"taxonomy":"product_cat","embeddable":true,"href":"https:\/\/www.porinox.com\/fr\/wp-json\/wp\/v2\/product_cat?post=1590"},{"taxonomy":"product_tag","embeddable":true,"href":"https:\/\/www.porinox.com\/fr\/wp-json\/wp\/v2\/product_tag?post=1590"}],"curies":[{"name":"wp","href":"https:\/\/api.w.org\/{rel}","templated":true}]}}