{"id":1587,"date":"2019-12-18T16:44:41","date_gmt":"2019-12-18T15:44:41","guid":{"rendered":"http:\/\/porinox.com\/product\/import-placeholder-for-1630\/"},"modified":"2026-01-20T09:10:52","modified_gmt":"2026-01-20T08:10:52","slug":"abreuvoir-de-sevrage-a1-240","status":"publish","type":"product","link":"https:\/\/www.porinox.com\/fr\/producto\/bebedero-destete-a1-240\/","title":{"rendered":"A1 L240"},"content":{"rendered":"<h4>Les abreuvoirs de sevrage A1 sont con\u00e7us pour offrir une <strong>une capacit\u00e9 d'eau accrue<\/strong>.<\/h4>\n<p>Fabriqu\u00e9 en acier inoxydable de<strong> haute qualit\u00e9 et soudure robotis\u00e9e<\/strong> pour un r\u00e9sultat plus r\u00e9sistant et durable, sans perte d'eau.<\/p>","protected":false},"excerpt":{"rendered":"<p>Bebedero para dispensar agua a los lechones reci\u00e9n destetados, con sistema de chupete para el accionamiento del agua.<\/p>\n<p><em>REF: 000.022.120<\/em>.<\/p>","protected":false},"featured_media":18681,"comment_status":"open","ping_status":"closed","template":"","meta":[],"product_brand":[],"product_cat":[352,407,364],"product_tag":[],"class_list":{"0":"post-1587","1":"product","2":"type-product","3":"status-publish","4":"has-post-thumbnail","6":"product_cat-destete","7":"product_cat-a1","8":"product_cat-bebederos-destete","10":"first","11":"instock","12":"shipping-taxable","13":"purchasable","14":"product-type-variable"},"_links":{"self":[{"href":"https:\/\/www.porinox.com\/fr\/wp-json\/wp\/v2\/product\/1587","targetHints":{"allow":["GET"]}}],"collection":[{"href":"https:\/\/www.porinox.com\/fr\/wp-json\/wp\/v2\/product"}],"about":[{"href":"https:\/\/www.porinox.com\/fr\/wp-json\/wp\/v2\/types\/product"}],"replies":[{"embeddable":true,"href":"https:\/\/www.porinox.com\/fr\/wp-json\/wp\/v2\/comments?post=1587"}],"version-history":[{"count":0,"href":"https:\/\/www.porinox.com\/fr\/wp-json\/wp\/v2\/product\/1587\/revisions"}],"wp:featuredmedia":[{"embeddable":true,"href":"https:\/\/www.porinox.com\/fr\/wp-json\/wp\/v2\/media\/18681"}],"wp:attachment":[{"href":"https:\/\/www.porinox.com\/fr\/wp-json\/wp\/v2\/media?parent=1587"}],"wp:term":[{"taxonomy":"product_brand","embeddable":true,"href":"https:\/\/www.porinox.com\/fr\/wp-json\/wp\/v2\/product_brand?post=1587"},{"taxonomy":"product_cat","embeddable":true,"href":"https:\/\/www.porinox.com\/fr\/wp-json\/wp\/v2\/product_cat?post=1587"},{"taxonomy":"product_tag","embeddable":true,"href":"https:\/\/www.porinox.com\/fr\/wp-json\/wp\/v2\/product_tag?post=1587"}],"curies":[{"name":"wp","href":"https:\/\/api.w.org\/{rel}","templated":true}]}}