{"id":1585,"date":"2019-12-18T16:44:41","date_gmt":"2019-12-18T16:44:41","guid":{"rendered":"http:\/\/porinox.com\/product\/import-placeholder-for-1807\/"},"modified":"2026-01-19T14:47:21","modified_gmt":"2026-01-19T13:47:21","slug":"tremie-de-sevrage-serie-lineaire-en-acier-inoxydable-double","status":"publish","type":"product","link":"https:\/\/www.porinox.com\/fr\/producto\/destete-tolva-serie-lineal-inox-doble\/","title":{"rendered":"DOUBLE TR\u00c9MIE LIN\u00c9AIRE"},"content":{"rendered":"<p>Le\u00a0<strong>Tr\u00e9mies lin\u00e9aires doubles<\/strong>\u00a0pour l'alimentation s\u00e8che au sevrage sont enti\u00e8rement fabriqu\u00e9s en t\u00f4le d'acier inoxydable AISI 304.<\/p>\n<p>Estas tolvas est\u00e1n disponibles en distintas medidas lineales, que van de <strong>6 \u00e0 24 bouches<\/strong>\u00a0de alimentaci\u00f3n.<\/p>\n<p>Este modelo de acceso doble (por dos caras: frontal i posterior) est\u00e1 dise\u00f1ado para alimentar a dos corrales a la vez.<\/p>\n<p>La cantidad de pienso a subministrar se regula de forma f\u00e1cil mediante la\u00a0<strong>bouton de r\u00e9glage du d\u00e9bit<\/strong>\u00a0qui offre\u00a0<strong>25 positions<\/strong> posibles, de forma independiente en cada lado.<\/p>\n<p>L'alimentation peut \u00eatre assur\u00e9e par n'importe quel type de syst\u00e8me d'alimentation \u00e0 sec, qu'il soit automatique ou manuel.<\/p>","protected":false},"excerpt":{"rendered":"<p>La tolva lineal, fabricada completamente en INOX, para destete, proporciona una alimentaci\u00f3n en seco, f\u00e1cil de manejar por la parte frontal. El caudal de pienso se regula de forma c\u00f3moda y accesible en 25 niveles. Acceso de los animales por ambas caras. Disponible de 3 a 10 bocas de alimentaci\u00f3n. Se puede subministrar el pienso a trav\u00e9s de cualquier tipo de sistema de alimentaci\u00f3n seca, tanto autom\u00e1tico como manual.<\/p>\n<p><em>Ref. 000.147.290<\/em><\/p>","protected":false},"featured_media":18650,"comment_status":"open","ping_status":"closed","template":"","meta":[],"product_brand":[],"product_cat":[352,363,362],"product_tag":[],"class_list":{"0":"post-1585","1":"product","2":"type-product","3":"status-publish","4":"has-post-thumbnail","6":"product_cat-destete","7":"product_cat-lineal","8":"product_cat-tolvas","10":"first","11":"instock","12":"shipping-taxable","13":"purchasable","14":"product-type-variable"},"_links":{"self":[{"href":"https:\/\/www.porinox.com\/fr\/wp-json\/wp\/v2\/product\/1585","targetHints":{"allow":["GET"]}}],"collection":[{"href":"https:\/\/www.porinox.com\/fr\/wp-json\/wp\/v2\/product"}],"about":[{"href":"https:\/\/www.porinox.com\/fr\/wp-json\/wp\/v2\/types\/product"}],"replies":[{"embeddable":true,"href":"https:\/\/www.porinox.com\/fr\/wp-json\/wp\/v2\/comments?post=1585"}],"version-history":[{"count":0,"href":"https:\/\/www.porinox.com\/fr\/wp-json\/wp\/v2\/product\/1585\/revisions"}],"wp:featuredmedia":[{"embeddable":true,"href":"https:\/\/www.porinox.com\/fr\/wp-json\/wp\/v2\/media\/18650"}],"wp:attachment":[{"href":"https:\/\/www.porinox.com\/fr\/wp-json\/wp\/v2\/media?parent=1585"}],"wp:term":[{"taxonomy":"product_brand","embeddable":true,"href":"https:\/\/www.porinox.com\/fr\/wp-json\/wp\/v2\/product_brand?post=1585"},{"taxonomy":"product_cat","embeddable":true,"href":"https:\/\/www.porinox.com\/fr\/wp-json\/wp\/v2\/product_cat?post=1585"},{"taxonomy":"product_tag","embeddable":true,"href":"https:\/\/www.porinox.com\/fr\/wp-json\/wp\/v2\/product_tag?post=1585"}],"curies":[{"name":"wp","href":"https:\/\/api.w.org\/{rel}","templated":true}]}}