{"id":1583,"date":"2019-12-18T16:44:40","date_gmt":"2019-12-18T15:44:40","guid":{"rendered":"http:\/\/porinox.com\/product\/import-placeholder-for-1934\/"},"modified":"2026-01-19T14:39:27","modified_gmt":"2026-01-19T13:39:27","slug":"tremie-de-sevrage-en-acier-inoxydable-serie-lineaire-simple","status":"publish","type":"product","link":"https:\/\/www.porinox.com\/fr\/producto\/destete-tolva-serie-lineal-inox-simple\/","title":{"rendered":"TR\u00c9MIE LIN\u00c9AIRE UNIQUE"},"content":{"rendered":"<h4>Le <strong>Tr\u00e9mies lin\u00e9aires simples<\/strong> pour l'alimentation s\u00e8che au sevrage sont enti\u00e8rement fabriqu\u00e9s en t\u00f4le d'acier inoxydable AISI 304.<\/h4>\n<p>Ce mod\u00e8le \u00e0 entr\u00e9e unique (face avant uniquement) est disponible en diff\u00e9rentes tailles lin\u00e9aires allant de <strong>3 \u00e0 10 bouches<\/strong> de alimentaci\u00f3n.<\/p>\n<p>La cantidad de pienso a subministrar se regula de forma f\u00e1cil mediante la <strong>bouton de r\u00e9glage du d\u00e9bit<\/strong> qui offre <strong>25 positions<\/strong> posibles.<\/p>\n<p>L'alimentation peut \u00eatre assur\u00e9e par n'importe quel type de syst\u00e8me d'alimentation \u00e0 sec, qu'il soit automatique ou manuel.<\/p>","protected":false},"excerpt":{"rendered":"<h4>Le <strong>Tr\u00e9mies lin\u00e9aires simples<\/strong> pour l'alimentation s\u00e8che au sevrage sont enti\u00e8rement fabriqu\u00e9s en t\u00f4le d'acier inoxydable AISI 304.<\/h4>\n<p>Ce mod\u00e8le \u00e0 entr\u00e9e unique (face avant uniquement) est disponible en diff\u00e9rentes tailles lin\u00e9aires allant de <strong>3 \u00e0 10 bouches<\/strong> de alimentaci\u00f3n.<\/p>\n<p>La cantidad de pienso a subministrar se regula de forma f\u00e1cil mediante la <strong>bouton de r\u00e9glage du d\u00e9bit<\/strong> qui offre <strong>25 positions<\/strong> posibles.<\/p>\n<p>L'alimentation peut \u00eatre assur\u00e9e par n'importe quel type de syst\u00e8me d'alimentation \u00e0 sec, qu'il soit automatique ou manuel.<\/p>\n<p><em>Ref. 000.147.100<\/em><\/p>","protected":false},"featured_media":18661,"comment_status":"open","ping_status":"closed","template":"","meta":[],"product_brand":[],"product_cat":[352,363,362],"product_tag":[],"class_list":{"0":"post-1583","1":"product","2":"type-product","3":"status-publish","4":"has-post-thumbnail","6":"product_cat-destete","7":"product_cat-lineal","8":"product_cat-tolvas","10":"first","11":"instock","12":"shipping-taxable","13":"purchasable","14":"product-type-variable"},"_links":{"self":[{"href":"https:\/\/www.porinox.com\/fr\/wp-json\/wp\/v2\/product\/1583","targetHints":{"allow":["GET"]}}],"collection":[{"href":"https:\/\/www.porinox.com\/fr\/wp-json\/wp\/v2\/product"}],"about":[{"href":"https:\/\/www.porinox.com\/fr\/wp-json\/wp\/v2\/types\/product"}],"replies":[{"embeddable":true,"href":"https:\/\/www.porinox.com\/fr\/wp-json\/wp\/v2\/comments?post=1583"}],"version-history":[{"count":0,"href":"https:\/\/www.porinox.com\/fr\/wp-json\/wp\/v2\/product\/1583\/revisions"}],"wp:featuredmedia":[{"embeddable":true,"href":"https:\/\/www.porinox.com\/fr\/wp-json\/wp\/v2\/media\/18661"}],"wp:attachment":[{"href":"https:\/\/www.porinox.com\/fr\/wp-json\/wp\/v2\/media?parent=1583"}],"wp:term":[{"taxonomy":"product_brand","embeddable":true,"href":"https:\/\/www.porinox.com\/fr\/wp-json\/wp\/v2\/product_brand?post=1583"},{"taxonomy":"product_cat","embeddable":true,"href":"https:\/\/www.porinox.com\/fr\/wp-json\/wp\/v2\/product_cat?post=1583"},{"taxonomy":"product_tag","embeddable":true,"href":"https:\/\/www.porinox.com\/fr\/wp-json\/wp\/v2\/product_tag?post=1583"}],"curies":[{"name":"wp","href":"https:\/\/api.w.org\/{rel}","templated":true}]}}