{"id":1579,"date":"2019-12-18T16:44:40","date_gmt":"2019-12-18T16:44:40","guid":{"rendered":"http:\/\/porinox.com\/product\/import-placeholder-for-2142\/"},"modified":"2025-10-10T09:04:41","modified_gmt":"2025-10-10T07:04:41","slug":"panneau-de-cellulose","status":"publish","type":"product","link":"https:\/\/www.porinox.com\/fr\/producto\/panel-de-celulosa\/","title":{"rendered":"PANEL DE CELULOSA 15"},"content":{"rendered":"<h5>Le <strong>panneau de cellulose<\/strong> est con\u00e7u pour les syst\u00e8mes de r\u00e9frig\u00e9ration et offre diff\u00e9rentes tailles pour s'adapter aux diff\u00e9rents mod\u00e8les.<\/h5>\n<p>Fabriqu\u00e9 en cellulose, il est disponible en trois tailles : 60 cm de large x 100 cm de haut x 15 cm de profondeur, 60 cm de large x 150 cm de haut x 15 cm de profondeur, et 60 cm de large x 200 cm de haut x 15 cm de profondeur. Ce panneau offre une efficacit\u00e9 de saturation et une perte de pression sup\u00e9rieures \u00e0 celles des panneaux de moindre \u00e9paisseur.<\/p>","protected":false},"excerpt":{"rendered":"<p>Despu\u00e9s de muchos a\u00f1os de experiencia en el sector de refrigeraci\u00f3n por evaporaci\u00f3n, Porinox ha optado por obtener su propio panel evaporativo.<\/p>\n<p>El panel distribuido por Porinox est\u00e1 fabricado y producido seg\u00fan sus estrictos est\u00e1ndares de calidad.<\/p>\n<p>El dise\u00f1o y los materiales empleados para su elaboraci\u00f3n han sido debidamente testados y sometidos a pruebas de esfuerzo y durabilidad, para poder asegurar as\u00ed una larga vida \u00fatil.<\/p>\n<p>La direcci\u00f3n del flujo de aire que circula a trav\u00e9s del panel lo determina el dise\u00f1o de las lamas que lo constituyen. Este dise\u00f1o y distribuci\u00f3n de las lamas nos aseguran que el panel ofrecido por Porinox tenga un elevado rendimiento.<\/p>\n<p>Los paneles evaporativos se pueden aplicar en el sector ganadero, alimentario e industrial.<\/p>\n<p>Ref. <strong>10-100:<\/strong> 000.137.311<\/p>\n<p><strong>10-150:<\/strong> 000.137.315<\/p>\n<p><strong>10-200:<\/strong> 000.137.312<\/p>\n<p><strong>15-100:<\/strong> 000.137.351<\/p>\n<p><strong>15-150:<\/strong> 000.137.355<\/p>\n<p><strong>15-200:<\/strong> 000.137.352<\/p>","protected":false},"featured_media":19972,"comment_status":"open","ping_status":"closed","template":"","meta":[],"product_brand":[],"product_cat":[393,358],"product_tag":[],"class_list":{"0":"post-1579","1":"product","2":"type-product","3":"status-publish","4":"has-post-thumbnail","6":"product_cat-complementos-de-refrigeracion","7":"product_cat-refrigeracion","9":"first","10":"instock","11":"shipping-taxable","12":"purchasable","13":"product-type-variable"},"_links":{"self":[{"href":"https:\/\/www.porinox.com\/fr\/wp-json\/wp\/v2\/product\/1579","targetHints":{"allow":["GET"]}}],"collection":[{"href":"https:\/\/www.porinox.com\/fr\/wp-json\/wp\/v2\/product"}],"about":[{"href":"https:\/\/www.porinox.com\/fr\/wp-json\/wp\/v2\/types\/product"}],"replies":[{"embeddable":true,"href":"https:\/\/www.porinox.com\/fr\/wp-json\/wp\/v2\/comments?post=1579"}],"version-history":[{"count":0,"href":"https:\/\/www.porinox.com\/fr\/wp-json\/wp\/v2\/product\/1579\/revisions"}],"wp:featuredmedia":[{"embeddable":true,"href":"https:\/\/www.porinox.com\/fr\/wp-json\/wp\/v2\/media\/19972"}],"wp:attachment":[{"href":"https:\/\/www.porinox.com\/fr\/wp-json\/wp\/v2\/media?parent=1579"}],"wp:term":[{"taxonomy":"product_brand","embeddable":true,"href":"https:\/\/www.porinox.com\/fr\/wp-json\/wp\/v2\/product_brand?post=1579"},{"taxonomy":"product_cat","embeddable":true,"href":"https:\/\/www.porinox.com\/fr\/wp-json\/wp\/v2\/product_cat?post=1579"},{"taxonomy":"product_tag","embeddable":true,"href":"https:\/\/www.porinox.com\/fr\/wp-json\/wp\/v2\/product_tag?post=1579"}],"curies":[{"name":"wp","href":"https:\/\/api.w.org\/{rel}","templated":true}]}}