{"id":15764,"date":"2023-08-08T12:35:23","date_gmt":"2023-08-08T11:35:23","guid":{"rendered":"http:\/\/porinox.com\/?post_type=product&#038;p=15764"},"modified":"2025-11-06T08:01:43","modified_gmt":"2025-11-06T07:01:43","slug":"amenagements-1m-dengraissement","status":"publish","type":"product","link":"https:\/\/www.porinox.com\/fr\/producto\/herrajes-1m-engorde\/","title":{"rendered":"LES DISPOSITIFS D'ENGRAISSEMENT LONGITUDINAUX"},"content":{"rendered":"<p>Le <strong>les dispositifs d'engraissement longitudinaux<\/strong> sont con\u00e7us pour s\u00e9curiser les panneaux et les cl\u00f4tures dans les parcs d'engraissement. Fabriqu\u00e9s en acier inoxydable 304, ils offrent durabilit\u00e9 et r\u00e9sistance. Les options comprennent diff\u00e9rentes r\u00e9f\u00e9rences et tailles telles que \u00abU FIX\u00c9 2 PANNEAUX\u00bb, \u00abL FIX\u00c9 2 PANNEAUX\u00bb, \u00abT FIX\u00c9 2 PANNEAUX\u00bb, entre autres, avec des dimensions sp\u00e9cifiques variant en largeur, en hauteur et en profondeur pour r\u00e9pondre aux diff\u00e9rents besoins d'installation.<\/p>","protected":false},"excerpt":{"rendered":"<p>Los herrajes longitudinales de engorde de Porinox est\u00e1n dise\u00f1ados para asegurar paneles y vallas en instalaciones de engorde. Fabricados en acero inoxidable 304, ofrecen durabilidad y resistencia. Las opciones incluyen diferentes referencias y tama\u00f1os como \u00abU FIJA 2 PANELES\u00bb, \u00abL FIJA 2 PANELES\u00bb, \u00abT FIJA 2 PANELES\u00bb, entre otros, con dimensiones espec\u00edficas que var\u00edan en [&hellip;]<\/p>\n","protected":false},"featured_media":23405,"comment_status":"open","ping_status":"closed","template":"","meta":[],"product_brand":[],"product_cat":[353,427,371],"product_tag":[],"class_list":{"0":"post-15764","1":"product","2":"type-product","3":"status-publish","4":"has-post-thumbnail","6":"product_cat-engorde","7":"product_cat-herrajes-engorde","8":"product_cat-puertas-y-vallas","10":"first","11":"instock","12":"shipping-taxable","13":"product-type-simple"},"_links":{"self":[{"href":"https:\/\/www.porinox.com\/fr\/wp-json\/wp\/v2\/product\/15764","targetHints":{"allow":["GET"]}}],"collection":[{"href":"https:\/\/www.porinox.com\/fr\/wp-json\/wp\/v2\/product"}],"about":[{"href":"https:\/\/www.porinox.com\/fr\/wp-json\/wp\/v2\/types\/product"}],"replies":[{"embeddable":true,"href":"https:\/\/www.porinox.com\/fr\/wp-json\/wp\/v2\/comments?post=15764"}],"version-history":[{"count":0,"href":"https:\/\/www.porinox.com\/fr\/wp-json\/wp\/v2\/product\/15764\/revisions"}],"wp:featuredmedia":[{"embeddable":true,"href":"https:\/\/www.porinox.com\/fr\/wp-json\/wp\/v2\/media\/23405"}],"wp:attachment":[{"href":"https:\/\/www.porinox.com\/fr\/wp-json\/wp\/v2\/media?parent=15764"}],"wp:term":[{"taxonomy":"product_brand","embeddable":true,"href":"https:\/\/www.porinox.com\/fr\/wp-json\/wp\/v2\/product_brand?post=15764"},{"taxonomy":"product_cat","embeddable":true,"href":"https:\/\/www.porinox.com\/fr\/wp-json\/wp\/v2\/product_cat?post=15764"},{"taxonomy":"product_tag","embeddable":true,"href":"https:\/\/www.porinox.com\/fr\/wp-json\/wp\/v2\/product_tag?post=15764"}],"curies":[{"name":"wp","href":"https:\/\/api.w.org\/{rel}","templated":true}]}}