{"id":1576,"date":"2019-12-18T16:44:39","date_gmt":"2019-12-18T16:44:39","guid":{"rendered":"http:\/\/porinox.com\/product\/import-placeholder-for-2149\/"},"modified":"2025-03-28T11:38:39","modified_gmt":"2025-03-28T10:38:39","slug":"panneau-en-plastique-cellulosique","status":"publish","type":"product","link":"https:\/\/www.porinox.com\/fr\/producto\/panel-de-celulosa-plastica\/","title":{"rendered":"PANNEAU EN PLASTIQUE CELLULOSIQUE"},"content":{"rendered":"<h4><strong>Panneau en plastique cellulosique pour la r\u00e9frig\u00e9ration<\/strong><\/h4>\n<p>Panneau en plastique cellulosique disponible en diff\u00e9rentes tailles pour s'adapter \u00e0 tous les mod\u00e8les de r\u00e9frig\u00e9ration.<\/p>","protected":false},"excerpt":{"rendered":"<p>Panel evaporativo de pl\u00e1stico.<\/p>\n<p>3 medidas disponibles disponibles:<\/p>\n<ul>\n<li>Altura de 100cm <em>Ref. 000.137.331<\/em><\/li>\n<li>Altura de 100cm <em>Ref. 000.137.335<\/em><\/li>\n<li>Altura de 100cm <em>Ref. 000.137.332<\/em><\/li>\n<\/ul>","protected":false},"featured_media":19974,"comment_status":"open","ping_status":"closed","template":"","meta":[],"product_brand":[],"product_cat":[393,358],"product_tag":[],"class_list":{"0":"post-1576","1":"product","2":"type-product","3":"status-publish","4":"has-post-thumbnail","6":"product_cat-complementos-de-refrigeracion","7":"product_cat-refrigeracion","9":"first","10":"instock","11":"shipping-taxable","12":"purchasable","13":"product-type-variable"},"_links":{"self":[{"href":"https:\/\/www.porinox.com\/fr\/wp-json\/wp\/v2\/product\/1576","targetHints":{"allow":["GET"]}}],"collection":[{"href":"https:\/\/www.porinox.com\/fr\/wp-json\/wp\/v2\/product"}],"about":[{"href":"https:\/\/www.porinox.com\/fr\/wp-json\/wp\/v2\/types\/product"}],"replies":[{"embeddable":true,"href":"https:\/\/www.porinox.com\/fr\/wp-json\/wp\/v2\/comments?post=1576"}],"version-history":[{"count":0,"href":"https:\/\/www.porinox.com\/fr\/wp-json\/wp\/v2\/product\/1576\/revisions"}],"wp:featuredmedia":[{"embeddable":true,"href":"https:\/\/www.porinox.com\/fr\/wp-json\/wp\/v2\/media\/19974"}],"wp:attachment":[{"href":"https:\/\/www.porinox.com\/fr\/wp-json\/wp\/v2\/media?parent=1576"}],"wp:term":[{"taxonomy":"product_brand","embeddable":true,"href":"https:\/\/www.porinox.com\/fr\/wp-json\/wp\/v2\/product_brand?post=1576"},{"taxonomy":"product_cat","embeddable":true,"href":"https:\/\/www.porinox.com\/fr\/wp-json\/wp\/v2\/product_cat?post=1576"},{"taxonomy":"product_tag","embeddable":true,"href":"https:\/\/www.porinox.com\/fr\/wp-json\/wp\/v2\/product_tag?post=1576"}],"curies":[{"name":"wp","href":"https:\/\/api.w.org\/{rel}","templated":true}]}}