{"id":15737,"date":"2023-08-08T10:55:48","date_gmt":"2023-08-08T09:55:48","guid":{"rendered":"http:\/\/porinox.com\/?post_type=product&#038;p=15737"},"modified":"2024-07-30T10:43:46","modified_gmt":"2024-07-30T08:43:46","slug":"parentheses-dengraissement","status":"publish","type":"product","link":"https:\/\/www.porinox.com\/fr\/producto\/escuadras-engorde\/","title":{"rendered":"PARENTH\u00c8SES D'ENGRAISSEMENT"},"content":{"rendered":"<p>Le <strong>parenth\u00e8ses d'engraissement<\/strong> de Porinox sont con\u00e7us pour assurer le soutien et la stabilit\u00e9 des installations d'engraissement. Fabriqu\u00e9s en acier inoxydable 304, ils garantissent la durabilit\u00e9 et la r\u00e9sistance \u00e0 la corrosion. Ces supports sont disponibles en diff\u00e9rentes dimensions et \u00e9paisseurs, telles que 120x120x40 mm, 110x110x30 mm et 170x110x30 mm, avec des \u00e9paisseurs de 3 mm et 4 mm, s'adaptant ainsi aux diff\u00e9rents besoins structurels.<\/p>","protected":false},"excerpt":{"rendered":"<p>Las escuadras de engorde de Porinox est\u00e1n dise\u00f1adas para proporcionar soporte y estabilidad en instalaciones de engorde. Fabricadas en acero inoxidable 304, garantizan durabilidad y resistencia a la corrosi\u00f3n. Estas escuadras est\u00e1n disponibles en diversas dimensiones y espesores, como 120x120x40 mm, 110x110x30 mm, y 170x110x30 mm, con espesores de 3 mm y 4 mm, adecu\u00e1ndose [&hellip;]<\/p>\n","protected":false},"featured_media":17247,"comment_status":"open","ping_status":"closed","template":"","meta":[],"product_brand":[],"product_cat":[353,427,371],"product_tag":[],"class_list":{"0":"post-15737","1":"product","2":"type-product","3":"status-publish","4":"has-post-thumbnail","6":"product_cat-engorde","7":"product_cat-herrajes-engorde","8":"product_cat-puertas-y-vallas","10":"first","11":"instock","12":"shipping-taxable","13":"product-type-simple"},"_links":{"self":[{"href":"https:\/\/www.porinox.com\/fr\/wp-json\/wp\/v2\/product\/15737","targetHints":{"allow":["GET"]}}],"collection":[{"href":"https:\/\/www.porinox.com\/fr\/wp-json\/wp\/v2\/product"}],"about":[{"href":"https:\/\/www.porinox.com\/fr\/wp-json\/wp\/v2\/types\/product"}],"replies":[{"embeddable":true,"href":"https:\/\/www.porinox.com\/fr\/wp-json\/wp\/v2\/comments?post=15737"}],"version-history":[{"count":0,"href":"https:\/\/www.porinox.com\/fr\/wp-json\/wp\/v2\/product\/15737\/revisions"}],"wp:featuredmedia":[{"embeddable":true,"href":"https:\/\/www.porinox.com\/fr\/wp-json\/wp\/v2\/media\/17247"}],"wp:attachment":[{"href":"https:\/\/www.porinox.com\/fr\/wp-json\/wp\/v2\/media?parent=15737"}],"wp:term":[{"taxonomy":"product_brand","embeddable":true,"href":"https:\/\/www.porinox.com\/fr\/wp-json\/wp\/v2\/product_brand?post=15737"},{"taxonomy":"product_cat","embeddable":true,"href":"https:\/\/www.porinox.com\/fr\/wp-json\/wp\/v2\/product_cat?post=15737"},{"taxonomy":"product_tag","embeddable":true,"href":"https:\/\/www.porinox.com\/fr\/wp-json\/wp\/v2\/product_tag?post=15737"}],"curies":[{"name":"wp","href":"https:\/\/api.w.org\/{rel}","templated":true}]}}