{"id":15700,"date":"2023-08-07T11:27:26","date_gmt":"2023-08-07T10:27:26","guid":{"rendered":"http:\/\/porinox.com\/?post_type=product&#038;p=15700"},"modified":"2024-07-29T15:58:22","modified_gmt":"2024-07-29T13:58:22","slug":"ac-4-auge-de-mise-bas","status":"publish","type":"product","link":"https:\/\/www.porinox.com\/fr\/producto\/comedero-parideras-ac-4\/","title":{"rendered":"AC-4 BAC DE MISE BAS"},"content":{"rendered":"<p>Alimentateur sp\u00e9cialement con\u00e7u pour les\u00a0<strong>l'alimentation liquide des porcelets<\/strong>, avec une bouche facilement accessible pour que toute la port\u00e9e puisse manger. Fabriqu\u00e9 sans ar\u00eates vives, pour \u00e9viter de blesser les animaux, et assembl\u00e9 par soudure robotis\u00e9e pour garantir l'\u00e9tanch\u00e9it\u00e9 et \u00e9viter les fuites d'eau. Son syst\u00e8me de pivotement manuel permet de l'incliner verticalement pour faciliter le nettoyage. Il s'actionne d'une seule main pour faciliter la t\u00e2che et lorsqu'il est termin\u00e9, il revient \u00e0 sa position initiale et se bloque pour que les animaux ne puissent pas le d\u00e9placer.<\/p>","protected":false},"excerpt":{"rendered":"<p>Comedero dise\u00f1ado especialmente para la\u00a0alimentaci\u00f3n l\u00edquida de los lechones, con una boca f\u00e1cilmente accesible para que pueda comer toda la camada. Fabricado sin bordes afilados, para evitar lesionar a los animales, y ensamblado con soldadura robotizada para garantizar la estanqueidad y evitar fugas de agua. Su sistema de giro manual permite bascularlo en posici\u00f3n vertical [&hellip;]<\/p>\n","protected":false},"featured_media":19848,"comment_status":"open","ping_status":"closed","template":"","meta":[],"product_brand":[],"product_cat":[374,354],"product_tag":[],"class_list":{"0":"post-15700","1":"product","2":"type-product","3":"status-publish","4":"has-post-thumbnail","6":"product_cat-comederos-maternidad-y-parideras","7":"product_cat-maternidad-y-parideras","9":"first","10":"instock","11":"shipping-taxable","12":"product-type-simple"},"_links":{"self":[{"href":"https:\/\/www.porinox.com\/fr\/wp-json\/wp\/v2\/product\/15700","targetHints":{"allow":["GET"]}}],"collection":[{"href":"https:\/\/www.porinox.com\/fr\/wp-json\/wp\/v2\/product"}],"about":[{"href":"https:\/\/www.porinox.com\/fr\/wp-json\/wp\/v2\/types\/product"}],"replies":[{"embeddable":true,"href":"https:\/\/www.porinox.com\/fr\/wp-json\/wp\/v2\/comments?post=15700"}],"version-history":[{"count":0,"href":"https:\/\/www.porinox.com\/fr\/wp-json\/wp\/v2\/product\/15700\/revisions"}],"wp:featuredmedia":[{"embeddable":true,"href":"https:\/\/www.porinox.com\/fr\/wp-json\/wp\/v2\/media\/19848"}],"wp:attachment":[{"href":"https:\/\/www.porinox.com\/fr\/wp-json\/wp\/v2\/media?parent=15700"}],"wp:term":[{"taxonomy":"product_brand","embeddable":true,"href":"https:\/\/www.porinox.com\/fr\/wp-json\/wp\/v2\/product_brand?post=15700"},{"taxonomy":"product_cat","embeddable":true,"href":"https:\/\/www.porinox.com\/fr\/wp-json\/wp\/v2\/product_cat?post=15700"},{"taxonomy":"product_tag","embeddable":true,"href":"https:\/\/www.porinox.com\/fr\/wp-json\/wp\/v2\/product_tag?post=15700"}],"curies":[{"name":"wp","href":"https:\/\/api.w.org\/{rel}","templated":true}]}}