{"id":15693,"date":"2023-08-07T11:16:13","date_gmt":"2023-08-07T10:16:13","guid":{"rendered":"http:\/\/porinox.com\/?post_type=product&#038;p=15693"},"modified":"2024-07-17T15:47:43","modified_gmt":"2024-07-17T13:47:43","slug":"ac-5-auge-de-mise-bas","status":"publish","type":"product","link":"https:\/\/www.porinox.com\/fr\/producto\/comedero-parideras-ac-5\/","title":{"rendered":"AC-5 BAC DE MISE BAS"},"content":{"rendered":"<p>Alimentateur sp\u00e9cialement con\u00e7u pour les <strong>l'alimentation liquide des porcelets<\/strong>, con una boca f\u00e1cilmente accesible para que pueda comer toda la camada. Fabricado sin bordes afilados, para evitar lesionar a los animales, y ensamblado con soldadura robotizada para garantizar la estanqueidad y evitar fugas de agua.<\/p>\n<p>Su sistema de giro manual permite bascularlo en posici\u00f3n vertical para facilitar la limpieza. Accionado con una sola mano para facilitar la tarea y en terminar vuelve posici\u00f3n inicial y queda bloqueado para que los animales no puedan moverlo.<\/p>\n<p>&nbsp;<\/p>","protected":false},"excerpt":{"rendered":"<p>Comedero dise\u00f1ado especialmente para la alimentaci\u00f3n l\u00edquida de los lechones, con una boca f\u00e1cilmente accesible para que pueda comer toda la camada. Fabricado sin bordes afilados, para evitar lesionar a los animales, y ensamblado con soldadura robotizada para garantizar la estanqueidad y evitar fugas de agua. Su sistema de giro manual permite bascularlo en posici\u00f3n [&hellip;]<\/p>\n","protected":false},"featured_media":19843,"comment_status":"open","ping_status":"closed","template":"","meta":[],"product_brand":[],"product_cat":[374,354],"product_tag":[],"class_list":{"0":"post-15693","1":"product","2":"type-product","3":"status-publish","4":"has-post-thumbnail","6":"product_cat-comederos-maternidad-y-parideras","7":"product_cat-maternidad-y-parideras","9":"first","10":"instock","11":"shipping-taxable","12":"product-type-simple"},"_links":{"self":[{"href":"https:\/\/www.porinox.com\/fr\/wp-json\/wp\/v2\/product\/15693","targetHints":{"allow":["GET"]}}],"collection":[{"href":"https:\/\/www.porinox.com\/fr\/wp-json\/wp\/v2\/product"}],"about":[{"href":"https:\/\/www.porinox.com\/fr\/wp-json\/wp\/v2\/types\/product"}],"replies":[{"embeddable":true,"href":"https:\/\/www.porinox.com\/fr\/wp-json\/wp\/v2\/comments?post=15693"}],"version-history":[{"count":0,"href":"https:\/\/www.porinox.com\/fr\/wp-json\/wp\/v2\/product\/15693\/revisions"}],"wp:featuredmedia":[{"embeddable":true,"href":"https:\/\/www.porinox.com\/fr\/wp-json\/wp\/v2\/media\/19843"}],"wp:attachment":[{"href":"https:\/\/www.porinox.com\/fr\/wp-json\/wp\/v2\/media?parent=15693"}],"wp:term":[{"taxonomy":"product_brand","embeddable":true,"href":"https:\/\/www.porinox.com\/fr\/wp-json\/wp\/v2\/product_brand?post=15693"},{"taxonomy":"product_cat","embeddable":true,"href":"https:\/\/www.porinox.com\/fr\/wp-json\/wp\/v2\/product_cat?post=15693"},{"taxonomy":"product_tag","embeddable":true,"href":"https:\/\/www.porinox.com\/fr\/wp-json\/wp\/v2\/product_tag?post=15693"}],"curies":[{"name":"wp","href":"https:\/\/api.w.org\/{rel}","templated":true}]}}