{"id":15654,"date":"2023-08-07T07:21:41","date_gmt":"2023-08-07T06:21:41","guid":{"rendered":"http:\/\/porinox.com\/?post_type=product&#038;p=15654"},"modified":"2024-07-29T15:13:38","modified_gmt":"2024-07-29T13:13:38","slug":"jouet-dequilibre-amusant-en-forme-de-cochon","status":"publish","type":"product","link":"https:\/\/www.porinox.com\/fr\/producto\/juguete-pig-fun-balance\/","title":{"rendered":"JOUET D'ENGRAISSEMENT PIG FUN BALANCE"},"content":{"rendered":"<p>Afin de garantir une <strong>une meilleure qualit\u00e9 de vie pour les animaux<\/strong>, Porinox a d\u00e9velopp\u00e9 une famille de produits pour le bien-\u00eatre des animaux.<br \/>\nCes produits sont compatibles entre eux et partagent des caract\u00e9ristiques communes. Ils sont con\u00e7us pour r\u00e9pondre aux besoins des animaux et des animaux de compagnie.<strong> r\u00e9duire leur niveau de stress<\/strong>, Le nouveau, adaptable \u00e0 tout type d'installation et facile \u00e0 assembler.<\/p>","protected":false},"excerpt":{"rendered":"<p>Pour assurer une meilleure qualit\u00e9 de vie aux animaux, Porinox a d\u00e9velopp\u00e9 une famille de produits pour le bien-\u00eatre animal. Ces produits sont compatibles entre eux et partagent des caract\u00e9ristiques communes, con\u00e7ues pour r\u00e9pondre aux besoins des animaux et r\u00e9duire leur niveau de stress, adaptables \u00e0 tout type d'installation et faciles \u00e0 assembler.<\/p>","protected":false},"featured_media":19206,"comment_status":"open","ping_status":"closed","template":"","meta":[],"product_brand":[],"product_cat":[353,372],"product_tag":[],"class_list":{"0":"post-15654","1":"product","2":"type-product","3":"status-publish","4":"has-post-thumbnail","6":"product_cat-engorde","7":"product_cat-juguetes-engorde","9":"first","10":"instock","11":"shipping-taxable","12":"product-type-simple"},"_links":{"self":[{"href":"https:\/\/www.porinox.com\/fr\/wp-json\/wp\/v2\/product\/15654","targetHints":{"allow":["GET"]}}],"collection":[{"href":"https:\/\/www.porinox.com\/fr\/wp-json\/wp\/v2\/product"}],"about":[{"href":"https:\/\/www.porinox.com\/fr\/wp-json\/wp\/v2\/types\/product"}],"replies":[{"embeddable":true,"href":"https:\/\/www.porinox.com\/fr\/wp-json\/wp\/v2\/comments?post=15654"}],"version-history":[{"count":0,"href":"https:\/\/www.porinox.com\/fr\/wp-json\/wp\/v2\/product\/15654\/revisions"}],"wp:featuredmedia":[{"embeddable":true,"href":"https:\/\/www.porinox.com\/fr\/wp-json\/wp\/v2\/media\/19206"}],"wp:attachment":[{"href":"https:\/\/www.porinox.com\/fr\/wp-json\/wp\/v2\/media?parent=15654"}],"wp:term":[{"taxonomy":"product_brand","embeddable":true,"href":"https:\/\/www.porinox.com\/fr\/wp-json\/wp\/v2\/product_brand?post=15654"},{"taxonomy":"product_cat","embeddable":true,"href":"https:\/\/www.porinox.com\/fr\/wp-json\/wp\/v2\/product_cat?post=15654"},{"taxonomy":"product_tag","embeddable":true,"href":"https:\/\/www.porinox.com\/fr\/wp-json\/wp\/v2\/product_tag?post=15654"}],"curies":[{"name":"wp","href":"https:\/\/api.w.org\/{rel}","templated":true}]}}