{"id":15652,"date":"2023-08-07T07:01:06","date_gmt":"2023-08-07T05:01:06","guid":{"rendered":"http:\/\/porinox.com\/?post_type=product&#038;p=15652"},"modified":"2026-01-29T14:46:49","modified_gmt":"2026-01-29T13:46:49","slug":"cloture-ventilee-avec-trous","status":"publish","type":"product","link":"https:\/\/www.porinox.com\/fr\/producto\/valla-ventilada-con-agujeros\/","title":{"rendered":"CL\u00d4TURE VENTIL\u00c9E AVEC TROUS"},"content":{"rendered":"<h5>PANNEAU VENTIL\u00c9 PORINOX<\/h5>\n<p>Porinox offre une grande souplesse de conception pour la configuration des \u00e9tables. Le panneau de base\u00a0<strong>PORPANEL\u00ae.\u00a0<\/strong>5 cm d'\u00e9paisseur, avec un\u00a0<strong>conception de la structure de la grille int\u00e9rieure<\/strong>\u00a0y<strong>\u00a0moulage par injection de polypropyl\u00e8ne<\/strong>, La robustesse et la r\u00e9sistance m\u00e9canique du produit sont ad\u00e9quates. La robustesse et la r\u00e9sistance m\u00e9canique du produit sont ad\u00e9quates. <strong>surface extr\u00eamement lisse<\/strong>,\u00a0<strong>facilite le nettoyage<\/strong>\u00a0et le\u00a0<strong>d\u00e9sinfection<\/strong>. Il peut \u00eatre coup\u00e9 \u00e0 n'importe quelle taille et plusieurs panneaux peuvent \u00eatre soud\u00e9s ensemble pour obtenir les dimensions requises pour chaque projet.<\/p>","protected":false},"excerpt":{"rendered":"<h5>PANNEAU VENTIL\u00c9 PORINOX<\/h5>\n<p>Porinox offre une grande souplesse de conception pour la configuration des \u00e9tables. Le panneau de base\u00a0<strong>PORPANEL\u00ae.\u00a0<\/strong>5 cm d'\u00e9paisseur, avec un\u00a0<strong>conception de la structure de la grille int\u00e9rieure<\/strong>\u00a0y<strong> fabricaci\u00f3n por inyecci\u00f3n de polipropileno.<\/strong><\/p>","protected":false},"featured_media":22809,"comment_status":"open","ping_status":"closed","template":"","meta":[],"product_brand":[],"product_cat":[353,371,426],"product_tag":[],"class_list":{"0":"post-15652","1":"product","2":"type-product","3":"status-publish","4":"has-post-thumbnail","6":"product_cat-engorde","7":"product_cat-puertas-y-vallas","8":"product_cat-vallas-engorde","10":"first","11":"instock","12":"shipping-taxable","13":"product-type-simple"},"_links":{"self":[{"href":"https:\/\/www.porinox.com\/fr\/wp-json\/wp\/v2\/product\/15652","targetHints":{"allow":["GET"]}}],"collection":[{"href":"https:\/\/www.porinox.com\/fr\/wp-json\/wp\/v2\/product"}],"about":[{"href":"https:\/\/www.porinox.com\/fr\/wp-json\/wp\/v2\/types\/product"}],"replies":[{"embeddable":true,"href":"https:\/\/www.porinox.com\/fr\/wp-json\/wp\/v2\/comments?post=15652"}],"version-history":[{"count":0,"href":"https:\/\/www.porinox.com\/fr\/wp-json\/wp\/v2\/product\/15652\/revisions"}],"wp:featuredmedia":[{"embeddable":true,"href":"https:\/\/www.porinox.com\/fr\/wp-json\/wp\/v2\/media\/22809"}],"wp:attachment":[{"href":"https:\/\/www.porinox.com\/fr\/wp-json\/wp\/v2\/media?parent=15652"}],"wp:term":[{"taxonomy":"product_brand","embeddable":true,"href":"https:\/\/www.porinox.com\/fr\/wp-json\/wp\/v2\/product_brand?post=15652"},{"taxonomy":"product_cat","embeddable":true,"href":"https:\/\/www.porinox.com\/fr\/wp-json\/wp\/v2\/product_cat?post=15652"},{"taxonomy":"product_tag","embeddable":true,"href":"https:\/\/www.porinox.com\/fr\/wp-json\/wp\/v2\/product_tag?post=15652"}],"curies":[{"name":"wp","href":"https:\/\/api.w.org\/{rel}","templated":true}]}}