{"id":15640,"date":"2023-08-07T06:14:46","date_gmt":"2023-08-07T04:14:46","guid":{"rendered":"http:\/\/porinox.com\/?post_type=product&#038;p=15640"},"modified":"2026-01-29T14:44:01","modified_gmt":"2026-01-29T13:44:01","slug":"cloture-aveugle","status":"publish","type":"product","link":"https:\/\/www.porinox.com\/fr\/producto\/valla-ciega\/","title":{"rendered":"CL\u00d4TURE AVEUGLE"},"content":{"rendered":"<p>Porinox offre une grande souplesse de conception pour la configuration des \u00e9tables. Le panneau de base <strong>PORPANEL\u00ae.\u00a0<\/strong>5 cm d'\u00e9paisseur, avec un <strong>conception de la structure de la grille int\u00e9rieure<\/strong> y<strong> moulage par injection de polypropyl\u00e8ne<\/strong>, La robustesse et la r\u00e9sistance m\u00e9canique du produit sont ad\u00e9quates. La robustesse et la r\u00e9sistance m\u00e9canique du produit sont ad\u00e9quates. <strong>surface extr\u00eamement lisse<\/strong>, <strong>facilite le nettoyage<\/strong> et le <strong>d\u00e9sinfection<\/strong>. Il peut \u00eatre coup\u00e9 \u00e0 n'importe quelle taille et plusieurs panneaux peuvent \u00eatre soud\u00e9s ensemble pour obtenir les dimensions requises pour chaque projet.<\/p>","protected":false},"excerpt":{"rendered":"<p>Porinox ofrece una amplia versatilidad de dise\u00f1o para la configuraci\u00f3n de las cuadras. El panel base PORPANEL\u00ae\u00a0de 5 cm de epesor, con un dise\u00f1o de estructura reticulada interior y fabricaci\u00f3n por inyecci\u00f3n de polipropileno, ofrece robustez, una resistencia mec\u00e1nica adecuada. Su superficie extremadamente lisa, facilita la limpieza y la desinfecci\u00f3n. Puede cortarse a cualquier medida [&hellip;]<\/p>\n","protected":false},"featured_media":23684,"comment_status":"open","ping_status":"closed","template":"","meta":[],"product_brand":[],"product_cat":[353,371,426],"product_tag":[],"class_list":{"0":"post-15640","1":"product","2":"type-product","3":"status-publish","4":"has-post-thumbnail","6":"product_cat-engorde","7":"product_cat-puertas-y-vallas","8":"product_cat-vallas-engorde","10":"first","11":"instock","12":"shipping-taxable","13":"product-type-simple"},"_links":{"self":[{"href":"https:\/\/www.porinox.com\/fr\/wp-json\/wp\/v2\/product\/15640","targetHints":{"allow":["GET"]}}],"collection":[{"href":"https:\/\/www.porinox.com\/fr\/wp-json\/wp\/v2\/product"}],"about":[{"href":"https:\/\/www.porinox.com\/fr\/wp-json\/wp\/v2\/types\/product"}],"replies":[{"embeddable":true,"href":"https:\/\/www.porinox.com\/fr\/wp-json\/wp\/v2\/comments?post=15640"}],"version-history":[{"count":0,"href":"https:\/\/www.porinox.com\/fr\/wp-json\/wp\/v2\/product\/15640\/revisions"}],"wp:featuredmedia":[{"embeddable":true,"href":"https:\/\/www.porinox.com\/fr\/wp-json\/wp\/v2\/media\/23684"}],"wp:attachment":[{"href":"https:\/\/www.porinox.com\/fr\/wp-json\/wp\/v2\/media?parent=15640"}],"wp:term":[{"taxonomy":"product_brand","embeddable":true,"href":"https:\/\/www.porinox.com\/fr\/wp-json\/wp\/v2\/product_brand?post=15640"},{"taxonomy":"product_cat","embeddable":true,"href":"https:\/\/www.porinox.com\/fr\/wp-json\/wp\/v2\/product_cat?post=15640"},{"taxonomy":"product_tag","embeddable":true,"href":"https:\/\/www.porinox.com\/fr\/wp-json\/wp\/v2\/product_tag?post=15640"}],"curies":[{"name":"wp","href":"https:\/\/api.w.org\/{rel}","templated":true}]}}