{"id":15517,"date":"2023-07-28T10:35:05","date_gmt":"2023-07-28T09:35:05","guid":{"rendered":"http:\/\/porinox.com\/?post_type=product&#038;p=15517"},"modified":"2025-10-08T08:29:10","modified_gmt":"2025-10-08T06:29:10","slug":"support-et-cote","status":"publish","type":"product","link":"https:\/\/www.porinox.com\/fr\/producto\/soporte-y-lateral\/","title":{"rendered":"SUPPORT EN Y LAT\u00c9RAL"},"content":{"rendered":"<p>Support lat\u00e9ral en Y pour l'ancrage des profil\u00e9s en Y aux lattes.<\/p>\n<p>Fixations solides en polypropyl\u00e8ne pour les lattes.<\/p>\n<p>&nbsp;<\/p>","protected":false},"excerpt":{"rendered":"<p>Support lat\u00e9ral en Y pour l'ancrage des profil\u00e9s en Y aux lattes.<\/p>\n<p>Fixations solides en polypropyl\u00e8ne pour les lattes.<\/p>","protected":false},"featured_media":18777,"comment_status":"open","ping_status":"closed","template":"","meta":[],"product_brand":[],"product_cat":[415,527,352,354,368,376],"product_tag":[],"class_list":{"0":"post-15517","1":"product","2":"type-product","3":"status-publish","4":"has-post-thumbnail","6":"product_cat-accesorios","7":"product_cat-accesorios-slats","8":"product_cat-destete","9":"product_cat-maternidad-y-parideras","10":"product_cat-slats","11":"product_cat-suelos","13":"first","14":"instock","15":"shipping-taxable","16":"product-type-simple"},"_links":{"self":[{"href":"https:\/\/www.porinox.com\/fr\/wp-json\/wp\/v2\/product\/15517","targetHints":{"allow":["GET"]}}],"collection":[{"href":"https:\/\/www.porinox.com\/fr\/wp-json\/wp\/v2\/product"}],"about":[{"href":"https:\/\/www.porinox.com\/fr\/wp-json\/wp\/v2\/types\/product"}],"replies":[{"embeddable":true,"href":"https:\/\/www.porinox.com\/fr\/wp-json\/wp\/v2\/comments?post=15517"}],"version-history":[{"count":0,"href":"https:\/\/www.porinox.com\/fr\/wp-json\/wp\/v2\/product\/15517\/revisions"}],"wp:featuredmedia":[{"embeddable":true,"href":"https:\/\/www.porinox.com\/fr\/wp-json\/wp\/v2\/media\/18777"}],"wp:attachment":[{"href":"https:\/\/www.porinox.com\/fr\/wp-json\/wp\/v2\/media?parent=15517"}],"wp:term":[{"taxonomy":"product_brand","embeddable":true,"href":"https:\/\/www.porinox.com\/fr\/wp-json\/wp\/v2\/product_brand?post=15517"},{"taxonomy":"product_cat","embeddable":true,"href":"https:\/\/www.porinox.com\/fr\/wp-json\/wp\/v2\/product_cat?post=15517"},{"taxonomy":"product_tag","embeddable":true,"href":"https:\/\/www.porinox.com\/fr\/wp-json\/wp\/v2\/product_tag?post=15517"}],"curies":[{"name":"wp","href":"https:\/\/api.w.org\/{rel}","templated":true}]}}