{"id":15515,"date":"2023-07-28T10:31:54","date_gmt":"2023-07-28T09:31:54","guid":{"rendered":"http:\/\/porinox.com\/?post_type=product&#038;p=15515"},"modified":"2025-10-15T12:33:34","modified_gmt":"2025-10-15T10:33:34","slug":"profil-et","status":"publish","type":"product","link":"https:\/\/www.porinox.com\/fr\/producto\/perfil-y\/","title":{"rendered":"PROFIL-Y"},"content":{"rendered":"<p>Profil\u00e9 en Y \u00e0 utiliser comme support pour les lattes ou les caillebotis en plastique.<\/p>","protected":false},"excerpt":{"rendered":"<p>Profil\u00e9 en Y en fibre de verre avec r\u00e9sine. Longueurs variables sur mesure. Id\u00e9al pour fixer des lattes ou des caillebotis.<\/p>","protected":false},"featured_media":18784,"comment_status":"open","ping_status":"closed","template":"","meta":[],"product_brand":[],"product_cat":[415,527,352,354,368,376],"product_tag":[],"class_list":{"0":"post-15515","1":"product","2":"type-product","3":"status-publish","4":"has-post-thumbnail","6":"product_cat-accesorios","7":"product_cat-accesorios-slats","8":"product_cat-destete","9":"product_cat-maternidad-y-parideras","10":"product_cat-slats","11":"product_cat-suelos","13":"first","14":"instock","15":"shipping-taxable","16":"product-type-simple"},"_links":{"self":[{"href":"https:\/\/www.porinox.com\/fr\/wp-json\/wp\/v2\/product\/15515","targetHints":{"allow":["GET"]}}],"collection":[{"href":"https:\/\/www.porinox.com\/fr\/wp-json\/wp\/v2\/product"}],"about":[{"href":"https:\/\/www.porinox.com\/fr\/wp-json\/wp\/v2\/types\/product"}],"replies":[{"embeddable":true,"href":"https:\/\/www.porinox.com\/fr\/wp-json\/wp\/v2\/comments?post=15515"}],"version-history":[{"count":0,"href":"https:\/\/www.porinox.com\/fr\/wp-json\/wp\/v2\/product\/15515\/revisions"}],"wp:featuredmedia":[{"embeddable":true,"href":"https:\/\/www.porinox.com\/fr\/wp-json\/wp\/v2\/media\/18784"}],"wp:attachment":[{"href":"https:\/\/www.porinox.com\/fr\/wp-json\/wp\/v2\/media?parent=15515"}],"wp:term":[{"taxonomy":"product_brand","embeddable":true,"href":"https:\/\/www.porinox.com\/fr\/wp-json\/wp\/v2\/product_brand?post=15515"},{"taxonomy":"product_cat","embeddable":true,"href":"https:\/\/www.porinox.com\/fr\/wp-json\/wp\/v2\/product_cat?post=15515"},{"taxonomy":"product_tag","embeddable":true,"href":"https:\/\/www.porinox.com\/fr\/wp-json\/wp\/v2\/product_tag?post=15515"}],"curies":[{"name":"wp","href":"https:\/\/api.w.org\/{rel}","templated":true}]}}