{"id":1522,"date":"2019-12-18T16:44:14","date_gmt":"2019-12-18T16:44:14","guid":{"rendered":"http:\/\/porinox.com\/product\/import-placeholder-for-2581\/"},"modified":"2025-03-28T11:37:13","modified_gmt":"2025-03-28T10:37:13","slug":"abreuvoir-a-porcelets","status":"publish","type":"product","link":"https:\/\/www.porinox.com\/fr\/producto\/bebedero-lechones\/","title":{"rendered":"ABREUVOIR \u00c0 PORCELETS A5"},"content":{"rendered":"<h4>Syst\u00e8me d'abreuvement pour les<strong> la mise bas des porcelets<\/strong>.<\/h4>\n<p>La corbatuda inferior y sin bordes afilados, facilita a los animales el abasto de la bebida sin lesionarse.<\/p>\n<p>Fabricado en acero inoxidable garantiza una larga vida \u00fatil. Este producto presenta la m\u00e1xima eficiencia de utilizaci\u00f3n, el acabado con soldadura en todos los remates consigue el aprovechamiento del agua y evita posibles p\u00e9rdidas.<\/p>\n<p>&nbsp;<\/p>\n<p>&nbsp;<\/p>","protected":false},"excerpt":{"rendered":"<p>Bebedero para lechones de acero inoxidable. F\u00e1cil y accesible.<\/p>\n<p><em>Ref. 000.024.100<\/em><\/p>","protected":false},"featured_media":19868,"comment_status":"open","ping_status":"closed","template":"","meta":[],"product_brand":[],"product_cat":[428,375,354],"product_tag":[],"class_list":{"0":"post-1522","1":"product","2":"type-product","3":"status-publish","4":"has-post-thumbnail","6":"product_cat-a5","7":"product_cat-bebederos-maternidad","8":"product_cat-maternidad-y-parideras","10":"first","11":"instock","12":"shipping-taxable","13":"product-type-simple"},"_links":{"self":[{"href":"https:\/\/www.porinox.com\/fr\/wp-json\/wp\/v2\/product\/1522","targetHints":{"allow":["GET"]}}],"collection":[{"href":"https:\/\/www.porinox.com\/fr\/wp-json\/wp\/v2\/product"}],"about":[{"href":"https:\/\/www.porinox.com\/fr\/wp-json\/wp\/v2\/types\/product"}],"replies":[{"embeddable":true,"href":"https:\/\/www.porinox.com\/fr\/wp-json\/wp\/v2\/comments?post=1522"}],"version-history":[{"count":0,"href":"https:\/\/www.porinox.com\/fr\/wp-json\/wp\/v2\/product\/1522\/revisions"}],"wp:featuredmedia":[{"embeddable":true,"href":"https:\/\/www.porinox.com\/fr\/wp-json\/wp\/v2\/media\/19868"}],"wp:attachment":[{"href":"https:\/\/www.porinox.com\/fr\/wp-json\/wp\/v2\/media?parent=1522"}],"wp:term":[{"taxonomy":"product_brand","embeddable":true,"href":"https:\/\/www.porinox.com\/fr\/wp-json\/wp\/v2\/product_brand?post=1522"},{"taxonomy":"product_cat","embeddable":true,"href":"https:\/\/www.porinox.com\/fr\/wp-json\/wp\/v2\/product_cat?post=1522"},{"taxonomy":"product_tag","embeddable":true,"href":"https:\/\/www.porinox.com\/fr\/wp-json\/wp\/v2\/product_tag?post=1522"}],"curies":[{"name":"wp","href":"https:\/\/api.w.org\/{rel}","templated":true}]}}