{"id":1510,"date":"2019-12-18T16:44:00","date_gmt":"2019-12-18T15:44:00","guid":{"rendered":"http:\/\/porinox.com\/product\/import-placeholder-for-2695\/"},"modified":"2026-01-20T09:06:18","modified_gmt":"2026-01-20T08:06:18","slug":"abreuvoir-de-sevrage-a1-120","status":"publish","type":"product","link":"https:\/\/www.porinox.com\/fr\/producto\/bebedero-destete-a1-120\/","title":{"rendered":"A1 L120"},"content":{"rendered":"<h5>Le <strong>abreuvoir de sevrage Mod\u00e8le A1-120<\/strong> est con\u00e7u pour fournir de l'eau aux porcelets avec une capacit\u00e9 et une efficacit\u00e9 accrues.<\/h5>\n<p>Fabriqu\u00e9 en acier inoxydable 304 de haute qualit\u00e9, sa construction robuste garantit sa durabilit\u00e9 et sa r\u00e9sistance \u00e0 la corrosion. Les dimensions sont de 120 mm de large, 140 mm de haut et 140 mm de profondeur. Cette fontaine \u00e0 boire est \u00e9quip\u00e9e d'un tube r\u00e9glable et d'une t\u00e9tine pour minimiser le gaspillage d'eau. Elle est \u00e9galement facile \u00e0 nettoyer et \u00e0 installer, avec quatre trous M8 pour la fixer au mur.<\/p>","protected":false},"excerpt":{"rendered":"<h5>Le <strong>abreuvoir de sevrage Mod\u00e8le A1-120<\/strong> est con\u00e7u pour fournir de l'eau aux porcelets avec une capacit\u00e9 et une efficacit\u00e9 accrues.<\/h5>\n<p>Bebedero para dispensar agua a los lechones reci\u00e9n destetados, con sistema de chupete para el accionamiento del agua.<\/p>\n<p><em>REF: 000.022.110<\/em><\/p>\n<p>&nbsp;<\/p>","protected":false},"featured_media":18678,"comment_status":"open","ping_status":"closed","template":"","meta":[],"product_brand":[],"product_cat":[407,364,352],"product_tag":[],"class_list":{"0":"post-1510","1":"product","2":"type-product","3":"status-publish","4":"has-post-thumbnail","6":"product_cat-a1","7":"product_cat-bebederos-destete","8":"product_cat-destete","10":"first","11":"instock","12":"shipping-taxable","13":"product-type-simple"},"_links":{"self":[{"href":"https:\/\/www.porinox.com\/fr\/wp-json\/wp\/v2\/product\/1510","targetHints":{"allow":["GET"]}}],"collection":[{"href":"https:\/\/www.porinox.com\/fr\/wp-json\/wp\/v2\/product"}],"about":[{"href":"https:\/\/www.porinox.com\/fr\/wp-json\/wp\/v2\/types\/product"}],"replies":[{"embeddable":true,"href":"https:\/\/www.porinox.com\/fr\/wp-json\/wp\/v2\/comments?post=1510"}],"version-history":[{"count":0,"href":"https:\/\/www.porinox.com\/fr\/wp-json\/wp\/v2\/product\/1510\/revisions"}],"wp:featuredmedia":[{"embeddable":true,"href":"https:\/\/www.porinox.com\/fr\/wp-json\/wp\/v2\/media\/18678"}],"wp:attachment":[{"href":"https:\/\/www.porinox.com\/fr\/wp-json\/wp\/v2\/media?parent=1510"}],"wp:term":[{"taxonomy":"product_brand","embeddable":true,"href":"https:\/\/www.porinox.com\/fr\/wp-json\/wp\/v2\/product_brand?post=1510"},{"taxonomy":"product_cat","embeddable":true,"href":"https:\/\/www.porinox.com\/fr\/wp-json\/wp\/v2\/product_cat?post=1510"},{"taxonomy":"product_tag","embeddable":true,"href":"https:\/\/www.porinox.com\/fr\/wp-json\/wp\/v2\/product_tag?post=1510"}],"curies":[{"name":"wp","href":"https:\/\/api.w.org\/{rel}","templated":true}]}}