{"id":1485,"date":"2019-12-18T16:43:51","date_gmt":"2019-12-18T16:43:51","guid":{"rendered":"http:\/\/porinox.com\/product\/import-placeholder-for-993\/"},"modified":"2025-11-06T08:05:58","modified_gmt":"2025-11-06T07:05:58","slug":"sevrage-a-lengraissement-hopper-b1","status":"publish","type":"product","link":"https:\/\/www.porinox.com\/fr\/producto\/tolva-wean-to-finish-b1\/","title":{"rendered":"TOLVA B1"},"content":{"rendered":"<h5><strong>La tr\u00e9mie Porinox B1<\/strong> est destin\u00e9 \u00e0 l'alimentation des porcs d'engraissement<\/h5>\n<p>Avec des capacit\u00e9s de <strong>115L<\/strong> (standard) et <strong>150L<\/strong> (XL), alimentation <strong>35-40 animaux<\/strong>. Fabriqu\u00e9 en <strong>Acier inoxydable 304<\/strong>, La nouvelle conception robuste et durable. Sa conception optimis\u00e9e comprend un <strong>plaque soud\u00e9e avec technologie robotique<\/strong> et un <strong>Augmentation de 3 cm<\/strong> qui pr\u00e9serve la fra\u00eecheur des aliments, am\u00e9liorant ainsi l'ingestion et l'indice de consommation. Les <strong>syst\u00e8me de r\u00e9gulation externe<\/strong> assure un r\u00e9glage pr\u00e9cis et facile.<\/p>","protected":false},"excerpt":{"rendered":"<h5>Las tolvas Porinox se caracterizan por ser unas tolvas de gran resistencia y durabilidad.<\/h5>\n<p>Desde hace a\u00f1os han mejorado y evolucionado en el dise\u00f1o de la tolva para conseguir un producto l\u00edder en el sector.<\/p>\n<p>La fiabilidad y sus resultados de conversi\u00f3n hacen que se haya convertido en un referente en el mercado nacional.<\/p>\n<p>&nbsp;<\/p>","protected":false},"featured_media":18887,"comment_status":"open","ping_status":"closed","template":"","meta":[],"product_brand":[],"product_cat":[353,416,366],"product_tag":[],"class_list":{"0":"post-1485","1":"product","2":"type-product","3":"status-publish","4":"has-post-thumbnail","6":"product_cat-engorde","7":"product_cat-serieb","8":"product_cat-tolvas-engorde","10":"first","11":"instock","12":"shipping-taxable","13":"product-type-simple"},"_links":{"self":[{"href":"https:\/\/www.porinox.com\/fr\/wp-json\/wp\/v2\/product\/1485","targetHints":{"allow":["GET"]}}],"collection":[{"href":"https:\/\/www.porinox.com\/fr\/wp-json\/wp\/v2\/product"}],"about":[{"href":"https:\/\/www.porinox.com\/fr\/wp-json\/wp\/v2\/types\/product"}],"replies":[{"embeddable":true,"href":"https:\/\/www.porinox.com\/fr\/wp-json\/wp\/v2\/comments?post=1485"}],"version-history":[{"count":0,"href":"https:\/\/www.porinox.com\/fr\/wp-json\/wp\/v2\/product\/1485\/revisions"}],"wp:featuredmedia":[{"embeddable":true,"href":"https:\/\/www.porinox.com\/fr\/wp-json\/wp\/v2\/media\/18887"}],"wp:attachment":[{"href":"https:\/\/www.porinox.com\/fr\/wp-json\/wp\/v2\/media?parent=1485"}],"wp:term":[{"taxonomy":"product_brand","embeddable":true,"href":"https:\/\/www.porinox.com\/fr\/wp-json\/wp\/v2\/product_brand?post=1485"},{"taxonomy":"product_cat","embeddable":true,"href":"https:\/\/www.porinox.com\/fr\/wp-json\/wp\/v2\/product_cat?post=1485"},{"taxonomy":"product_tag","embeddable":true,"href":"https:\/\/www.porinox.com\/fr\/wp-json\/wp\/v2\/product_tag?post=1485"}],"curies":[{"name":"wp","href":"https:\/\/api.w.org\/{rel}","templated":true}]}}