{"id":12301,"date":"2022-04-21T13:43:02","date_gmt":"2022-04-21T12:43:02","guid":{"rendered":"https:\/\/porinox.com\/?post_type=product&#038;p=12301"},"modified":"2024-04-09T14:47:13","modified_gmt":"2024-04-09T12:47:13","slug":"unite-de-chargement-automatique","status":"publish","type":"product","link":"https:\/\/www.porinox.com\/fr\/producto\/unidad-de-carga-automatica\/","title":{"rendered":"UNIT\u00c9 DE CHARGEMENT AUTOMATIQUE"},"content":{"rendered":"<p>Ce mod\u00e8le est particuli\u00e8rement adapt\u00e9 pour <strong>r\u00e9ception de la farine<\/strong>, ya que remueve constantemente su contenido con un sistema sinf\u00edn motorizado, evitando apelmazamientos. Descargas con accionamiento mediante actuadores motorizados. Se fija con 6 tornillos M8 a la salida del silo.<\/p>\n<p>Para tubo de salida de \u00f860mm.<\/p>\n<p><strong>Le syst\u00e8me de verrouillage est int\u00e9gr\u00e9 dans le corps, ce qui garantit un meilleur verrouillage et un meilleur fonctionnement.<\/strong><\/p>\n<p>&nbsp;<\/p>","protected":false},"excerpt":{"rendered":"<p>Unidad de carga autom\u00e1tica, para la <strong>distribuci\u00f3n de pienso con motor<\/strong>. Modelo especialmente indicado para recepci\u00f3n de harinas, ya que remueve constantemente su contenido con un <strong>sistema sinf\u00edn motorizado<\/strong>, evitando apelmazamientos. Descargas con accionamiento mediante <strong>actuadores motorizados<\/strong>.<\/p>\n<p><em>Ref. 000.013.400<\/em><\/p>","protected":false},"featured_media":19330,"comment_status":"open","ping_status":"closed","template":"","meta":[],"product_brand":[],"product_cat":[381,356,441],"product_tag":[],"class_list":{"0":"post-12301","1":"product","2":"type-product","3":"status-publish","4":"has-post-thumbnail","6":"product_cat-cadena","7":"product_cat-sistemas-de-distribucion","8":"product_cat-unidades-de-carga","10":"first","11":"instock","12":"shipping-taxable","13":"purchasable","14":"product-type-simple"},"_links":{"self":[{"href":"https:\/\/www.porinox.com\/fr\/wp-json\/wp\/v2\/product\/12301","targetHints":{"allow":["GET"]}}],"collection":[{"href":"https:\/\/www.porinox.com\/fr\/wp-json\/wp\/v2\/product"}],"about":[{"href":"https:\/\/www.porinox.com\/fr\/wp-json\/wp\/v2\/types\/product"}],"replies":[{"embeddable":true,"href":"https:\/\/www.porinox.com\/fr\/wp-json\/wp\/v2\/comments?post=12301"}],"version-history":[{"count":0,"href":"https:\/\/www.porinox.com\/fr\/wp-json\/wp\/v2\/product\/12301\/revisions"}],"wp:featuredmedia":[{"embeddable":true,"href":"https:\/\/www.porinox.com\/fr\/wp-json\/wp\/v2\/media\/19330"}],"wp:attachment":[{"href":"https:\/\/www.porinox.com\/fr\/wp-json\/wp\/v2\/media?parent=12301"}],"wp:term":[{"taxonomy":"product_brand","embeddable":true,"href":"https:\/\/www.porinox.com\/fr\/wp-json\/wp\/v2\/product_brand?post=12301"},{"taxonomy":"product_cat","embeddable":true,"href":"https:\/\/www.porinox.com\/fr\/wp-json\/wp\/v2\/product_cat?post=12301"},{"taxonomy":"product_tag","embeddable":true,"href":"https:\/\/www.porinox.com\/fr\/wp-json\/wp\/v2\/product_tag?post=12301"}],"curies":[{"name":"wp","href":"https:\/\/api.w.org\/{rel}","templated":true}]}}