{"id":12001,"date":"2022-03-02T09:09:09","date_gmt":"2022-03-02T08:09:09","guid":{"rendered":"https:\/\/porinox.com\/?post_type=product&#038;p=12001"},"modified":"2024-07-18T08:13:16","modified_gmt":"2024-07-18T06:13:16","slug":"boite-laterale-universelle","status":"publish","type":"product","link":"https:\/\/www.porinox.com\/fr\/producto\/cajetin-universal-lateral\/","title":{"rendered":"CORPS LAT\u00c9RAL UNIVERSEL"},"content":{"rendered":"<p>Unit\u00e9 de contr\u00f4le <strong>pour les automatismes d'alimentation. <\/strong>Entr\u00e9e pour tube PVC \u00d875mm et sortie \u00d875mm.<\/p>","protected":false},"excerpt":{"rendered":"<p>Cuerpo universal con <strong>apertura lateral<\/strong>, para unidad de control. Compatible con todos los tama\u00f1os de casquillo y cono.<\/p>\n<p>Fabricados en <strong>Acier inoxydable 304<\/strong>.<\/p>\n<p><em>Ref. 000.014.200<\/em><\/p>","protected":false},"featured_media":19240,"comment_status":"open","ping_status":"closed","template":"","meta":[],"product_brand":[],"product_cat":[380,356,436],"product_tag":[],"class_list":{"0":"post-12001","1":"product","2":"type-product","3":"status-publish","4":"has-post-thumbnail","6":"product_cat-espiral","7":"product_cat-sistemas-de-distribucion","8":"product_cat-unidades-de-control","10":"first","11":"instock","12":"shipping-taxable","13":"purchasable","14":"product-type-simple"},"_links":{"self":[{"href":"https:\/\/www.porinox.com\/fr\/wp-json\/wp\/v2\/product\/12001","targetHints":{"allow":["GET"]}}],"collection":[{"href":"https:\/\/www.porinox.com\/fr\/wp-json\/wp\/v2\/product"}],"about":[{"href":"https:\/\/www.porinox.com\/fr\/wp-json\/wp\/v2\/types\/product"}],"replies":[{"embeddable":true,"href":"https:\/\/www.porinox.com\/fr\/wp-json\/wp\/v2\/comments?post=12001"}],"version-history":[{"count":0,"href":"https:\/\/www.porinox.com\/fr\/wp-json\/wp\/v2\/product\/12001\/revisions"}],"wp:featuredmedia":[{"embeddable":true,"href":"https:\/\/www.porinox.com\/fr\/wp-json\/wp\/v2\/media\/19240"}],"wp:attachment":[{"href":"https:\/\/www.porinox.com\/fr\/wp-json\/wp\/v2\/media?parent=12001"}],"wp:term":[{"taxonomy":"product_brand","embeddable":true,"href":"https:\/\/www.porinox.com\/fr\/wp-json\/wp\/v2\/product_brand?post=12001"},{"taxonomy":"product_cat","embeddable":true,"href":"https:\/\/www.porinox.com\/fr\/wp-json\/wp\/v2\/product_cat?post=12001"},{"taxonomy":"product_tag","embeddable":true,"href":"https:\/\/www.porinox.com\/fr\/wp-json\/wp\/v2\/product_tag?post=12001"}],"curies":[{"name":"wp","href":"https:\/\/api.w.org\/{rel}","templated":true}]}}