{"id":11999,"date":"2022-03-02T08:23:42","date_gmt":"2022-03-02T07:23:42","guid":{"rendered":"https:\/\/porinox.com\/?post_type=product&#038;p=11999"},"modified":"2024-07-23T14:53:34","modified_gmt":"2024-07-23T12:53:34","slug":"boite-universelle-a-ouverture-par-le-haut","status":"publish","type":"product","link":"https:\/\/www.porinox.com\/fr\/producto\/cajetin-universal-con-apertura-superior\/","title":{"rendered":"CORPS SUP\u00c9RIEUR UNIVERSEL"},"content":{"rendered":"<p><strong>Bo\u00eetier universel avec ouverture sup\u00e9rieure pour l'unit\u00e9 de contr\u00f4le pour l'automatisation de l'alimentation. <\/strong>Entr\u00e9e pour tube PVC \u00d875mm et sortie \u00d875mm.<\/p>","protected":false},"excerpt":{"rendered":"<p>Cuerpo universal con <strong>apertura superior<\/strong>, para unidad de control. Compatible con todos los tama\u00f1os de casquillo y cono.<\/p>\n<p>Fabricados en <strong>Acier inoxydable 304<\/strong>.<\/p>\n<p><em>Ref. 000.014.100<\/em><\/p>","protected":false},"featured_media":19239,"comment_status":"open","ping_status":"closed","template":"","meta":[],"product_brand":[],"product_cat":[380,356,436],"product_tag":[],"class_list":{"0":"post-11999","1":"product","2":"type-product","3":"status-publish","4":"has-post-thumbnail","6":"product_cat-espiral","7":"product_cat-sistemas-de-distribucion","8":"product_cat-unidades-de-control","10":"first","11":"instock","12":"shipping-taxable","13":"purchasable","14":"product-type-simple"},"_links":{"self":[{"href":"https:\/\/www.porinox.com\/fr\/wp-json\/wp\/v2\/product\/11999","targetHints":{"allow":["GET"]}}],"collection":[{"href":"https:\/\/www.porinox.com\/fr\/wp-json\/wp\/v2\/product"}],"about":[{"href":"https:\/\/www.porinox.com\/fr\/wp-json\/wp\/v2\/types\/product"}],"replies":[{"embeddable":true,"href":"https:\/\/www.porinox.com\/fr\/wp-json\/wp\/v2\/comments?post=11999"}],"version-history":[{"count":0,"href":"https:\/\/www.porinox.com\/fr\/wp-json\/wp\/v2\/product\/11999\/revisions"}],"wp:featuredmedia":[{"embeddable":true,"href":"https:\/\/www.porinox.com\/fr\/wp-json\/wp\/v2\/media\/19239"}],"wp:attachment":[{"href":"https:\/\/www.porinox.com\/fr\/wp-json\/wp\/v2\/media?parent=11999"}],"wp:term":[{"taxonomy":"product_brand","embeddable":true,"href":"https:\/\/www.porinox.com\/fr\/wp-json\/wp\/v2\/product_brand?post=11999"},{"taxonomy":"product_cat","embeddable":true,"href":"https:\/\/www.porinox.com\/fr\/wp-json\/wp\/v2\/product_cat?post=11999"},{"taxonomy":"product_tag","embeddable":true,"href":"https:\/\/www.porinox.com\/fr\/wp-json\/wp\/v2\/product_tag?post=11999"}],"curies":[{"name":"wp","href":"https:\/\/api.w.org\/{rel}","templated":true}]}}