{"id":11959,"date":"2022-02-28T11:36:09","date_gmt":"2022-02-28T10:36:09","guid":{"rendered":"https:\/\/porinox.com\/?post_type=product&#038;p=11959"},"modified":"2024-07-18T08:51:46","modified_gmt":"2024-07-18T06:51:46","slug":"rasera","status":"publish","type":"product","link":"https:\/\/www.porinox.com\/fr\/producto\/rasera\/","title":{"rendered":"RASERA"},"content":{"rendered":"<p>Le <strong>rasera<\/strong> de Porinox est con\u00e7u pour \u00eatre utilis\u00e9 dans des silos de 43 cm de diam\u00e8tre. Il est fabriqu\u00e9 en acier inoxydable 304 pour garantir sa durabilit\u00e9 et sa r\u00e9sistance \u00e0 la corrosion. Ce produit se distingue par sa facilit\u00e9 d'installation et sa capacit\u00e9 de r\u00e9gulation, facilitant la gestion et la distribution des mat\u00e9riaux dans les syst\u00e8mes de stockage et de distribution.<\/p>","protected":false},"excerpt":{"rendered":"<p>Syst\u00e8me de connexion au silo facile \u00e0 installer et r\u00e9glable. Pour silo de \u00d843cm.<\/p>","protected":false},"featured_media":19299,"comment_status":"open","ping_status":"closed","template":"","meta":[],"product_brand":[],"product_cat":[381,444,356],"product_tag":[],"class_list":{"0":"post-11959","1":"product","2":"type-product","3":"status-publish","4":"has-post-thumbnail","6":"product_cat-cadena","7":"product_cat-complementos","8":"product_cat-sistemas-de-distribucion","10":"first","11":"instock","12":"shipping-taxable","13":"purchasable","14":"product-type-simple"},"_links":{"self":[{"href":"https:\/\/www.porinox.com\/fr\/wp-json\/wp\/v2\/product\/11959","targetHints":{"allow":["GET"]}}],"collection":[{"href":"https:\/\/www.porinox.com\/fr\/wp-json\/wp\/v2\/product"}],"about":[{"href":"https:\/\/www.porinox.com\/fr\/wp-json\/wp\/v2\/types\/product"}],"replies":[{"embeddable":true,"href":"https:\/\/www.porinox.com\/fr\/wp-json\/wp\/v2\/comments?post=11959"}],"version-history":[{"count":0,"href":"https:\/\/www.porinox.com\/fr\/wp-json\/wp\/v2\/product\/11959\/revisions"}],"wp:featuredmedia":[{"embeddable":true,"href":"https:\/\/www.porinox.com\/fr\/wp-json\/wp\/v2\/media\/19299"}],"wp:attachment":[{"href":"https:\/\/www.porinox.com\/fr\/wp-json\/wp\/v2\/media?parent=11959"}],"wp:term":[{"taxonomy":"product_brand","embeddable":true,"href":"https:\/\/www.porinox.com\/fr\/wp-json\/wp\/v2\/product_brand?post=11959"},{"taxonomy":"product_cat","embeddable":true,"href":"https:\/\/www.porinox.com\/fr\/wp-json\/wp\/v2\/product_cat?post=11959"},{"taxonomy":"product_tag","embeddable":true,"href":"https:\/\/www.porinox.com\/fr\/wp-json\/wp\/v2\/product_tag?post=11959"}],"curies":[{"name":"wp","href":"https:\/\/api.w.org\/{rel}","templated":true}]}}