{"id":11952,"date":"2022-02-28T09:42:01","date_gmt":"2022-02-28T08:42:01","guid":{"rendered":"https:\/\/porinox.com\/?post_type=product&#038;p=11952"},"modified":"2024-07-18T09:06:40","modified_gmt":"2024-07-18T07:06:40","slug":"unite-de-controle-superieure","status":"publish","type":"product","link":"https:\/\/www.porinox.com\/fr\/producto\/unidad-de-control-superior\/","title":{"rendered":"COUVERCLE SUP\u00c9RIEUR DE L'UNIT\u00c9 DE CONTR\u00d4LE"},"content":{"rendered":"<p>Le <strong>Unit\u00e9 de contr\u00f4le sup\u00e9rieure<\/strong> de Porinox est con\u00e7u pour les automatismes d'alimentation. Il est fabriqu\u00e9 en PVC et en acier inoxydable pour garantir sa durabilit\u00e9 et sa solidit\u00e9. Ce dispositif comprend une entr\u00e9e pour un tuyau en PVC de 55 mm, 75 mm ou 90 mm et un c\u00f4ne de sortie de 75 mm ou 90 mm. Les dimensions standard sont de 215 mm de large, 295 mm de haut et 285 mm de profondeur, avec des options de c\u00f4ne de 75 mm ou 90 mm.<\/p>\n<p>&nbsp;<\/p>","protected":false},"excerpt":{"rendered":"<p>Unidad de control para automatismos de pienso, con <strong>apertura superior<\/strong> y disponible en distintas medidas.\u00a0Incluye <strong>casquillo de entrada<\/strong> para tubo de PVC (3 di\u00e1metros disponibles) y <strong>cono de salida<\/strong> de PVC (2 medidas disponibles).<\/p>\n<p>Fabricadas en <strong>Acier inoxydable 304<\/strong>.<\/p>\n<p>Incluye: \u00a0Cajet\u00edn universal\u00a0 + Paro final de carrera + Casquillo entrada\u00a0+ Cono PVC salida<\/p>\n<p><em>Ref. consultar medidas<\/em><\/p>","protected":false},"featured_media":19246,"comment_status":"open","ping_status":"closed","template":"","meta":[],"product_brand":[],"product_cat":[380,356,436],"product_tag":[],"class_list":{"0":"post-11952","1":"product","2":"type-product","3":"status-publish","4":"has-post-thumbnail","6":"product_cat-espiral","7":"product_cat-sistemas-de-distribucion","8":"product_cat-unidades-de-control","10":"first","11":"instock","12":"shipping-taxable","13":"purchasable","14":"product-type-simple"},"_links":{"self":[{"href":"https:\/\/www.porinox.com\/fr\/wp-json\/wp\/v2\/product\/11952","targetHints":{"allow":["GET"]}}],"collection":[{"href":"https:\/\/www.porinox.com\/fr\/wp-json\/wp\/v2\/product"}],"about":[{"href":"https:\/\/www.porinox.com\/fr\/wp-json\/wp\/v2\/types\/product"}],"replies":[{"embeddable":true,"href":"https:\/\/www.porinox.com\/fr\/wp-json\/wp\/v2\/comments?post=11952"}],"version-history":[{"count":0,"href":"https:\/\/www.porinox.com\/fr\/wp-json\/wp\/v2\/product\/11952\/revisions"}],"wp:featuredmedia":[{"embeddable":true,"href":"https:\/\/www.porinox.com\/fr\/wp-json\/wp\/v2\/media\/19246"}],"wp:attachment":[{"href":"https:\/\/www.porinox.com\/fr\/wp-json\/wp\/v2\/media?parent=11952"}],"wp:term":[{"taxonomy":"product_brand","embeddable":true,"href":"https:\/\/www.porinox.com\/fr\/wp-json\/wp\/v2\/product_brand?post=11952"},{"taxonomy":"product_cat","embeddable":true,"href":"https:\/\/www.porinox.com\/fr\/wp-json\/wp\/v2\/product_cat?post=11952"},{"taxonomy":"product_tag","embeddable":true,"href":"https:\/\/www.porinox.com\/fr\/wp-json\/wp\/v2\/product_tag?post=11952"}],"curies":[{"name":"wp","href":"https:\/\/api.w.org\/{rel}","templated":true}]}}