{"id":11847,"date":"2022-02-03T11:03:21","date_gmt":"2022-02-03T10:03:21","guid":{"rendered":"https:\/\/porinox.com\/?post_type=product&#038;p=11847"},"modified":"2024-04-09T14:49:50","modified_gmt":"2024-04-09T12:49:50","slug":"detecteur-dalimentation-capacitif-pour-les-exploitations-agricoles","status":"publish","type":"product","link":"https:\/\/www.porinox.com\/fr\/producto\/detector-capacitativo-para-pienso-para-granjas\/","title":{"rendered":"D\u00c9TECTEUR CAPACITIF"},"content":{"rendered":"<p>Le Porinox Capacitive Detector est un syst\u00e8me de d\u00e9tection de l'humidit\u00e9. <strong>le capteur de cha\u00eene d'alimentation.<\/strong> Se instala en cualquier punto del circuito de la tuber\u00eda de transporte, donde se quieran hacer lecturas de paso de pienso.<\/p>\n<p>Gracias al tramo de <strong>tube transparent,<\/strong> es posible ver el avance del alimento.<\/p>\n<p>Se puede utilizar como <strong>\u00e9tape de confirmation<\/strong> ou comme <strong>passage de s\u00e9curit\u00e9<\/strong> <strong>de la r\u00e9ception des denr\u00e9es alimentaires<\/strong>, La s\u00e9curit\u00e9 du syst\u00e8me est assur\u00e9e en cas de d\u00e9faillance du capteur de fin de course.<\/p>\n<p>&nbsp;<\/p>","protected":false},"excerpt":{"rendered":"<p>Le Porinox Capacitive Detector est un syst\u00e8me de d\u00e9tection de l'humidit\u00e9. <strong>sensor<\/strong>\u00a0de <strong>paso<\/strong> de <strong>pienso<\/strong>\u00a0par <strong>cadena.<\/strong> Se instala en cualquier punto del circuito de la tuber\u00eda de transporte, donde se quieran hacer lecturas de paso de pienso.<\/p>\n<p>Gracias al tramo de <strong>tube transparent,<\/strong> es posible ver el avance del alimento.<\/p>\n<p>Se puede utilizar como <strong>paso<\/strong> de <strong>confirmaci\u00f3n<\/strong> ou comme <strong>paso<\/strong> de <strong>s\u00e9curit\u00e9<\/strong> de <strong>recepci\u00f3n<\/strong> de alimento, <strong>garantizando<\/strong> la <strong>s\u00e9curit\u00e9<\/strong> del <strong>sistema<\/strong> en caso de que falle el sensor de paro final de carrera.<\/p>\n<p><em>Ref. 000.013.400<\/em><\/p>","protected":false},"featured_media":19288,"comment_status":"open","ping_status":"closed","template":"","meta":[],"product_brand":[],"product_cat":[381,444,356],"product_tag":[300],"class_list":{"0":"post-11847","1":"product","2":"type-product","3":"status-publish","4":"has-post-thumbnail","6":"product_cat-cadena","7":"product_cat-complementos","8":"product_cat-sistemas-de-distribucion","9":"product_tag-home","11":"first","12":"instock","13":"shipping-taxable","14":"purchasable","15":"product-type-simple"},"_links":{"self":[{"href":"https:\/\/www.porinox.com\/fr\/wp-json\/wp\/v2\/product\/11847","targetHints":{"allow":["GET"]}}],"collection":[{"href":"https:\/\/www.porinox.com\/fr\/wp-json\/wp\/v2\/product"}],"about":[{"href":"https:\/\/www.porinox.com\/fr\/wp-json\/wp\/v2\/types\/product"}],"replies":[{"embeddable":true,"href":"https:\/\/www.porinox.com\/fr\/wp-json\/wp\/v2\/comments?post=11847"}],"version-history":[{"count":0,"href":"https:\/\/www.porinox.com\/fr\/wp-json\/wp\/v2\/product\/11847\/revisions"}],"wp:featuredmedia":[{"embeddable":true,"href":"https:\/\/www.porinox.com\/fr\/wp-json\/wp\/v2\/media\/19288"}],"wp:attachment":[{"href":"https:\/\/www.porinox.com\/fr\/wp-json\/wp\/v2\/media?parent=11847"}],"wp:term":[{"taxonomy":"product_brand","embeddable":true,"href":"https:\/\/www.porinox.com\/fr\/wp-json\/wp\/v2\/product_brand?post=11847"},{"taxonomy":"product_cat","embeddable":true,"href":"https:\/\/www.porinox.com\/fr\/wp-json\/wp\/v2\/product_cat?post=11847"},{"taxonomy":"product_tag","embeddable":true,"href":"https:\/\/www.porinox.com\/fr\/wp-json\/wp\/v2\/product_tag?post=11847"}],"curies":[{"name":"wp","href":"https:\/\/api.w.org\/{rel}","templated":true}]}}