{"id":11819,"date":"2022-01-28T14:16:19","date_gmt":"2022-01-28T13:16:19","guid":{"rendered":"https:\/\/porinox.com\/?post_type=product&#038;p=11819"},"modified":"2024-07-18T09:10:03","modified_gmt":"2024-07-18T07:10:03","slug":"unite-de-controle-laterale-entree-o90-sortie-o90","status":"publish","type":"product","link":"https:\/\/www.porinox.com\/fr\/producto\/unidad-de-control-lateral-entrada-o90-salida-o90\/","title":{"rendered":"COUVERCLE LAT\u00c9RAL DE L'UNIT\u00c9 DE CONTR\u00d4LE"},"content":{"rendered":"<p>Le <strong>Unit\u00e9 de commande lat\u00e9rale<\/strong> de Porinox est con\u00e7u pour les automatismes d'alimentation, avec une entr\u00e9e et une sortie de 90 mm de diam\u00e8tre. Fabriqu\u00e9e en PVC et en acier inoxydable, cette unit\u00e9 garantit durabilit\u00e9 et r\u00e9sistance. Il mesure 215 mm de large, 295 mm de haut et 285 mm de profondeur. Il est id\u00e9al pour g\u00e9rer efficacement les aliments dans les syst\u00e8mes d'engraissement, en garantissant une installation simple et un fonctionnement fiable.<\/p>","protected":false},"excerpt":{"rendered":"<p>Unidad de control para automatismos de pienso, con\u00a0<strong>apertura lateral <\/strong>y disponible en distintas medidas.\u00a0Incluye\u00a0<strong>casquillo de entrada<\/strong>\u00a0para tubo de PVC (3 di\u00e1metros disponibles) y\u00a0<strong>cono de salida<\/strong>\u00a0de PVC (2 medidas disponibles).<\/p>\n<p>Fabricadas en\u00a0<strong>Acier inoxydable 304<\/strong>.<\/p>\n<p>Incluye: \u00a0Cajet\u00edn universal\u00a0 + Paro final de carrera + Casquillo entrada\u00a0+ Cono PVC salida<\/p>\n<p><em>Ref. consultar medidas<\/em><\/p>","protected":false},"featured_media":19249,"comment_status":"open","ping_status":"closed","template":"","meta":[],"product_brand":[],"product_cat":[380,356,436],"product_tag":[],"class_list":{"0":"post-11819","1":"product","2":"type-product","3":"status-publish","4":"has-post-thumbnail","6":"product_cat-espiral","7":"product_cat-sistemas-de-distribucion","8":"product_cat-unidades-de-control","10":"first","11":"instock","12":"shipping-taxable","13":"purchasable","14":"product-type-simple"},"_links":{"self":[{"href":"https:\/\/www.porinox.com\/fr\/wp-json\/wp\/v2\/product\/11819","targetHints":{"allow":["GET"]}}],"collection":[{"href":"https:\/\/www.porinox.com\/fr\/wp-json\/wp\/v2\/product"}],"about":[{"href":"https:\/\/www.porinox.com\/fr\/wp-json\/wp\/v2\/types\/product"}],"replies":[{"embeddable":true,"href":"https:\/\/www.porinox.com\/fr\/wp-json\/wp\/v2\/comments?post=11819"}],"version-history":[{"count":0,"href":"https:\/\/www.porinox.com\/fr\/wp-json\/wp\/v2\/product\/11819\/revisions"}],"wp:featuredmedia":[{"embeddable":true,"href":"https:\/\/www.porinox.com\/fr\/wp-json\/wp\/v2\/media\/19249"}],"wp:attachment":[{"href":"https:\/\/www.porinox.com\/fr\/wp-json\/wp\/v2\/media?parent=11819"}],"wp:term":[{"taxonomy":"product_brand","embeddable":true,"href":"https:\/\/www.porinox.com\/fr\/wp-json\/wp\/v2\/product_brand?post=11819"},{"taxonomy":"product_cat","embeddable":true,"href":"https:\/\/www.porinox.com\/fr\/wp-json\/wp\/v2\/product_cat?post=11819"},{"taxonomy":"product_tag","embeddable":true,"href":"https:\/\/www.porinox.com\/fr\/wp-json\/wp\/v2\/product_tag?post=11819"}],"curies":[{"name":"wp","href":"https:\/\/api.w.org\/{rel}","templated":true}]}}