{"id":11638,"date":"2022-01-12T12:25:44","date_gmt":"2022-01-12T11:25:44","guid":{"rendered":"https:\/\/porinox.com\/?post_type=product&#038;p=11638"},"modified":"2024-07-25T08:10:39","modified_gmt":"2024-07-25T06:10:39","slug":"desinfection-semi-arc","status":"publish","type":"product","link":"https:\/\/www.porinox.com\/fr\/producto\/semi-arco-de-desinfeccion\/","title":{"rendered":"D\u00c9SINFECTION SEMI-ARC"},"content":{"rendered":"<p>Porinox, avec son \u00e9quipe technique et les conseils externes de sp\u00e9cialistes de la bios\u00e9curit\u00e9 du secteur, a d\u00e9velopp\u00e9 une arche de d\u00e9sinfection. R\u00e9alis\u00e9e en acier inoxydable et en\u00a0<strong>avec circuit d'eau int\u00e9gr\u00e9 permet l'achat en totalit\u00e9 ou en parties.<\/strong>, Le syst\u00e8me est un syst\u00e8me modulaire hautement compatible. Il garantit la meilleure solution et l'adaptation \u00e0 toutes les situations.<\/p>","protected":false},"excerpt":{"rendered":"<p>Porinox junto su equipo t\u00e9cnico y asesoramiento exterior por parte de especialistas del sector de la limpieza de camiones ha desarrollado un arco de desinfecci\u00f3n.<\/p>\n<p>Fabricado en acero inoxidable y con circuito de agua integrado permite su adquisici\u00f3n por completo o por partes, ya que se trata de un sistema modular altamente compatible. Garantizando la mejor soluci\u00f3n y adaptaci\u00f3n a todas las situaciones.<\/p>\n<p>Sistema formado por: estructura y circuito de agua<\/p>\n<p>Dos opciones de activaci\u00f3n:<\/p>\n<ul>\n<li>Sensor de paso con\u00a0<strong>fotoc\u00e9lulas <\/strong>(<em>Ref. 000.301.210)<\/em><\/li>\n<li>Activaci\u00f3n manual a trav\u00e9s de un\u00a0<strong>pulsador\u00a0<\/strong>(<em>Ref. 000.301.220)<\/em><\/li>\n<\/ul>\n<p>Complementos opcionales:<\/p>\n<ul>\n<li>Caseta con control autom\u00e1tico (<em>Ref. 000.301.011)<\/em><\/li>\n<li>Bad\u00e9n para ruedas\u00a0(<em>Ref. 000.301.005)<\/em><\/li>\n<\/ul>","protected":false},"featured_media":17361,"comment_status":"open","ping_status":"closed","template":"","meta":[],"product_brand":[],"product_cat":[398,360],"product_tag":[],"class_list":{"0":"post-11638","1":"product","2":"type-product","3":"status-publish","4":"has-post-thumbnail","6":"product_cat-arcos-de-desinfeccion","7":"product_cat-bioseguridad","9":"first","10":"instock","11":"shipping-taxable","12":"purchasable","13":"product-type-simple"},"_links":{"self":[{"href":"https:\/\/www.porinox.com\/fr\/wp-json\/wp\/v2\/product\/11638","targetHints":{"allow":["GET"]}}],"collection":[{"href":"https:\/\/www.porinox.com\/fr\/wp-json\/wp\/v2\/product"}],"about":[{"href":"https:\/\/www.porinox.com\/fr\/wp-json\/wp\/v2\/types\/product"}],"replies":[{"embeddable":true,"href":"https:\/\/www.porinox.com\/fr\/wp-json\/wp\/v2\/comments?post=11638"}],"version-history":[{"count":0,"href":"https:\/\/www.porinox.com\/fr\/wp-json\/wp\/v2\/product\/11638\/revisions"}],"wp:featuredmedia":[{"embeddable":true,"href":"https:\/\/www.porinox.com\/fr\/wp-json\/wp\/v2\/media\/17361"}],"wp:attachment":[{"href":"https:\/\/www.porinox.com\/fr\/wp-json\/wp\/v2\/media?parent=11638"}],"wp:term":[{"taxonomy":"product_brand","embeddable":true,"href":"https:\/\/www.porinox.com\/fr\/wp-json\/wp\/v2\/product_brand?post=11638"},{"taxonomy":"product_cat","embeddable":true,"href":"https:\/\/www.porinox.com\/fr\/wp-json\/wp\/v2\/product_cat?post=11638"},{"taxonomy":"product_tag","embeddable":true,"href":"https:\/\/www.porinox.com\/fr\/wp-json\/wp\/v2\/product_tag?post=11638"}],"curies":[{"name":"wp","href":"https:\/\/api.w.org\/{rel}","templated":true}]}}