{"id":11310,"date":"2021-09-15T12:55:23","date_gmt":"2021-09-15T11:55:23","guid":{"rendered":"https:\/\/porinox.com\/?post_type=product&#038;p=11310"},"modified":"2023-12-19T09:16:28","modified_gmt":"2023-12-19T08:16:28","slug":"fenetres-directionnelles","status":"publish","type":"product","link":"https:\/\/www.porinox.com\/fr\/producto\/ventanas-direccionales\/","title":{"rendered":"FEN\u00caTRES DIRECTIONNELLES"},"content":{"rendered":"<p>Les fen\u00eatres directionnelles sont con\u00e7ues pour assurer une<strong> alimentation optimale en air \u00e0 l'int\u00e9rieur des exploitations<\/strong>. Le corps est en acier inoxydable d'une seule pi\u00e8ce. La lame de la fen\u00eatre est recouverte d'une couche de mat\u00e9riau isolant \u00e0 haute densit\u00e9 qui sert \u00e0 isoler la fen\u00eatre.<strong> \u00e9vite le contraste thermique<\/strong>. La fen\u00eatre est enti\u00e8rement r\u00e9glable et, \u00e0 son ouverture maximale, l'entr\u00e9e d'air occupe toute la section transversale. Gr\u00e2ce \u00e0 son poids, la fen\u00eatre n'a pas de ressorts, ce qui \u00e9vite les probl\u00e8mes d'usure.<\/p>\n<p>&nbsp;<\/p>","protected":false},"excerpt":{"rendered":"<p>Entr\u00e9es d'air sur mesure.<\/p>\n<p>Les fen\u00eatres directionnelles sont con\u00e7ues pour assurer un apport d'air optimal \u00e0 l'int\u00e9rieur des fermes. Le corps est en acier inoxydable d'une seule pi\u00e8ce. La lame de la fen\u00eatre est dot\u00e9e d'une couche isolante de haute densit\u00e9 \u00e0 l'int\u00e9rieur pour \u00e9viter les contrastes thermiques.<\/p>\n<p>La fen\u00eatre est enti\u00e8rement r\u00e9glable et, \u00e0 son ouverture maximale, l'entr\u00e9e d'air occupe toute la section transversale. Gr\u00e2ce \u00e0 son poids, la fen\u00eatre n'a pas de ressorts, ce qui \u00e9vite les probl\u00e8mes d'usure.<\/p>\n<p>Ref: 000.157.135<\/p>","protected":false},"featured_media":19367,"comment_status":"open","ping_status":"closed","template":"","meta":[],"product_brand":[],"product_cat":[395,359],"product_tag":[295,279,296,300,253,293,292,294],"class_list":{"0":"post-11310","1":"product","2":"type-product","3":"status-publish","4":"has-post-thumbnail","6":"product_cat-ventanas","7":"product_cat-ventilacion","8":"product_tag-aire","9":"product_tag-cerdos","10":"product_tag-entradas-de-aire","11":"product_tag-home","12":"product_tag-porinox","13":"product_tag-refrigeracion","14":"product_tag-ventanas-direccionales","15":"product_tag-ventilacion","17":"first","18":"instock","19":"shipping-taxable","20":"purchasable","21":"product-type-simple"},"_links":{"self":[{"href":"https:\/\/www.porinox.com\/fr\/wp-json\/wp\/v2\/product\/11310","targetHints":{"allow":["GET"]}}],"collection":[{"href":"https:\/\/www.porinox.com\/fr\/wp-json\/wp\/v2\/product"}],"about":[{"href":"https:\/\/www.porinox.com\/fr\/wp-json\/wp\/v2\/types\/product"}],"replies":[{"embeddable":true,"href":"https:\/\/www.porinox.com\/fr\/wp-json\/wp\/v2\/comments?post=11310"}],"version-history":[{"count":0,"href":"https:\/\/www.porinox.com\/fr\/wp-json\/wp\/v2\/product\/11310\/revisions"}],"wp:featuredmedia":[{"embeddable":true,"href":"https:\/\/www.porinox.com\/fr\/wp-json\/wp\/v2\/media\/19367"}],"wp:attachment":[{"href":"https:\/\/www.porinox.com\/fr\/wp-json\/wp\/v2\/media?parent=11310"}],"wp:term":[{"taxonomy":"product_brand","embeddable":true,"href":"https:\/\/www.porinox.com\/fr\/wp-json\/wp\/v2\/product_brand?post=11310"},{"taxonomy":"product_cat","embeddable":true,"href":"https:\/\/www.porinox.com\/fr\/wp-json\/wp\/v2\/product_cat?post=11310"},{"taxonomy":"product_tag","embeddable":true,"href":"https:\/\/www.porinox.com\/fr\/wp-json\/wp\/v2\/product_tag?post=11310"}],"curies":[{"name":"wp","href":"https:\/\/api.w.org\/{rel}","templated":true}]}}