{"id":11307,"date":"2021-09-15T12:33:24","date_gmt":"2021-09-15T11:33:24","guid":{"rendered":"https:\/\/porinox.com\/?post_type=product&#038;p=11307"},"modified":"2024-12-18T08:47:49","modified_gmt":"2024-12-18T07:47:49","slug":"tremie-de-distribution-2","status":"publish","type":"product","link":"https:\/\/www.porinox.com\/fr\/producto\/tolva-dispensadora\/","title":{"rendered":"TR\u00c9MIE DE DISTRIBUTION"},"content":{"rendered":"<p>Syst\u00e8me de dosage pour les mangeoires dans les parcs de mise bas. Il est actionn\u00e9 par la truie en appuyant sur la partie avant de la mangeoire avec son nez, ce qui abaisse l'aliment et le fait descendre dans la mangeoire. <strong>de pouvoir profiter de la nourriture quand elle en a envie, en r\u00e9gulant sa propre consommation d'aliments \u00e0 tout moment.<\/strong><\/p>\n<p>&nbsp;<\/p>","protected":false},"excerpt":{"rendered":"<div class=\"page\" title=\"Page 14\">\n<div class=\"layoutArea\">\n<div class=\"column\">\n<p>Tolva dosificadora para parideras<\/p>\n<p>Sistema de dosificacio\u0301n para los comederos de pienso de las parideras. La cerda lo acciona pulsando la parte frontal con el morro, para hacer bajar el alimento y poder disfrutar de pienso cuando le apetezca, regulando ella misma la ingesta que necesita en cada momento.<\/p>\n<\/div>\n<\/div>\n<\/div>","protected":false},"featured_media":19866,"comment_status":"open","ping_status":"closed","template":"","meta":[],"product_brand":[],"product_cat":[374,354],"product_tag":[289,288,287,266,265,253,277],"class_list":{"0":"post-11307","1":"product","2":"type-product","3":"status-publish","4":"has-post-thumbnail","6":"product_cat-comederos-maternidad-y-parideras","7":"product_cat-maternidad-y-parideras","8":"product_tag-alimentacion","9":"product_tag-crias","10":"product_tag-dispensadora","11":"product_tag-maternidad","12":"product_tag-parideras","13":"product_tag-porinox","14":"product_tag-tolva","16":"first","17":"instock","18":"shipping-taxable","19":"purchasable","20":"product-type-simple"},"_links":{"self":[{"href":"https:\/\/www.porinox.com\/fr\/wp-json\/wp\/v2\/product\/11307","targetHints":{"allow":["GET"]}}],"collection":[{"href":"https:\/\/www.porinox.com\/fr\/wp-json\/wp\/v2\/product"}],"about":[{"href":"https:\/\/www.porinox.com\/fr\/wp-json\/wp\/v2\/types\/product"}],"replies":[{"embeddable":true,"href":"https:\/\/www.porinox.com\/fr\/wp-json\/wp\/v2\/comments?post=11307"}],"version-history":[{"count":0,"href":"https:\/\/www.porinox.com\/fr\/wp-json\/wp\/v2\/product\/11307\/revisions"}],"wp:featuredmedia":[{"embeddable":true,"href":"https:\/\/www.porinox.com\/fr\/wp-json\/wp\/v2\/media\/19866"}],"wp:attachment":[{"href":"https:\/\/www.porinox.com\/fr\/wp-json\/wp\/v2\/media?parent=11307"}],"wp:term":[{"taxonomy":"product_brand","embeddable":true,"href":"https:\/\/www.porinox.com\/fr\/wp-json\/wp\/v2\/product_brand?post=11307"},{"taxonomy":"product_cat","embeddable":true,"href":"https:\/\/www.porinox.com\/fr\/wp-json\/wp\/v2\/product_cat?post=11307"},{"taxonomy":"product_tag","embeddable":true,"href":"https:\/\/www.porinox.com\/fr\/wp-json\/wp\/v2\/product_tag?post=11307"}],"curies":[{"name":"wp","href":"https:\/\/api.w.org\/{rel}","templated":true}]}}