{"id":11291,"date":"2021-09-15T10:47:24","date_gmt":"2021-09-15T09:47:24","guid":{"rendered":"https:\/\/porinox.com\/?post_type=product&#038;p=11291"},"modified":"2026-01-20T07:58:42","modified_gmt":"2026-01-20T06:58:42","slug":"tremie-lineaire-humide","status":"publish","type":"product","link":"https:\/\/www.porinox.com\/fr\/producto\/tolva-lineal-humeda\/","title":{"rendered":"TR\u00c9MIE LIN\u00c9AIRE HUMIDE"},"content":{"rendered":"<h4>La tr\u00e9mie Linear Wet Weaner Hopper est m\u00e9ticuleusement con\u00e7ue pour faciliter la transition des porcelets du sevrage \u00e0 l'engraissement. Cette tr\u00e9mie allie fonctionnalit\u00e9 et durabilit\u00e9.<\/h4>\n<p>Fabriqu\u00e9e en acier inoxydable de premi\u00e8re qualit\u00e9, la tr\u00e9mie humide lin\u00e9aire r\u00e9siste \u00e0 la corrosion. <strong>corrosion<\/strong>, <strong>la durabilit\u00e9<\/strong> y <strong>nettoyage facile<\/strong>. Ce mat\u00e9riau de haute qualit\u00e9 garantit une longue dur\u00e9e de vie du produit, m\u00eame dans les environnements exigeants des \u00e9levages de porcs.<\/p>\n<p>Sp\u00e9cialement con\u00e7ue pour faciliter le passage des porcelets du sevrage \u00e0 l'engraissement, la tr\u00e9mie lin\u00e9aire permet une transition ais\u00e9e du sevrage \u00e0 l'engraissement. <strong>un environnement alimentaire optimal<\/strong>. La combinaison d'eau et d'aliments dans le m\u00eame plat <strong>permet d'habituer les porcelets \u00e0 une future alimentation s\u00e8che<\/strong>, promouvoir une adaptation plus harmonieuse et plus efficace.<\/p>\n<p>La tr\u00e9mie est \u00e9quip\u00e9e d'un syst\u00e8me de m\u00e9lange qui garantit une qualit\u00e9 optimale. <strong>r\u00e9partition homog\u00e8ne des aliments et de l'eau dans le plat<\/strong>. Cette caract\u00e9ristique unique favorise l'ingestion des porcelets en fournissant un m\u00e9lange uniforme et app\u00e9tent, contribuant ainsi au d\u00e9veloppement sain des animaux.<\/p>\n<p>Porinox se soucie du confort de l'utilisateur, et la tr\u00e9mie de sevrage humide Linear ne fait pas exception \u00e0 la r\u00e8gle. Sa conception intuitive permet de <strong>L'installation et le nettoyage sont faciles, ce qui permet de r\u00e9duire le temps consacr\u00e9 aux t\u00e2ches op\u00e9rationnelles et d'am\u00e9liorer l'efficacit\u00e9 globale de l'exploitation.<\/strong><\/p>\n<p>La tr\u00e9mie est dot\u00e9e d'un <strong>conception ergonomique<\/strong> qui favorise le confort et la s\u00e9curit\u00e9 des porcelets pendant l'alimentation. <strong>Les bords arrondis et les surfaces lisses minimisent le risque de blessure.<\/strong>, assurer un environnement s\u00fbr et sain pour les animaux.<\/p>\n<p>Sa configuration et ses dimensions garantissent un acc\u00e8s facile et ordonn\u00e9 aux porcelets, m\u00eame les plus petits. Cette tr\u00e9mie a <strong>6 bouches larges<\/strong> (3 de chaque c\u00f4t\u00e9 : \u00e0 l'avant et \u00e0 l'arri\u00e8re) pour alimenter deux enclos en m\u00eame temps. <strong>30 \u00e0 40 porcelets<\/strong>.<\/p>\n<p>L'alimentation peut \u00eatre assur\u00e9e par n'importe quel type de syst\u00e8me d'alimentation \u00e0 sec, qu'il soit automatique ou manuel.<\/p>\n<p>&nbsp;<\/p>","protected":false},"excerpt":{"rendered":"<p>Cette tr\u00e9mie compl\u00e8te la s\u00e9rie INOX linear en offrant une version humide. Sa configuration et ses dimensions garantissent aux porcelets un acc\u00e8s facile et ordonn\u00e9 \u00e0 la nourriture et \u00e0 l'eau d\u00e8s le premier jour, avec un design sans ar\u00eates vives pour \u00e9viter les blessures. Le syst\u00e8me de r\u00e9glage permet une manipulation ais\u00e9e et une \u00e9tanch\u00e9it\u00e9 totale.<\/p>\n<p>R\u00e9f. 000.147.360<\/p>","protected":false},"featured_media":18646,"comment_status":"open","ping_status":"closed","template":"","meta":[],"product_brand":[],"product_cat":[352,363,362],"product_tag":[275,276,253,277],"class_list":{"0":"post-11291","1":"product","2":"type-product","3":"status-publish","4":"has-post-thumbnail","6":"product_cat-destete","7":"product_cat-lineal","8":"product_cat-tolvas","9":"product_tag-destete","10":"product_tag-inox","11":"product_tag-porinox","12":"product_tag-tolva","14":"first","15":"instock","16":"shipping-taxable","17":"product-type-simple"},"_links":{"self":[{"href":"https:\/\/www.porinox.com\/fr\/wp-json\/wp\/v2\/product\/11291","targetHints":{"allow":["GET"]}}],"collection":[{"href":"https:\/\/www.porinox.com\/fr\/wp-json\/wp\/v2\/product"}],"about":[{"href":"https:\/\/www.porinox.com\/fr\/wp-json\/wp\/v2\/types\/product"}],"replies":[{"embeddable":true,"href":"https:\/\/www.porinox.com\/fr\/wp-json\/wp\/v2\/comments?post=11291"}],"version-history":[{"count":0,"href":"https:\/\/www.porinox.com\/fr\/wp-json\/wp\/v2\/product\/11291\/revisions"}],"wp:featuredmedia":[{"embeddable":true,"href":"https:\/\/www.porinox.com\/fr\/wp-json\/wp\/v2\/media\/18646"}],"wp:attachment":[{"href":"https:\/\/www.porinox.com\/fr\/wp-json\/wp\/v2\/media?parent=11291"}],"wp:term":[{"taxonomy":"product_brand","embeddable":true,"href":"https:\/\/www.porinox.com\/fr\/wp-json\/wp\/v2\/product_brand?post=11291"},{"taxonomy":"product_cat","embeddable":true,"href":"https:\/\/www.porinox.com\/fr\/wp-json\/wp\/v2\/product_cat?post=11291"},{"taxonomy":"product_tag","embeddable":true,"href":"https:\/\/www.porinox.com\/fr\/wp-json\/wp\/v2\/product_tag?post=11291"}],"curies":[{"name":"wp","href":"https:\/\/api.w.org\/{rel}","templated":true}]}}