{"id":11219,"date":"2021-08-30T06:16:20","date_gmt":"2021-08-30T05:16:20","guid":{"rendered":"https:\/\/porinox.com\/?post_type=product&#038;p=11219"},"modified":"2024-07-18T09:48:28","modified_gmt":"2024-07-18T07:48:28","slug":"coussinet-porteur","status":"publish","type":"product","link":"https:\/\/www.porinox.com\/fr\/producto\/casquillo-soporte-carga\/","title":{"rendered":"CASQUILLO"},"content":{"rendered":"<p>La douille porteuse en Porinox est l'un des \u00e9l\u00e9ments qui composent les syst\u00e8mes automatiques. <strong>Ils supportent la charge et les tuyaux qui sont utilis\u00e9s comme conduits pour transporter l'alimentation \u00e9lectrique.<\/strong><\/p>\n<p>&nbsp;<\/p>","protected":false},"excerpt":{"rendered":"<p>El casquillo fabricado en Porinox, es uno de los elementos que configuran los sistemas autom\u00e1ticos.<\/p>\n<p>Ils supportent la charge et les tuyaux qui sont utilis\u00e9s comme conduits pour transporter l'alimentation \u00e9lectrique.<\/p>\n<p>&nbsp;<\/p>\n<p><em>Ref. 000.017.516<\/em><\/p>\n<p>&nbsp;<\/p>","protected":false},"featured_media":19276,"comment_status":"open","ping_status":"closed","template":"","meta":[],"product_brand":[],"product_cat":[381,444,356],"product_tag":[254,269,258,270,255,253,271,268],"class_list":{"0":"post-11219","1":"product","2":"type-product","3":"status-publish","4":"has-post-thumbnail","6":"product_cat-cadena","7":"product_cat-complementos","8":"product_cat-sistemas-de-distribucion","9":"product_tag-automatismos","10":"product_tag-casquillo","11":"product_tag-complementos","12":"product_tag-granjas","13":"product_tag-pienso","14":"product_tag-porinox","15":"product_tag-soporte","16":"product_tag-tubo","18":"first","19":"instock","20":"shipping-taxable","21":"purchasable","22":"product-type-simple"},"_links":{"self":[{"href":"https:\/\/www.porinox.com\/fr\/wp-json\/wp\/v2\/product\/11219","targetHints":{"allow":["GET"]}}],"collection":[{"href":"https:\/\/www.porinox.com\/fr\/wp-json\/wp\/v2\/product"}],"about":[{"href":"https:\/\/www.porinox.com\/fr\/wp-json\/wp\/v2\/types\/product"}],"replies":[{"embeddable":true,"href":"https:\/\/www.porinox.com\/fr\/wp-json\/wp\/v2\/comments?post=11219"}],"version-history":[{"count":0,"href":"https:\/\/www.porinox.com\/fr\/wp-json\/wp\/v2\/product\/11219\/revisions"}],"wp:featuredmedia":[{"embeddable":true,"href":"https:\/\/www.porinox.com\/fr\/wp-json\/wp\/v2\/media\/19276"}],"wp:attachment":[{"href":"https:\/\/www.porinox.com\/fr\/wp-json\/wp\/v2\/media?parent=11219"}],"wp:term":[{"taxonomy":"product_brand","embeddable":true,"href":"https:\/\/www.porinox.com\/fr\/wp-json\/wp\/v2\/product_brand?post=11219"},{"taxonomy":"product_cat","embeddable":true,"href":"https:\/\/www.porinox.com\/fr\/wp-json\/wp\/v2\/product_cat?post=11219"},{"taxonomy":"product_tag","embeddable":true,"href":"https:\/\/www.porinox.com\/fr\/wp-json\/wp\/v2\/product_tag?post=11219"}],"curies":[{"name":"wp","href":"https:\/\/api.w.org\/{rel}","templated":true}]}}