{"id":11209,"date":"2021-08-30T06:14:02","date_gmt":"2021-08-30T05:14:02","guid":{"rendered":"https:\/\/porinox.com\/?post_type=product&#038;p=11209"},"modified":"2024-07-18T10:06:36","modified_gmt":"2024-07-18T08:06:36","slug":"collier-de-serrage","status":"publish","type":"product","link":"https:\/\/www.porinox.com\/fr\/producto\/grapa-union\/","title":{"rendered":"GRAPA UNION"},"content":{"rendered":"<p>Pour d\u00e9velopper le syst\u00e8me de cha\u00eene, Porinox a con\u00e7u un clip, fabriqu\u00e9 en acier inoxydable.<strong> Acier inoxydable 304<\/strong>, pour les tubes de<strong> \u00d860mm<\/strong>. Sa fonction principale est de\u00a0 <strong>serrage de gaine<\/strong> pour le transport de denr\u00e9es alimentaires. Par l'interm\u00e9diaire du<strong> raccord de tube<\/strong> nous pouvons r\u00e9aliser le syst\u00e8me de cha\u00eene automatique.<\/p>\n<p>&nbsp;<\/p>","protected":false},"excerpt":{"rendered":"<p>Pour d\u00e9velopper le syst\u00e8me de cha\u00eene, Porinox a con\u00e7u un clip, fabriqu\u00e9 en acier inoxydable.<strong> Acier inoxydable 304<\/strong>, pour les tubes de<strong> \u00d860mm<\/strong>. Sa fonction principale est de\u00a0 <strong>serrage de gaine<\/strong> pour le transport de denr\u00e9es alimentaires. Par l'interm\u00e9diaire du<strong> raccord de tube<\/strong> nous pouvons r\u00e9aliser le syst\u00e8me de cha\u00eene automatique.<\/p>\n<p>&nbsp;<\/p>\n<p>&nbsp;<\/p>\n<p><em>Ref: 000.017.563<\/em><\/p>\n<p>&nbsp;<\/p>","protected":false},"featured_media":19295,"comment_status":"open","ping_status":"closed","template":"","meta":[],"product_brand":[],"product_cat":[356,488,490],"product_tag":[254,258,257,300,253,259],"class_list":{"0":"post-11209","1":"product","2":"type-product","3":"status-publish","4":"has-post-thumbnail","6":"product_cat-sistemas-de-distribucion","7":"product_cat-accesorios-tubos-de-linea","8":"product_cat-soportes","9":"product_tag-automatismos","10":"product_tag-complementos","11":"product_tag-grapa","12":"product_tag-home","13":"product_tag-porinox","14":"product_tag-union-de-hierro","16":"first","17":"instock","18":"shipping-taxable","19":"product-type-simple"},"_links":{"self":[{"href":"https:\/\/www.porinox.com\/fr\/wp-json\/wp\/v2\/product\/11209","targetHints":{"allow":["GET"]}}],"collection":[{"href":"https:\/\/www.porinox.com\/fr\/wp-json\/wp\/v2\/product"}],"about":[{"href":"https:\/\/www.porinox.com\/fr\/wp-json\/wp\/v2\/types\/product"}],"replies":[{"embeddable":true,"href":"https:\/\/www.porinox.com\/fr\/wp-json\/wp\/v2\/comments?post=11209"}],"version-history":[{"count":0,"href":"https:\/\/www.porinox.com\/fr\/wp-json\/wp\/v2\/product\/11209\/revisions"}],"wp:featuredmedia":[{"embeddable":true,"href":"https:\/\/www.porinox.com\/fr\/wp-json\/wp\/v2\/media\/19295"}],"wp:attachment":[{"href":"https:\/\/www.porinox.com\/fr\/wp-json\/wp\/v2\/media?parent=11209"}],"wp:term":[{"taxonomy":"product_brand","embeddable":true,"href":"https:\/\/www.porinox.com\/fr\/wp-json\/wp\/v2\/product_brand?post=11209"},{"taxonomy":"product_cat","embeddable":true,"href":"https:\/\/www.porinox.com\/fr\/wp-json\/wp\/v2\/product_cat?post=11209"},{"taxonomy":"product_tag","embeddable":true,"href":"https:\/\/www.porinox.com\/fr\/wp-json\/wp\/v2\/product_tag?post=11209"}],"curies":[{"name":"wp","href":"https:\/\/api.w.org\/{rel}","templated":true}]}}