{"id":27,"date":"2019-11-06T12:39:27","date_gmt":"2019-11-06T12:39:27","guid":{"rendered":"http:\/\/porinox.com\/?page_id=27"},"modified":"2025-05-27T08:31:21","modified_gmt":"2025-05-27T06:31:21","slug":"avis-juridique-et-politique-de-confidentialite","status":"publish","type":"page","link":"https:\/\/www.porinox.com\/fr\/aviso-legal-y-politica-de-privacidad\/","title":{"rendered":"Avis juridique et politique de confidentialit\u00e9"},"content":{"rendered":"<div data-elementor-type=\"wp-page\" data-elementor-id=\"27\" class=\"elementor elementor-27\" data-elementor-post-type=\"page\">\n\t\t\t\t<div class=\"elementor-element elementor-element-8afca1a e-flex e-con-boxed e-con e-parent\" data-id=\"8afca1a\" data-element_type=\"container\" data-e-type=\"container\" data-settings=\"{&quot;background_background&quot;:&quot;classic&quot;}\">\n\t\t\t\t\t<div class=\"e-con-inner\">\n\t\t\t\t<div class=\"elementor-element elementor-element-84acae7 elementor-widget elementor-widget-spacer\" data-id=\"84acae7\" data-element_type=\"widget\" data-e-type=\"widget\" data-widget_type=\"spacer.default\">\n\t\t\t\t<div class=\"elementor-widget-container\">\n\t\t\t\t\t\t\t<div class=\"elementor-spacer\">\n\t\t\t<div class=\"elementor-spacer-inner\"><\/div>\n\t\t<\/div>\n\t\t\t\t\t\t<\/div>\n\t\t\t\t<\/div>\n\t\t\t\t\t<\/div>\n\t\t\t\t<\/div>\n\t\t<div class=\"elementor-element elementor-element-272703a6 e-con-full e-flex e-con e-parent\" data-id=\"272703a6\" data-element_type=\"container\" data-e-type=\"container\">\n\t\t\t\t<div class=\"elementor-element elementor-element-14886712 elementor-widget elementor-widget-text-editor\" data-id=\"14886712\" data-element_type=\"widget\" data-e-type=\"widget\" data-widget_type=\"text-editor.default\">\n\t\t\t\t<div class=\"elementor-widget-container\">\n\t\t\t\t\t\t\t\t\t<h1>Avis juridique<\/h1><p>Bienvenue sur le site web de Porinox SL.<\/p><p>Les conditions d'utilisation du site web sont les suivantes. En naviguant sur ce site, vous devenez un utilisateur du site et acceptez donc les clauses d\u00e9taill\u00e9es dans ce document.<\/p><h3>IDENTIFICATION<\/h3><p>Conform\u00e9ment aux dispositions de l'article 10 de la loi 34\/2002, du 11 juillet, sur les services de la soci\u00e9t\u00e9 de l'information et le commerce \u00e9lectronique, nous vous informons que www.porinox.com est un domaine de l'entreprise Porinox SL, dont le si\u00e8ge social est situ\u00e9 Avinguda Alba Rosa 43 Olot (17800) et dont le num\u00e9ro de t\u00e9l\u00e9phone est 972 692 085.<\/p><p>L'entreprise s'appelle PORINOX SL avec CIF : B17637828 et est inscrite au registre des entreprises de G\u00e9rone, volume 1574, livre 0, section 8, page 14, feuille GI-26211.<\/p><h3>R\u00c8GLES D'UTILISATION<\/h3><p>L'utilisateur s'engage \u00e0 faire un usage appropri\u00e9 et licite du pr\u00e9sent SITE ainsi que de ses contenus et services, conform\u00e9ment \u00e0 la l\u00e9gislation applicable \u00e0 tout moment, \u00e0 la morale et aux bonnes coutumes g\u00e9n\u00e9ralement accept\u00e9es et \u00e0 l'ordre public.\u00a0<\/p><p>Il est donc interdit d'effectuer toute action susceptible de provoquer des alt\u00e9rations du contenu de ce SITE ou un dysfonctionnement de celui-ci, y compris l'introduction d'un virus ou d'un \u00e9l\u00e9ment similaire.\u00a0<\/p><h3>LA PROPRI\u00c9T\u00c9 INTELLECTUELLE<\/h3><p>Les pages WEB et les informations ou \u00e9l\u00e9ments qu'elles contiennent, y compris les textes, documents, photographies, dessins repr\u00e9sentant des graphiques, bases de donn\u00e9es, vid\u00e9os ainsi que les logos, marques, noms commerciaux ou autres signes distinctifs, sont prot\u00e9g\u00e9s par des droits de propri\u00e9t\u00e9 intellectuelle ou industrielle dont Porinox SL est titulaire ou dispose de licences l\u00e9gitimes.\u00a0<\/p><p>Toute forme d'exploitation, y compris tout type de reproduction, de distribution, de transfert \u00e0 des tiers, de communication publique et de transformation, par tout type de support et de m\u00e9dia, est interdite sans autorisation pr\u00e9alable et expresse.<\/p><h3>RESPONSABILIT\u00c9<\/h3><p>Notre intention est de fournir un site web qui offre un fonctionnement continu et de qualit\u00e9.\u00a0<\/p><p>Toutefois, veuillez noter que nous ne pouvons pas garantir un acc\u00e8s continu et que vous pouvez rencontrer des interruptions ou des arr\u00eats dus \u00e0 des facteurs ou \u00e0 des circonstances ind\u00e9pendants de notre volont\u00e9.<\/p><p>Porinox SL n'est pas responsable des informations et autres contenus int\u00e9gr\u00e9s dans les espaces ou pages web de tiers accessibles au moyen de liens ou d'hyperliens.<\/p><p>Porinox SL n'est pas responsable des dommages pouvant r\u00e9sulter, entre autres, de ce qui suit :<\/p><ul><li>Interf\u00e9rences, interruptions, d\u00e9faillances, omissions, pannes t\u00e9l\u00e9phoniques, retards, blocages ou d\u00e9connexions dans le fonctionnement du syst\u00e8me \u00e9lectronique, caus\u00e9s par des d\u00e9ficiences, des surcharges et des erreurs dans les lignes et les r\u00e9seaux de t\u00e9l\u00e9communications.<\/li><li>Interf\u00e9rence par l'utilisation de logiciels malveillants de toute nature et par tout moyen de communication.<\/li><li>Utilisation inappropri\u00e9e de ce site Web.<\/li><li>Erreurs caus\u00e9es par un mauvais fonctionnement du navigateur ou par l'utilisation de versions non mises \u00e0 jour du navigateur.<\/li><\/ul><div>\u00a0<\/div><p>L'utilisateur, en cas de dommages caus\u00e9s par une utilisation ill\u00e9gale ou inappropri\u00e9e de ce SITE, peut \u00eatre tenu responsable des dommages.\u00a0<\/p><p>En outre, l'utilisateur est responsable des dommages r\u00e9sultant de l'utilisation de \u00abrobots\u00bb, \u00abspiders\u00bb,... ou d'outils similaires utilis\u00e9s pour collecter ou extraire des donn\u00e9es ou de toute autre action de leur part qui impose un fardeau qui diminue le fonctionnement du SITE.<\/p><h2>L\u00c9GISLATION<\/h2><p>Pour la r\u00e9solution de tout conflit qui pourrait survenir suite \u00e0 la visite de notre SITE WEB, nous vous conseillons de contacter directement notre entreprise \u00e0 travers les coordonn\u00e9es que nous vous proposons, et d'expliquer le cas, dans le but de parvenir \u00e0 un accord \u00e0 l'amiable pour les deux parties.\u00a0<\/p><p>Dans le cas contraire, la loi applicable en cas de litige ou de conflit d'interpr\u00e9tation des termes qui composent cet avis juridique, ainsi que toute question relative aux services et produits de ce portail, sera la loi espagnole.\u00a0<\/p><p>Notre soci\u00e9t\u00e9 et l'utilisateur acceptent de se soumettre aux cours et tribunaux du domicile de l'utilisateur, \u00e0 condition que l'utilisateur se trouve sur le territoire espagnol et qu'il agisse en tant que consommateur.<\/p>\t\t\t\t\t\t\t\t<\/div>\n\t\t\t\t<\/div>\n\t\t\t\t<div class=\"elementor-element elementor-element-dc47fd0 elementor-widget elementor-widget-text-editor\" data-id=\"dc47fd0\" data-element_type=\"widget\" data-e-type=\"widget\" data-widget_type=\"text-editor.default\">\n\t\t\t\t<div class=\"elementor-widget-container\">\n\t\t\t\t\t\t\t\t\t<h1>Politique de confidentialit\u00e9<\/h1><h3>Champ d'application de la politique de protection des donn\u00e9es personnelles<\/h3><p>La pr\u00e9sente politique de protection des donn\u00e9es personnelles couvre tout traitement de donn\u00e9es effectu\u00e9 lors de la navigation ou de l'interaction sur l'une de nos pages web ou sur les r\u00e9seaux sociaux sur lesquels elle peut \u00eatre pr\u00e9sent\u00e9e (Facebook, Twitter, Instagram, etc.).<\/p><p>Il s'applique \u00e9galement \u00e0 toute proc\u00e9dure interne \u00e0 l'entreprise qui n\u00e9cessite la collecte de donn\u00e9es, que ce soit sous forme de document, d'image ou de tout autre syst\u00e8me.<\/p><p>Dans chacun de ces m\u00e9dias, vous pouvez consulter des informations et, dans certains cas, remplir des formulaires, r\u00e9pondre \u00e0 des enqu\u00eates, participer \u00e0 des concours, consulter, envoyer des photos, des commentaires, etc. et, par cons\u00e9quent, fournir des informations sur vos donn\u00e9es personnelles. Tous les traitements sont soumis \u00e0 notre politique de confidentialit\u00e9.<\/p><h3>Qui est responsable du traitement de vos donn\u00e9es personnelles ?<\/h3><p>Conform\u00e9ment aux dispositions du R\u00e8glement (UE) 2016\/679 du Parlement europ\u00e9en et du Conseil, du 27 avril 2016 et de la Loi organique 3\/2018, du 5 d\u00e9cembre, sur la protection des donn\u00e9es personnelles et la garantie des droits num\u00e9riques, nous vous informons que les donn\u00e9es personnelles que vous fournissez seront trait\u00e9es par PORINOX SL, dont le si\u00e8ge social est situ\u00e9 Avenida Alba Rosa 43, Olot (17800), CIF B17637828 et l'adresse de courriel <a href=\"mailto:info@porinox.com\" target=\"_blank\" rel=\"noopener noreferrer\">info@porinox.com<\/a>.<\/p><h3>Qui est le responsable du traitement de vos donn\u00e9es personnelles ?<\/h3><p>Le d\u00e9l\u00e9gu\u00e9 \u00e0 la protection des donn\u00e9es personnelles est la personne charg\u00e9e de prot\u00e9ger le droit fondamental \u00e0 la protection des donn\u00e9es chez Porinox SL. et il est responsable du respect de la r\u00e9glementation en mati\u00e8re de protection des donn\u00e9es. Vous pouvez contacter le d\u00e9l\u00e9gu\u00e9 \u00e0 la protection des donn\u00e9es personnelles \u00e0 l'adresse \u00e9lectronique suivante : <a href=\"mailto:info@porinox.com\" target=\"_blank\" rel=\"noopener noreferrer\">info@porinox.com<\/a>.<\/p><h3>Quelles sont les donn\u00e9es personnelles collect\u00e9es et dans quel but ?<\/h3><p>Les donn\u00e9es \u00e0 caract\u00e8re personnel collect\u00e9es et les finalit\u00e9s pour lesquelles elles sont collect\u00e9es sont indiqu\u00e9es ci-dessous :<\/p><table style=\"height: 643px;\" width=\"596\"><tbody><tr><td width=\"142\">\u00a0<b>SECTION<\/b><\/td><td width=\"142\"><strong>DONN\u00c9ES<\/strong><\/td><td width=\"142\"><strong>OBJECTIF ET L\u00c9GITIMIT\u00c9\u00a0<\/strong><\/td><td width=\"142\"><strong>CIBLE<\/strong><\/td><\/tr><tr><td width=\"142\"><strong>Enregistrement des clients<\/strong><\/td><td width=\"142\">Nom, pr\u00e9nom, courriel, t\u00e9l\u00e9phone, adresse, d\u00e9tails de facturation et de paiement.<\/td><td width=\"142\"><p><span style=\"font-size: 14.4px;\">Cr\u00e9ation d'un compte pour fournir les services demand\u00e9s, la gestion administrative et la facturation : L\u00e9gitim\u00e9e par la relation contractuelle.<\/span><\/p><p><span style=\"font-size: 14.4px;\">Envoi d'informations commerciales : l\u00e9gitim\u00e9 par votre consentement.<\/span><\/p><\/td><td width=\"142\">Notre entreprise<\/td><\/tr><tr><td width=\"142\"><strong>Formulaire de contact WEB<\/strong><\/td><td width=\"142\">Nom et adresse \u00e9lectronique<\/td><td width=\"142\"><p><span style=\"font-size: 14.4px;\">Formulaire de contact web (nom et courriel) : pour r\u00e9pondre \u00e0 votre question, l\u00e9gitim\u00e9e par votre demande ant\u00e9rieure.<\/span><\/p><p><span style=\"font-size: 14.4px;\">Envoi d'informations : L\u00e9gitim\u00e9 par votre consentement<\/span><span style=\"font-size: 12.96px;\">.<\/span><\/p><\/td><td width=\"142\">Notre entreprise<\/td><\/tr><tr><td width=\"142\"><strong>Bulletin d'information<\/strong><\/td><td width=\"142\">Nom et adresse \u00e9lectronique<\/td><td width=\"142\"><p><span style=\"font-size: 14.4px;\">Envoi d'informations commerciales : l\u00e9gitim\u00e9 par votre consentement<\/span><span style=\"font-size: 12.96px;\">.<\/span><\/p><\/td><td width=\"142\"><p>Notre entreprise<\/p><\/td><\/tr><\/tbody><\/table><h3>Base juridique du traitement des donn\u00e9es personnelles<\/h3><ol><li>Dans le cadre d'une relation contractuelle.<\/li><li>Lorsque vous nous donnez votre consentement.<\/li><li>Pour l'int\u00e9r\u00eat l\u00e9gitime de PORINOX SL \u00e0 pr\u00e9senter des services, des produits et des initiatives susceptibles de vous int\u00e9resser.<\/li><li>Pour l'accomplissement des obligations impos\u00e9es par la loi.<\/li><\/ol><p>Vous pouvez r\u00e9voquer votre consentement \u00e0 tout moment en contactant : info@porinox.com.<\/p><h3>Publication de photos ou de vid\u00e9os sur le site web ou sur les r\u00e9seaux sociaux<\/h3><p>Pour la publication de photographies ou de vid\u00e9os de nos employ\u00e9s, clients, utilisateurs ou mineurs sur le SITE ou les r\u00e9seaux sociaux, ainsi que pour la collecte de donn\u00e9es dans le cadre d'un concours ou de tout autre traitement de donn\u00e9es \u00e0 caract\u00e8re personnel, nous obtenons au pr\u00e9alable le consentement expr\u00e8s, non \u00e9quivoque et \u00e9clair\u00e9 du propri\u00e9taire. Dans le cas des mineurs de moins de 14 ans, ce consentement doit \u00eatre donn\u00e9 par leurs parents ou tuteurs l\u00e9gaux.<\/p><p>Le traitement de ces images respecte le principe de proportionnalit\u00e9, c'est-\u00e0-dire qu'elles ne sont utilis\u00e9es qu'aux fins sp\u00e9cifiques pour lesquelles le consentement a \u00e9t\u00e9 donn\u00e9.<\/p><h3>Donn\u00e9es non pertinentes<\/h3><p>PORINOX SL avertit l'utilisateur que, sauf dans le cas de la repr\u00e9sentation d'une personne morale, aucun utilisateur ne peut utiliser l'identit\u00e9 d'une autre personne et communiquer ses donn\u00e9es personnelles, de sorte que l'utilisateur ne peut fournir que des donn\u00e9es personnelles li\u00e9es \u00e0 sa propre identit\u00e9 et qui sont ad\u00e9quates, pertinentes, actuelles, exactes et v\u00e9ridiques.<\/p><h3>P\u00e9riode de conservation des donn\u00e9es<\/h3><p>PORINOX SL conserve vos donn\u00e9es personnelles aussi longtemps que n\u00e9cessaire aux fins pour lesquelles elles ont \u00e9t\u00e9 collect\u00e9es. S'il existe une directive sp\u00e9cifique, elle sera d\u00e9taill\u00e9e dans la section correspondante.<\/p><h3>Communication de vos donn\u00e9es<\/h3><p style=\"--tw-border-spacing-x: 0; --tw-border-spacing-y: 0; --tw-translate-x: 0; --tw-translate-y: 0; --tw-rotate: 0; --tw-skew-x: 0; --tw-skew-y: 0; --tw-scale-x: 1; --tw-scale-y: 1; --tw-scroll-snap-strictness: proximity; --tw-ring-offset-width: 0px; --tw-ring-offset-color: #fff; --tw-ring-color: rgba(59,130,246,.5); --tw-ring-offset-shadow: 0 0 transparent; --tw-ring-shadow: 0 0 transparent; --tw-shadow: 0 0 transparent; --tw-shadow-colored: 0 0 transparent; margin: 0px 0px 20px; padding: 0px; line-height: 28px; overflow-wrap: break-word; white-space-collapse: preserve; font-family: -apple-system, 'system-ui', 'Helvetica Neue', Tahoma, 'PingFang SC', 'Microsoft Yahei', Arial, 'Hiragino Sans GB', sans-serif, 'Apple Color Emoji', 'Segoe UI Emoji', 'Segoe UI Symbol', 'Noto Color Emoji';\">PORINOX SL ne transf\u00e9rera vos donn\u00e9es que dans le cadre des services indiqu\u00e9s et dans les cas pr\u00e9vus par la loi.<\/p><p style=\"--tw-border-spacing-x: 0; --tw-border-spacing-y: 0; --tw-translate-x: 0; --tw-translate-y: 0; --tw-rotate: 0; --tw-skew-x: 0; --tw-skew-y: 0; --tw-scale-x: 1; --tw-scale-y: 1; --tw-scroll-snap-strictness: proximity; --tw-ring-offset-width: 0px; --tw-ring-offset-color: #fff; --tw-ring-color: rgba(59,130,246,.5); --tw-ring-offset-shadow: 0 0 transparent; --tw-ring-shadow: 0 0 transparent; --tw-shadow: 0 0 transparent; --tw-shadow-colored: 0 0 transparent; margin: 0px 0px 20px; padding: 0px; line-height: 28px; overflow-wrap: break-word; white-space-collapse: preserve; font-family: -apple-system, 'system-ui', 'Helvetica Neue', Tahoma, 'PingFang SC', 'Microsoft Yahei', Arial, 'Hiragino Sans GB', sans-serif, 'Apple Color Emoji', 'Segoe UI Emoji', 'Segoe UI Symbol', 'Noto Color Emoji';\">Aucun transfert international de vos donn\u00e9es personnelles n'aura lieu.<\/p><p style=\"--tw-border-spacing-x: 0; --tw-border-spacing-y: 0; --tw-translate-x: 0; --tw-translate-y: 0; --tw-rotate: 0; --tw-skew-x: 0; --tw-skew-y: 0; --tw-scale-x: 1; --tw-scale-y: 1; --tw-scroll-snap-strictness: proximity; --tw-ring-offset-width: 0px; --tw-ring-offset-color: #fff; --tw-ring-color: rgba(59,130,246,.5); --tw-ring-offset-shadow: 0 0 transparent; --tw-ring-shadow: 0 0 transparent; --tw-shadow: 0 0 transparent; --tw-shadow-colored: 0 0 transparent; margin: 0px 0px 20px; padding: 0px; line-height: 28px; overflow-wrap: break-word; white-space-collapse: preserve; font-family: -apple-system, 'system-ui', 'Helvetica Neue', Tahoma, 'PingFang SC', 'Microsoft Yahei', Arial, 'Hiragino Sans GB', sans-serif, 'Apple Color Emoji', 'Segoe UI Emoji', 'Segoe UI Symbol', 'Noto Color Emoji';\">Dans le cas des r\u00e9seaux sociaux, toutes les informations et tous les contenus publi\u00e9s par l'utilisateur seront communiqu\u00e9s et partag\u00e9s avec le reste des utilisateurs qui consultent ledit r\u00e9seau social, en raison de la nature du service.<\/p><h3>Mesures de s\u00e9curit\u00e9<\/h3><p style=\"--tw-border-spacing-x: 0; --tw-border-spacing-y: 0; --tw-translate-x: 0; --tw-translate-y: 0; --tw-rotate: 0; --tw-skew-x: 0; --tw-skew-y: 0; --tw-scale-x: 1; --tw-scale-y: 1; --tw-scroll-snap-strictness: proximity; --tw-ring-offset-width: 0px; --tw-ring-offset-color: #fff; --tw-ring-color: rgba(59,130,246,.5); --tw-ring-offset-shadow: 0 0 transparent; --tw-ring-shadow: 0 0 transparent; --tw-shadow: 0 0 transparent; --tw-shadow-colored: 0 0 transparent; margin: 0px 0px 20px; padding: 0px; line-height: 28px; overflow-wrap: break-word; white-space-collapse: preserve; font-family: -apple-system, 'system-ui', 'Helvetica Neue', Tahoma, 'PingFang SC', 'Microsoft Yahei', Arial, 'Hiragino Sans GB', sans-serif, 'Apple Color Emoji', 'Segoe UI Emoji', 'Segoe UI Symbol', 'Noto Color Emoji';\">PORINOX SL assure la confidentialit\u00e9 absolue des donn\u00e9es personnelles recueillies et a donc adopt\u00e9 des mesures de s\u00e9curit\u00e9 essentielles pour \u00e9viter l'alt\u00e9ration, la perte, le traitement ou l'acc\u00e8s non autoris\u00e9, et pour garantir leur int\u00e9grit\u00e9 et leur s\u00e9curit\u00e9.<\/p><p style=\"--tw-border-spacing-x: 0; --tw-border-spacing-y: 0; --tw-translate-x: 0; --tw-translate-y: 0; --tw-rotate: 0; --tw-skew-x: 0; --tw-skew-y: 0; --tw-scale-x: 1; --tw-scale-y: 1; --tw-scroll-snap-strictness: proximity; --tw-ring-offset-width: 0px; --tw-ring-offset-color: #fff; --tw-ring-color: rgba(59,130,246,.5); --tw-ring-offset-shadow: 0 0 transparent; --tw-ring-shadow: 0 0 transparent; --tw-shadow: 0 0 transparent; --tw-shadow-colored: 0 0 transparent; margin: 0px 0px 20px; padding: 0px; line-height: 28px; overflow-wrap: break-word; white-space-collapse: preserve; font-family: -apple-system, 'system-ui', 'Helvetica Neue', Tahoma, 'PingFang SC', 'Microsoft Yahei', Arial, 'Hiragino Sans GB', sans-serif, 'Apple Color Emoji', 'Segoe UI Emoji', 'Segoe UI Symbol', 'Noto Color Emoji';\">L'utilisateur s'engage \u00e0 faire un usage diligent de son nom d'utilisateur et de son mot de passe, \u00e0 ne pas les rendre accessibles \u00e0 des tiers et \u00e0 informer l'entreprise de tout vol, perte ou risque d'acc\u00e8s d'un tiers \u00e0 son nom d'utilisateur et \u00e0 son mot de passe.<\/p><h3>Droits sur vos donn\u00e9es personnelles<\/h3><div><table><thead><tr><th>Droit<\/th><th>Contenu<\/th><th>Canal d'attention<\/th><\/tr><\/thead><tbody><tr><td>Acc\u00e8s<\/td><td>Vous pouvez consulter vos donn\u00e9es personnelles g\u00e9r\u00e9es par Porinox SL.<\/td><td>info@porinox.com<\/td><\/tr><tr><td>Correction<\/td><td>Vous pourrez modifier vos donn\u00e9es personnelles si elles sont inexactes.<\/td><td>info@porinox.com<\/td><\/tr><tr><td>Suppression<\/td><td>Vous pouvez demander la suppression de vos donn\u00e9es personnelles.<\/td><td><span style=\"font-size: 14.4px;\">info@porinox.com<\/span><\/td><\/tr><tr><td>Opposition<\/td><td>Vous pouvez demander que vos donn\u00e9es personnelles ne soient pas trait\u00e9es.<\/td><td><span style=\"font-size: 14.4px;\">info@porinox.com<\/span><\/td><\/tr><tr><td>Limitation du traitement<\/td><td>Vous pouvez demander la limitation du traitement de vos donn\u00e9es dans les cas suivants :<br \/>- Pendant le contr\u00f4le de l'exactitude des donn\u00e9es, si vous avez exerc\u00e9 votre droit de rectification.<br \/>- Lorsque Porinox SL n'a pas besoin de traiter vos donn\u00e9es, mais qu'elles sont n\u00e9cessaires \u00e0 l'exercice ou \u00e0 la d\u00e9fense de vos droits.<\/td><td><span style=\"font-size: 14.4px;\">info@porinox.com<\/span><\/td><\/tr><tr><td>Portabilit\u00e9<\/td><td>Vous pouvez recevoir les donn\u00e9es que vous avez fournies sous forme \u00e9lectronique.<\/td><td><span style=\"background-color: #ffffff;\"><span style=\"font-size: 14.4px;\">info@porinox.com<\/span><\/span><\/td><\/tr><tr><td style=\"background-color: #f8f8f8; font-size: 1rem; text-align: center; padding: 10px;\" colspan=\"3\"><p style=\"text-align: left;\">Si vous estimez que nous n'avons pas trait\u00e9 vos donn\u00e9es \u00e0 caract\u00e8re personnel conform\u00e9ment \u00e0 la r\u00e9glementation, vous pouvez contacter le d\u00e9l\u00e9gu\u00e9 \u00e0 la protection des donn\u00e9es \u00e0 l'adresse \u00e9lectronique suivante : info@porinox.com<\/p><p style=\"text-align: left;\">Si vous le souhaitez, vous pouvez d\u00e9poser une plainte aupr\u00e8s de l'Agence espagnole de protection des donn\u00e9es (www.agpd.es).<\/p><p style=\"text-align: left;\">Pour exercer vos droits, veuillez accompagner votre demande d'une copie de votre carte d'identit\u00e9 ou d'un document similaire.<\/p><p style=\"text-align: left;\">L'exercice de vos droits est gratuit.<\/p><\/td><\/tr><\/tbody><\/table><\/div><h3>M\u00e9dias sociaux<\/h3><p>Le fonctionnement des r\u00e9seaux sociaux n'est pas sous le contr\u00f4le direct de Porinox SL, par cons\u00e9quent, les informations que vous publiez seront partag\u00e9es par tous les utilisateurs qui les consultent. De m\u00eame, ces r\u00e9seaux permettent d'interagir avec d'autres utilisateurs, c'est pourquoi vous trouverez ci-dessous une s\u00e9rie de pr\u00e9misses que vous devez prendre en compte.<\/p><p>L'objectif de l'utilisation des r\u00e9seaux sociaux est de donner de la visibilit\u00e9 et de la diffusion aux produits d\u00e9velopp\u00e9s par Porinox SL.<\/p><p>En principe, la m\u00eame politique de protection des donn\u00e9es sp\u00e9cifi\u00e9e dans le pr\u00e9sent document s'applique \u00e0 la collecte, au traitement et au transfert des donn\u00e9es.<\/p><p>L'utilisateur s'engage \u00e0 :<\/p><ul><li>Ne pas publier d'informations qui ne respectent pas les principes de v\u00e9racit\u00e9, d'int\u00e9r\u00eat public et de respect de la dignit\u00e9 personnelle. En particulier, l'utilisateur doit \u00e9viter tout comportement susceptible de violer le principe de non-discrimination en raison du sexe, de la race, de la religion, de l'id\u00e9ologie ou de toute autre circonstance personnelle ou sociale, ainsi que la vie priv\u00e9e, l'honneur et l'image de soi, \u00e9tant responsable en dernier ressort de la v\u00e9racit\u00e9 et de la l\u00e9galit\u00e9 du contenu publi\u00e9.<\/li><li>N'enregistrez pas et ne publiez pas d'images, de vid\u00e9os ou d'autres enregistrements sans le consentement des personnes concern\u00e9es.<\/li><\/ul><p>Porinox SL ne s'identifie pas aux opinions exprim\u00e9es par d'autres ou \u00e0 l'id\u00e9ologie des profils avec lesquels elle est amie sur un r\u00e9seau social.<\/p><p>Porinox SL se r\u00e9serve le droit de retirer de ses r\u00e9seaux sociaux toute information publi\u00e9e par des tiers qui enfreint la loi, incite \u00e0 le faire ou contient des messages qui portent atteinte \u00e0 la dignit\u00e9 des personnes ou des institutions. Porinox SL se r\u00e9serve \u00e9galement le droit de bloquer ou de d\u00e9noncer le profil de l'auteur de ces messages.<\/p><p>Recommandations aux utilisateurs :<\/p><ul><li>Veuillez prendre connaissance des conditions d'utilisation et de la politique de confidentialit\u00e9 du r\u00e9seau social au moment de l'inscription.<\/li><li>D\u00e9couvrez les possibilit\u00e9s de configuration et d'utilisation offertes par le r\u00e9seau social.<\/li><li>D\u00e9finissez de mani\u00e8re appropri\u00e9e le degr\u00e9 de confidentialit\u00e9 du profil de l'utilisateur sur le r\u00e9seau social.<\/li><li>Ne publiez pas d'informations excessives sur votre vie personnelle et familiale.<\/li><li>Soyez prudent lorsque vous publiez des contenus audiovisuels et graphiques sur votre profil, en particulier s'ils contiennent des images de tiers.<\/li><li>Ne pas fournir les donn\u00e9es de tiers sans leur consentement pr\u00e9alable.<\/li><\/ul><table style=\"width: 100%; border-collapse: collapse;\" border=\"1\"><thead><tr><th style=\"padding: 8px; background-color: #f2f2f2; text-align: center;\"><span style=\"font-weight: 400;\">R\u00e9seaux sociaux<\/span><\/th><th style=\"padding: 8px; background-color: #f2f2f2; text-align: center;\"><span style=\"font-weight: 400;\">Utilisateur<\/span><\/th><\/tr><\/thead><tbody><tr><td style=\"padding: 8px; text-align: center;\">Facebook<\/td><td style=\"padding: 8px; text-align: center;\">@porinoxsl<\/td><\/tr><tr><td style=\"padding: 8px; text-align: center;\">Instagram<\/td><td style=\"padding: 8px; text-align: center;\">@porinoxsl<\/td><\/tr><tr><td style=\"padding: 8px; text-align: center;\">TikTok<\/td><td style=\"padding: 8px; text-align: center;\">@porinoxsl<\/td><\/tr><tr><td style=\"padding: 8px; text-align: center;\">YouTube<\/td><td style=\"padding: 8px; text-align: center;\">@porinoxsl<\/td><\/tr><tr><td style=\"padding: 8px; text-align: center;\">LinkedIn<\/td><td style=\"padding: 8px; text-align: center;\">Porinox SL<\/td><\/tr><\/tbody><\/table>\t\t\t\t\t\t\t\t<\/div>\n\t\t\t\t<\/div>\n\t\t\t\t<\/div>\n\t\t\t\t<\/div>","protected":false},"excerpt":{"rendered":"<p>Aviso Legal Bienvenido a la p\u00e1gina WEB de Porinox SL. A continuaci\u00f3n, le exponemos las condiciones de uso de la p\u00e1gina web. La navegaci\u00f3n por esta p\u00e1gina web le otorga el rol de usuario de la misma y, por tanto, acepta las cl\u00e1usulas detalladas en este documento. IDENTIFICACI\u00d3N De conformidad con lo dispuesto en el [&hellip;]<\/p>\n","protected":false},"author":147,"featured_media":0,"parent":0,"menu_order":0,"comment_status":"closed","ping_status":"closed","template":"","meta":{"footnotes":""},"class_list":["post-27","page","type-page","status-publish","hentry"],"_links":{"self":[{"href":"https:\/\/www.porinox.com\/fr\/wp-json\/wp\/v2\/pages\/27","targetHints":{"allow":["GET"]}}],"collection":[{"href":"https:\/\/www.porinox.com\/fr\/wp-json\/wp\/v2\/pages"}],"about":[{"href":"https:\/\/www.porinox.com\/fr\/wp-json\/wp\/v2\/types\/page"}],"author":[{"embeddable":true,"href":"https:\/\/www.porinox.com\/fr\/wp-json\/wp\/v2\/users\/147"}],"replies":[{"embeddable":true,"href":"https:\/\/www.porinox.com\/fr\/wp-json\/wp\/v2\/comments?post=27"}],"version-history":[{"count":0,"href":"https:\/\/www.porinox.com\/fr\/wp-json\/wp\/v2\/pages\/27\/revisions"}],"wp:attachment":[{"href":"https:\/\/www.porinox.com\/fr\/wp-json\/wp\/v2\/media?parent=27"}],"curies":[{"name":"wp","href":"https:\/\/api.w.org\/{rel}","templated":true}]}}