{"id":22909,"date":"2025-05-27T11:24:54","date_gmt":"2025-05-27T09:24:54","guid":{"rendered":"https:\/\/www.porinox.com\/?page_id=22909"},"modified":"2025-05-27T13:49:43","modified_gmt":"2025-05-27T11:49:43","slug":"politique-en-matiere-de-cookies-2","status":"publish","type":"page","link":"https:\/\/www.porinox.com\/fr\/politica-de-cookies-2\/","title":{"rendered":"Politique en mati\u00e8re de cookies"},"content":{"rendered":"<p><strong>Fecha de entrada en vigor: 15 de mayo de 2025<\/strong><\/p>\n<h2>\u00bfQu\u00e9 son las cookies?<\/h2>\n<p>Esta Pol\u00edtica de Cookies explica qu\u00e9 son las cookies y c\u00f3mo las utilizamos, los tipos de cookies que usamos, es decir, la informaci\u00f3n que recopilamos mediante cookies y c\u00f3mo se utiliza esa informaci\u00f3n, y c\u00f3mo gestionar la configuraci\u00f3n de cookies.<\/p>\n<p>Las cookies son peque\u00f1os archivos de texto que se utilizan para almacenar peque\u00f1as piezas de informaci\u00f3n. Se almacenan en tu dispositivo cuando se carga el sitio web en tu navegador. Estas cookies nos ayudan a hacer que el sitio web funcione correctamente, lo hacen m\u00e1s seguro, proporcionan una mejor experiencia de usuario y nos permiten entender c\u00f3mo funciona el sitio web, as\u00ed como analizar qu\u00e9 funciona y d\u00f3nde necesita mejoras.<\/p>\n<h2>\u00bfC\u00f3mo utilizamos las cookies?<\/h2>\n<p>Como la mayor\u00eda de los servicios en l\u00ednea, nuestro sitio web utiliza cookies de primera y tercera parte para varios prop\u00f3sitos. Las cookies de primera parte son principalmente necesarias para que el sitio web funcione correctamente y no recopilan ning\u00fan dato que te identifique personalmente.<\/p>\n<p>Las cookies de terceros utilizadas en nuestro sitio web son principalmente para entender c\u00f3mo funciona el sitio web, c\u00f3mo interact\u00faas con nuestro sitio, mantener nuestros servicios seguros, proporcionar anuncios que sean relevantes para ti y, en general, ofrecerte una mejor experiencia de usuario y ayudar a acelerar tus futuras interacciones con nuestro sitio web.<\/p>\n<p>[wcc_category_list]<\/p>\n<h2>Gestionar preferencias de cookies<\/h2>\n<p>Puedes cambiar tus preferencias de cookies en cualquier momento haciendo clic en el bot\u00f3n [wcc_preference_button]. Esto te permitir\u00e1 volver a visitar el banner de consentimiento de cookies y cambiar tus preferencias o retirar tu consentimiento de inmediato. Adem\u00e1s, diferentes navegadores ofrecen diferentes m\u00e9todos para bloquear y eliminar cookies utilizadas por los sitios web. Puedes cambiar la configuraci\u00f3n de tu navegador para bloquear\/eliminar las cookies. A continuaci\u00f3n, se incluyen los enlaces a los documentos de soporte sobre c\u00f3mo gestionar y eliminar cookies de los principales navegadores web.<\/p>\n<p><strong>Chrome<\/strong>: https:\/\/support.google.com\/accounts\/answer\/32050<br \/>\n<strong>Safari<\/strong>: <a href=\"https:\/\/support.apple.com\/en-in\/guide\/safari\/sfri11471\/mac\" target=\"_blank\" rel=\"noopener\">https:\/\/support.apple.com\/en-in\/guide\/safari\/sfri11471\/mac<\/a><br \/>\n<strong>Firefox<\/strong>: <a href=\"https:\/\/support.mozilla.org\/en-US\/kb\/clear-cookies-and-site-data-firefox?redirectslug=delete-cookies-remove-info-websites-stored&amp;redirectlocale=en-US\" target=\"_blank\" rel=\"noopener\">https:\/\/support.mozilla.org\/en-US\/kb\/clear-cookies-and-site-data-firefox?redirectslug=delete-cookies-remove-info-websites-stored&amp;redirectlocale=en-US<\/a><br \/>\n<strong>Microsoft Edge<\/strong>: Eliminar cookies en Microsoft Edge &#8211; Soporte de Microsoft<\/p>\n<p>Si utilizas cualquier otro navegador web, visita los documentos de soporte oficial de tu navegador.<\/p>\n","protected":false},"excerpt":{"rendered":"<p>Fecha de entrada en vigor: 15 de mayo de 2025 \u00bfQu\u00e9 son las cookies? Esta Pol\u00edtica de Cookies explica qu\u00e9 son las cookies y c\u00f3mo las utilizamos, los tipos de cookies que usamos, es decir, la informaci\u00f3n que recopilamos mediante cookies y c\u00f3mo se utiliza esa informaci\u00f3n, y c\u00f3mo gestionar la configuraci\u00f3n de cookies. Las [&hellip;]<\/p>\n","protected":false},"author":3,"featured_media":0,"parent":0,"menu_order":0,"comment_status":"closed","ping_status":"closed","template":"","meta":{"footnotes":""},"class_list":["post-22909","page","type-page","status-publish","hentry"],"_links":{"self":[{"href":"https:\/\/www.porinox.com\/fr\/wp-json\/wp\/v2\/pages\/22909","targetHints":{"allow":["GET"]}}],"collection":[{"href":"https:\/\/www.porinox.com\/fr\/wp-json\/wp\/v2\/pages"}],"about":[{"href":"https:\/\/www.porinox.com\/fr\/wp-json\/wp\/v2\/types\/page"}],"author":[{"embeddable":true,"href":"https:\/\/www.porinox.com\/fr\/wp-json\/wp\/v2\/users\/3"}],"replies":[{"embeddable":true,"href":"https:\/\/www.porinox.com\/fr\/wp-json\/wp\/v2\/comments?post=22909"}],"version-history":[{"count":0,"href":"https:\/\/www.porinox.com\/fr\/wp-json\/wp\/v2\/pages\/22909\/revisions"}],"wp:attachment":[{"href":"https:\/\/www.porinox.com\/fr\/wp-json\/wp\/v2\/media?parent=22909"}],"curies":[{"name":"wp","href":"https:\/\/api.w.org\/{rel}","templated":true}]}}