{"id":21436,"date":"2024-11-12T13:37:54","date_gmt":"2024-11-12T12:37:54","guid":{"rendered":"https:\/\/www.porinox.com\/?page_id=21436"},"modified":"2026-03-05T12:19:05","modified_gmt":"2026-03-05T11:19:05","slug":"technologie","status":"publish","type":"page","link":"https:\/\/www.porinox.com\/fr\/tecnologia\/","title":{"rendered":"Technologie"},"content":{"rendered":"<div data-elementor-type=\"wp-page\" data-elementor-id=\"21436\" class=\"elementor elementor-21436\" data-elementor-post-type=\"page\">\n\t\t\t\t<div class=\"elementor-element elementor-element-2598d85 e-con-full animated-slow e-flex elementor-invisible e-con e-parent\" data-id=\"2598d85\" data-element_type=\"container\" data-e-type=\"container\" data-settings=\"{&quot;background_background&quot;:&quot;classic&quot;,&quot;animation&quot;:&quot;fadeIn&quot;}\">\n\t\t<div class=\"elementor-element elementor-element-8bc128d e-con-full e-flex e-con e-child\" data-id=\"8bc128d\" data-element_type=\"container\" data-e-type=\"container\">\n\t\t<div class=\"elementor-element elementor-element-1e3cae0f e-con-full e-flex e-con e-child\" data-id=\"1e3cae0f\" data-element_type=\"container\" data-e-type=\"container\">\n\t\t<div class=\"elementor-element elementor-element-78f554f6 e-con-full e-flex e-con e-child\" data-id=\"78f554f6\" data-element_type=\"container\" data-e-type=\"container\">\n\t\t\t\t<div class=\"elementor-element elementor-element-4f72193e elementor-widget__width-initial animated-slow elementor-invisible elementor-widget elementor-widget-heading\" data-id=\"4f72193e\" data-element_type=\"widget\" data-e-type=\"widget\" data-settings=\"{&quot;_animation&quot;:&quot;fadeInUp&quot;}\" data-widget_type=\"heading.default\">\n\t\t\t\t<div class=\"elementor-widget-container\">\n\t\t\t\t\t<h2 class=\"elementor-heading-title elementor-size-default\">NOTRE <b>MACHINES<\/b><\/h2>\t\t\t\t<\/div>\n\t\t\t\t<\/div>\n\t\t\t\t<\/div>\n\t\t\t\t<\/div>\n\t\t\t\t<\/div>\n\t\t\t\t<\/div>\n\t\t<div class=\"elementor-element elementor-element-6f1fb62a e-con-full e-flex e-con e-parent\" data-id=\"6f1fb62a\" data-element_type=\"container\" data-e-type=\"container\" data-settings=\"{&quot;background_background&quot;:&quot;classic&quot;}\">\n\t\t<div class=\"elementor-element elementor-element-49470aeb animated-slow e-con-full e-flex e-con e-child\" data-id=\"49470aeb\" data-element_type=\"container\" data-e-type=\"container\" data-settings=\"{&quot;animation&quot;:&quot;none&quot;}\">\n\t\t<div class=\"elementor-element elementor-element-580cd779 e-con-full e-flex e-con e-child\" data-id=\"580cd779\" data-element_type=\"container\" data-e-type=\"container\">\n\t\t<div class=\"elementor-element elementor-element-34be3ef7 e-con-full e-flex e-con e-child\" data-id=\"34be3ef7\" data-element_type=\"container\" data-e-type=\"container\">\n\t\t\t\t<div class=\"elementor-element elementor-element-3ac6be66 elementor-widget__width-initial animated-slow elementor-invisible elementor-widget elementor-widget-heading\" data-id=\"3ac6be66\" data-element_type=\"widget\" data-e-type=\"widget\" data-settings=\"{&quot;_animation&quot;:&quot;fadeInUp&quot;}\" data-widget_type=\"heading.default\">\n\t\t\t\t<div class=\"elementor-widget-container\">\n\t\t\t\t\t<h2 class=\"elementor-heading-title elementor-size-default\">TECHNOLOGIE DE POINTE<\/h2>\t\t\t\t<\/div>\n\t\t\t\t<\/div>\n\t\t\t\t<div class=\"elementor-element elementor-element-7262e9de elementor-widget elementor-widget-text-editor\" data-id=\"7262e9de\" data-element_type=\"widget\" data-e-type=\"widget\" data-widget_type=\"text-editor.default\">\n\t\t\t\t<div class=\"elementor-widget-container\">\n\t\t\t\t\t\t\t\t\t<p>Lors de la fabrication de chacun des produits, une combinaison de techniques manuelles et de techniques de pointe est utilis\u00e9e. Toutes les pi\u00e8ces sont cr\u00e9\u00e9es par des ing\u00e9nieurs exp\u00e9riment\u00e9s \u00e0 l'aide des logiciels 3D les plus r\u00e9cents. Elles sont ensuite programm\u00e9es pour \u00eatre d\u00e9coup\u00e9es \u00e0 l'aide de la derni\u00e8re g\u00e9n\u00e9ration de d\u00e9coupeuses laser et pour \u00eatre pli\u00e9es. Enfin, une \u00e9quipe de techniciens sp\u00e9cialis\u00e9s et le robot de soudage automatis\u00e9 se chargent de toutes les soudures n\u00e9cessaires pour finaliser le produit.<\/p>\t\t\t\t\t\t\t\t<\/div>\n\t\t\t\t<\/div>\n\t\t\t\t<\/div>\n\t\t\t\t<\/div>\n\t\t<div class=\"elementor-element elementor-element-49c4674c e-con-full animated-slow e-flex elementor-invisible e-con e-child\" data-id=\"49c4674c\" data-element_type=\"container\" data-e-type=\"container\" data-settings=\"{&quot;animation&quot;:&quot;slideInLeft&quot;}\">\n\t\t<div class=\"elementor-element elementor-element-690c417b e-con-full e-flex elementor-invisible e-con e-child\" data-id=\"690c417b\" data-element_type=\"container\" data-e-type=\"container\" data-settings=\"{&quot;background_background&quot;:&quot;classic&quot;,&quot;animation&quot;:&quot;fadeInLeft&quot;}\">\n\t\t\t\t<div class=\"elementor-element elementor-element-53a8b2ce elementor-widget__width-initial elementor-widget elementor-widget-heading\" data-id=\"53a8b2ce\" data-element_type=\"widget\" data-e-type=\"widget\" data-widget_type=\"heading.default\">\n\t\t\t\t<div class=\"elementor-widget-container\">\n\t\t\t\t\t<h6 class=\"elementor-heading-title elementor-size-default\">TruLaser 1030<\/h6>\t\t\t\t<\/div>\n\t\t\t\t<\/div>\n\t\t\t\t<div class=\"elementor-element elementor-element-54471883 elementor-widget elementor-widget-text-editor\" data-id=\"54471883\" data-element_type=\"widget\" data-e-type=\"widget\" data-widget_type=\"text-editor.default\">\n\t\t\t\t<div class=\"elementor-widget-container\">\n\t\t\t\t\t\t\t\t\t<p>Machine de d\u00e9coupe laser 2D au CO2 guid\u00e9e par un syst\u00e8me de contr\u00f4le CNC. Longueur de coupe sur l'axe X :\u00a0<b>3000mm<\/b>. Longueur de coupe sur l'axe Y :\u00a0<b>1500mm<\/b>.  Il permet de d\u00e9couper des t\u00f4les en acier inoxydable jusqu'\u00e0 <strong>8 mm\u00a0<\/strong>l'\u00e9paisseur, avec une grande pr\u00e9cision<\/p>\t\t\t\t\t\t\t\t<\/div>\n\t\t\t\t<\/div>\n\t\t\t\t<\/div>\n\t\t<div class=\"elementor-element elementor-element-140926d e-con-full e-flex e-con e-child\" data-id=\"140926d\" data-element_type=\"container\" data-e-type=\"container\" data-settings=\"{&quot;background_background&quot;:&quot;classic&quot;}\">\n\t\t\t\t<div class=\"elementor-element elementor-element-478e9979 elementor-widget__width-initial elementor-widget elementor-widget-heading\" data-id=\"478e9979\" data-element_type=\"widget\" data-e-type=\"widget\" data-widget_type=\"heading.default\">\n\t\t\t\t<div class=\"elementor-widget-container\">\n\t\t\t\t\t<h6 class=\"elementor-heading-title elementor-size-default\">Deux d\u00e9coupeurs laser <b>TruLaser<\/b><\/h6>\t\t\t\t<\/div>\n\t\t\t\t<\/div>\n\t\t\t\t<\/div>\n\t\t\t\t<\/div>\n\t\t<div class=\"elementor-element elementor-element-71c4ff48 e-con-full animated-slow e-flex elementor-invisible e-con e-child\" data-id=\"71c4ff48\" data-element_type=\"container\" data-e-type=\"container\" data-settings=\"{&quot;animation&quot;:&quot;slideInLeft&quot;}\">\n\t\t<div class=\"elementor-element elementor-element-3f31e32 e-con-full e-flex e-con e-child\" data-id=\"3f31e32\" data-element_type=\"container\" data-e-type=\"container\" data-settings=\"{&quot;background_background&quot;:&quot;classic&quot;}\">\n\t\t\t\t<div class=\"elementor-element elementor-element-3ecfa5c7 elementor-widget__width-initial elementor-widget elementor-widget-heading\" data-id=\"3ecfa5c7\" data-element_type=\"widget\" data-e-type=\"widget\" data-widget_type=\"heading.default\">\n\t\t\t\t<div class=\"elementor-widget-container\">\n\t\t\t\t\t<h6 class=\"elementor-heading-title elementor-size-default\">Quatre machines \u00e0 plier <b>TruBend<\/b><\/h6>\t\t\t\t<\/div>\n\t\t\t\t<\/div>\n\t\t\t\t<\/div>\n\t\t<div class=\"elementor-element elementor-element-199a606a e-con-full e-flex e-con e-child\" data-id=\"199a606a\" data-element_type=\"container\" data-e-type=\"container\" data-settings=\"{&quot;background_background&quot;:&quot;classic&quot;}\">\n\t\t\t\t<div class=\"elementor-element elementor-element-73475b9c elementor--h-position-center elementor--v-position-middle elementor-pagination-position-inside elementor-widget elementor-widget-slides\" data-id=\"73475b9c\" data-element_type=\"widget\" data-e-type=\"widget\" data-settings=\"{&quot;navigation&quot;:&quot;dots&quot;,&quot;transition_speed&quot;:1000,&quot;autoplay&quot;:&quot;yes&quot;,&quot;pause_on_hover&quot;:&quot;yes&quot;,&quot;pause_on_interaction&quot;:&quot;yes&quot;,&quot;autoplay_speed&quot;:5000,&quot;infinite&quot;:&quot;yes&quot;,&quot;transition&quot;:&quot;slide&quot;}\" data-widget_type=\"slides.default\">\n\t\t\t\t<div class=\"elementor-widget-container\">\n\t\t\t\t\t\t\t\t\t<div class=\"elementor-swiper\">\n\t\t\t\t\t<div class=\"elementor-slides-wrapper elementor-main-swiper swiper\" role=\"region\" aria-roledescription=\"carousel\" aria-label=\"Diapositives\" dir=\"ltr\" data-animation=\"fadeInUp\">\n\t\t\t\t<div class=\"swiper-wrapper elementor-slides\">\n\t\t\t\t\t\t\t\t\t\t<div class=\"elementor-repeater-item-936cfcb swiper-slide\" role=\"group\" aria-roledescription=\"slide\"><div class=\"swiper-slide-bg\" role=\"img\" aria-label=\"csm_TruBend-Series-7000-product-picture-TruBend-7050-2019_34efd7a3ad_82557f4da9\"><\/div><div class=\"elementor-background-overlay\"><\/div><div class=\"swiper-slide-inner\" ><div class=\"swiper-slide-contents\"><div class=\"elementor-slide-heading\"> Plieuse TruBend 7036<\/div><div class=\"elementor-slide-description\"><p style=\"text-align: justify;\">Machine \u00e9lectrique de pointe pour le pliage de petites pi\u00e8ces.  Force de pression : <b>360kN<\/b>. Longueur de pliage : <b>1020mm<\/b>. Il vous permet d'optimiser au maximum votre temps de travail<p><\/div><\/div><\/div><\/div><div class=\"elementor-repeater-item-9303e9c swiper-slide\" role=\"group\" aria-roledescription=\"slide\"><div class=\"swiper-slide-bg\" role=\"img\" aria-label=\"csm_TruBend-Series-3000-B26-product-picture_2c879b6a11_70fe320328\"><\/div><div class=\"elementor-background-overlay\"><\/div><div class=\"swiper-slide-inner\" ><div class=\"swiper-slide-contents\"><div class=\"elementor-slide-heading\">Plieuse TruBend 3100<\/div><div class=\"elementor-slide-description\"><p style=\"text-align: justify;\">Machine \u00e0 grande vitesse pour le pliage de grandes pi\u00e8ces. Force de pression : <b>1000kN<\/b>.Longueur de pliage : <b>3060mm.<\/b> Permet un pliage rapide et parfait, pour des pi\u00e8ces jusqu'\u00e0 3 m\u00e8tres de long   <p><\/div><\/div><\/div><\/div>\t\t\t\t<\/div>\n\t\t\t\t\t\t\t\t\t\t\t\t\t\t\t\t\t\t\t\t<div class=\"swiper-pagination\"><\/div>\n\t\t\t\t\t\t\t\t\t\t\t\t<\/div>\n\t\t\t\t<\/div>\n\t\t\t\t\t\t\t\t<\/div>\n\t\t\t\t<\/div>\n\t\t\t\t<\/div>\n\t\t\t\t<\/div>\n\t\t<div class=\"elementor-element elementor-element-377ddee9 e-con-full animated-slow e-flex elementor-invisible e-con e-child\" data-id=\"377ddee9\" data-element_type=\"container\" data-e-type=\"container\" data-settings=\"{&quot;animation&quot;:&quot;slideInLeft&quot;}\">\n\t\t<div class=\"elementor-element elementor-element-5b803fde e-con-full e-flex elementor-invisible e-con e-child\" data-id=\"5b803fde\" data-element_type=\"container\" data-e-type=\"container\" data-settings=\"{&quot;background_background&quot;:&quot;classic&quot;,&quot;animation&quot;:&quot;fadeInLeft&quot;}\">\n\t\t\t\t<div class=\"elementor-element elementor-element-13c51a0a elementor-widget__width-initial elementor-widget elementor-widget-heading\" data-id=\"13c51a0a\" data-element_type=\"widget\" data-e-type=\"widget\" data-widget_type=\"heading.default\">\n\t\t\t\t<div class=\"elementor-widget-container\">\n\t\t\t\t\t<h6 class=\"elementor-heading-title elementor-size-default\">ARC Mate 100iC\/12 Robot<\/h6>\t\t\t\t<\/div>\n\t\t\t\t<\/div>\n\t\t\t\t<div class=\"elementor-element elementor-element-1e1e0edf elementor-widget elementor-widget-text-editor\" data-id=\"1e1e0edf\" data-element_type=\"widget\" data-e-type=\"widget\" data-widget_type=\"text-editor.default\">\n\t\t\t\t<div class=\"elementor-widget-container\">\n\t\t\t\t\t\t\t\t\t<p>Robot de soudage \u00e0 l'arc automatis\u00e9<b>&nbsp;6 axes<\/b>. Il dispose d'une gamme de&nbsp;<b>1,20 mm<\/b>&nbsp;et une visite de<b>&nbsp;1066mm.&nbsp;<\/b>Permet de souder des pi\u00e8ces jusqu'\u00e0&nbsp;<b>12kg<\/b>, avec une grande pr\u00e9cision<\/p>\t\t\t\t\t\t\t\t<\/div>\n\t\t\t\t<\/div>\n\t\t\t\t<\/div>\n\t\t<div class=\"elementor-element elementor-element-e24f50 e-con-full e-flex e-con e-child\" data-id=\"e24f50\" data-element_type=\"container\" data-e-type=\"container\" data-settings=\"{&quot;background_background&quot;:&quot;classic&quot;}\">\n\t\t\t\t<div class=\"elementor-element elementor-element-3b4feadf elementor-widget__width-initial elementor-widget elementor-widget-heading\" data-id=\"3b4feadf\" data-element_type=\"widget\" data-e-type=\"widget\" data-widget_type=\"heading.default\">\n\t\t\t\t<div class=\"elementor-widget-container\">\n\t\t\t\t\t<h6 class=\"elementor-heading-title elementor-size-default\">Robot de soudage <b>ARC Mate 100iC\/12<\/b><\/h6>\t\t\t\t<\/div>\n\t\t\t\t<\/div>\n\t\t\t\t<\/div>\n\t\t\t\t<\/div>\n\t\t\t\t<div class=\"elementor-element elementor-element-4bf5471 elementor-widget elementor-widget-text-editor\" data-id=\"4bf5471\" data-element_type=\"widget\" data-e-type=\"widget\" data-widget_type=\"text-editor.default\">\n\t\t\t\t<div class=\"elementor-widget-container\">\n\t\t\t\t\t\t\t\t\t<p><span style=\"color: #ffffff;\">Porinox YouTube<\/span><\/p>\t\t\t\t\t\t\t\t<\/div>\n\t\t\t\t<\/div>\n\t\t\t\t<div class=\"elementor-element elementor-element-6897eb1 animated-slow elementor-invisible elementor-widget elementor-widget-video\" data-id=\"6897eb1\" data-element_type=\"widget\" data-e-type=\"widget\" data-settings=\"{&quot;youtube_url&quot;:&quot;https:\\\/\\\/www.youtube.com\\\/embed\\\/RKJfMCOTY3c&quot;,&quot;_animation&quot;:&quot;fadeIn&quot;,&quot;autoplay&quot;:&quot;yes&quot;,&quot;play_on_mobile&quot;:&quot;yes&quot;,&quot;mute&quot;:&quot;yes&quot;,&quot;loop&quot;:&quot;yes&quot;,&quot;video_type&quot;:&quot;youtube&quot;}\" data-widget_type=\"video.default\">\n\t\t\t\t<div class=\"elementor-widget-container\">\n\t\t\t\t\t\t\t<div class=\"elementor-wrapper elementor-open-inline\">\n\t\t\t<div class=\"elementor-video\"><\/div>\t\t<\/div>\n\t\t\t\t\t\t<\/div>\n\t\t\t\t<\/div>\n\t\t\t\t<\/div>\n\t\t\t\t<\/div>\n\t\t\t\t<\/div>","protected":false},"excerpt":{"rendered":"<p>NUESTRA MAQUINARIA TECNOLOG\u00cdA DE \u00daLTIMA GENERACI\u00d3N Durante la fabricaci\u00f3n de cada uno de los productos, se lleva a cabo una combinaci\u00f3n de t\u00e9cnicas manuales y de \u00faltima tecnolog\u00eda. Todas las piezas son creadas por ingenieros con gran experiencia en el sector, con el \u00faltimo Software 3D. Posteriormente, son programadas para cortar con las cortadoras l\u00e1ser [&hellip;]<\/p>\n","protected":false},"author":3,"featured_media":23696,"parent":0,"menu_order":0,"comment_status":"closed","ping_status":"closed","template":"elementor_header_footer","meta":{"footnotes":""},"class_list":["post-21436","page","type-page","status-publish","has-post-thumbnail","hentry"],"_links":{"self":[{"href":"https:\/\/www.porinox.com\/fr\/wp-json\/wp\/v2\/pages\/21436","targetHints":{"allow":["GET"]}}],"collection":[{"href":"https:\/\/www.porinox.com\/fr\/wp-json\/wp\/v2\/pages"}],"about":[{"href":"https:\/\/www.porinox.com\/fr\/wp-json\/wp\/v2\/types\/page"}],"author":[{"embeddable":true,"href":"https:\/\/www.porinox.com\/fr\/wp-json\/wp\/v2\/users\/3"}],"replies":[{"embeddable":true,"href":"https:\/\/www.porinox.com\/fr\/wp-json\/wp\/v2\/comments?post=21436"}],"version-history":[{"count":0,"href":"https:\/\/www.porinox.com\/fr\/wp-json\/wp\/v2\/pages\/21436\/revisions"}],"wp:featuredmedia":[{"embeddable":true,"href":"https:\/\/www.porinox.com\/fr\/wp-json\/wp\/v2\/media\/23696"}],"wp:attachment":[{"href":"https:\/\/www.porinox.com\/fr\/wp-json\/wp\/v2\/media?parent=21436"}],"curies":[{"name":"wp","href":"https:\/\/api.w.org\/{rel}","templated":true}]}}