{"id":21434,"date":"2024-11-12T13:39:19","date_gmt":"2024-11-12T12:39:19","guid":{"rendered":"https:\/\/www.porinox.com\/?page_id=21434"},"modified":"2025-06-16T14:01:44","modified_gmt":"2025-06-16T12:01:44","slug":"equipe-dingenieurs","status":"publish","type":"page","link":"https:\/\/www.porinox.com\/fr\/equipo-de-ingenieros\/","title":{"rendered":"\u00c9quipe d'ing\u00e9nierie"},"content":{"rendered":"<div data-elementor-type=\"wp-page\" data-elementor-id=\"21434\" class=\"elementor elementor-21434\" data-elementor-post-type=\"page\">\n\t\t\t\t<div class=\"elementor-element elementor-element-50b99042 e-con-full animated-slow e-flex elementor-invisible e-con e-parent\" data-id=\"50b99042\" data-element_type=\"container\" data-e-type=\"container\" data-settings=\"{&quot;background_background&quot;:&quot;classic&quot;,&quot;animation&quot;:&quot;fadeIn&quot;}\">\n\t\t<div class=\"elementor-element elementor-element-78cc0357 e-con-full e-flex e-con e-child\" data-id=\"78cc0357\" data-element_type=\"container\" data-e-type=\"container\">\n\t\t<div class=\"elementor-element elementor-element-6f296c82 e-con-full e-flex e-con e-child\" data-id=\"6f296c82\" data-element_type=\"container\" data-e-type=\"container\">\n\t\t<div class=\"elementor-element elementor-element-54a60cf3 e-con-full e-flex e-con e-child\" data-id=\"54a60cf3\" data-element_type=\"container\" data-e-type=\"container\">\n\t\t\t\t<div class=\"elementor-element elementor-element-600f5539 elementor-widget__width-initial animated-slow elementor-invisible elementor-widget elementor-widget-heading\" data-id=\"600f5539\" data-element_type=\"widget\" data-e-type=\"widget\" data-settings=\"{&quot;_animation&quot;:&quot;fadeInUp&quot;}\" data-widget_type=\"heading.default\">\n\t\t\t\t<div class=\"elementor-widget-container\">\n\t\t\t\t\t<h2 class=\"elementor-heading-title elementor-size-default\">\u00c9QUIPEMENT DE <b>ING\u00c9NIEURS<\/b><\/h2>\t\t\t\t<\/div>\n\t\t\t\t<\/div>\n\t\t\t\t<\/div>\n\t\t\t\t<\/div>\n\t\t\t\t<\/div>\n\t\t\t\t<\/div>\n\t\t\t\t<section class=\"elementor-section elementor-top-section elementor-element elementor-element-6c183ef2 elementor-section-full_width elementor-section-height-default elementor-section-height-default\" data-id=\"6c183ef2\" data-element_type=\"section\" data-e-type=\"section\" data-settings=\"{&quot;background_background&quot;:&quot;classic&quot;}\">\n\t\t\t\t\t\t<div class=\"elementor-container elementor-column-gap-default\">\n\t\t\t\t\t<div class=\"elementor-column elementor-col-100 elementor-top-column elementor-element elementor-element-2379c1d1 animated-slow\" data-id=\"2379c1d1\" data-element_type=\"column\" data-e-type=\"column\" data-settings=\"{&quot;animation&quot;:&quot;none&quot;}\">\n\t\t\t<div class=\"elementor-widget-wrap elementor-element-populated\">\n\t\t\t\t<div class=\"elementor-element elementor-element-2c0e13b5 e-con-full animated-slow e-flex elementor-invisible e-con e-parent\" data-id=\"2c0e13b5\" data-element_type=\"container\" data-e-type=\"container\" data-settings=\"{&quot;animation&quot;:&quot;fadeIn&quot;}\">\n\t\t<div class=\"elementor-element elementor-element-7b93dfb4 e-con-full e-flex e-con e-child\" data-id=\"7b93dfb4\" data-element_type=\"container\" data-e-type=\"container\" data-settings=\"{&quot;background_background&quot;:&quot;classic&quot;}\">\n\t\t\t\t<div class=\"elementor-element elementor-element-4378be02 animated-slow elementor-invisible elementor-widget elementor-widget-text-editor\" data-id=\"4378be02\" data-element_type=\"widget\" data-e-type=\"widget\" data-settings=\"{&quot;_animation&quot;:&quot;fadeIn&quot;,&quot;_animation_delay&quot;:300}\" data-widget_type=\"text-editor.default\">\n\t\t\t\t<div class=\"elementor-widget-container\">\n\t\t\t\t\t\t\t\t\t<div><p>Porinox est une entreprise qui se consacre \u00e0 la fabrication et au d\u00e9veloppement de projets dans les domaines suivants\u00a0<b>installations d'\u00e9levage\u00a0<\/b>dans le secteur porcin.<\/p><p>Le\u00a0<b>production interne\u00a0<\/b>de chacun des produits. Tous les mat\u00e9riaux utilis\u00e9s sont de la plus haute qualit\u00e9.\u00a0<b>qualit\u00e9\u00a0<\/b>pour assurer une\u00a0<b>haute fiabilit\u00e9<\/b>\u00a0y<b>\u00a0longue dur\u00e9e de vie<\/b>. En outre, l'\u00e9quipe du personnel <b>hautement qualifi\u00e9<\/b>, L'entreprise d\u00e9ploie des efforts continus en mati\u00e8re de recherche et de d\u00e9veloppement afin de proposer, d'am\u00e9liorer et de lancer sur le march\u00e9 une plus grande vari\u00e9t\u00e9 de produits innovants et de fournir ainsi un service de plus en plus complet.<\/p><\/div>\t\t\t\t\t\t\t\t<\/div>\n\t\t\t\t<\/div>\n\t\t\t\t<\/div>\n\t\t\t\t<\/div>\n\t\t\t\t\t<\/div>\n\t\t<\/div>\n\t\t\t\t\t<\/div>\n\t\t<\/section>\n\t\t<div class=\"elementor-element elementor-element-3a9c75c e-con-full e-flex e-con e-parent\" data-id=\"3a9c75c\" data-element_type=\"container\" data-e-type=\"container\" data-settings=\"{&quot;background_background&quot;:&quot;classic&quot;}\">\n\t\t<div class=\"elementor-element elementor-element-166778a animated-slow e-con-full e-flex e-con e-child\" data-id=\"166778a\" data-element_type=\"container\" data-e-type=\"container\" data-settings=\"{&quot;animation&quot;:&quot;none&quot;}\">\n\t\t<div class=\"elementor-element elementor-element-45c17535 e-con-full e-flex e-con e-child\" data-id=\"45c17535\" data-element_type=\"container\" data-e-type=\"container\">\n\t\t\t\t<div class=\"elementor-element elementor-element-23cdd4f5 elementor-widget__width-initial animated-slow elementor-invisible elementor-widget elementor-widget-heading\" data-id=\"23cdd4f5\" data-element_type=\"widget\" data-e-type=\"widget\" data-settings=\"{&quot;_animation&quot;:&quot;fadeInUp&quot;}\" data-widget_type=\"heading.default\">\n\t\t\t\t<div class=\"elementor-widget-container\">\n\t\t\t\t\t<h2 class=\"elementor-heading-title elementor-size-default\">\u00c9QUIPE D'ING\u00c9NIEURS<\/h2>\t\t\t\t<\/div>\n\t\t\t\t<\/div>\n\t\t\t\t<div class=\"elementor-element elementor-element-62f22d7f elementor-widget elementor-widget-text-editor\" data-id=\"62f22d7f\" data-element_type=\"widget\" data-e-type=\"widget\" data-widget_type=\"text-editor.default\">\n\t\t\t\t<div class=\"elementor-widget-container\">\n\t\t\t\t\t\t\t\t\t<p style=\"text-align: left;\"><span style=\"font-weight: 400;\">Chez Porinox, notre excellence repose sur une \u00e9quipe de quatre ing\u00e9nieurs sp\u00e9cialis\u00e9s, qui dirigent les domaines cl\u00e9s de la R&amp;D, de la production, de l'innovation et de la personnalisation. Leur travail garantit que chaque solution allie qualit\u00e9, efficacit\u00e9 et vision.<\/span><\/p>\t\t\t\t\t\t\t\t<\/div>\n\t\t\t\t<\/div>\n\t\t\t\t<div class=\"elementor-element elementor-element-ec7c504 elementor-widget__width-initial animated-slow elementor-invisible elementor-widget elementor-widget-heading\" data-id=\"ec7c504\" data-element_type=\"widget\" data-e-type=\"widget\" data-settings=\"{&quot;_animation&quot;:&quot;fadeInUp&quot;}\" data-widget_type=\"heading.default\">\n\t\t\t\t<div class=\"elementor-widget-container\">\n\t\t\t\t\t<h2 class=\"elementor-heading-title elementor-size-default\"><strong style=\"color: var( --e-global-color-text )\">DOMAINES CL\u00c9S <\/strong><\/h2>\t\t\t\t<\/div>\n\t\t\t\t<\/div>\n\t\t\t\t<div class=\"elementor-element elementor-element-d2a6947 elementor-widget elementor-widget-text-editor\" data-id=\"d2a6947\" data-element_type=\"widget\" data-e-type=\"widget\" data-widget_type=\"text-editor.default\">\n\t\t\t\t<div class=\"elementor-widget-container\">\n\t\t\t\t\t\t\t\t\t<p style=\"text-align: left;\"><b>Recherche et d\u00e9veloppement (R&amp;D) : le moteur de l'innovation<\/b><\/p><p style=\"text-align: left;\"><span style=\"font-weight: 400;\">Dans notre d\u00e9partement R&amp;D, nous explorons en permanence de nouvelles technologies et de nouveaux mat\u00e9riaux, tels que l'acier inoxydable de haute qualit\u00e9. Cette recherche constante nous permet d'anticiper les demandes du secteur et de d\u00e9passer les normes les plus exigeantes.<\/span><\/p><p style=\"text-align: left;\"><b>Production et contr\u00f4le de la qualit\u00e9 : pr\u00e9cision et efficacit\u00e9<\/b><\/p><p style=\"text-align: left;\"><span style=\"font-weight: 400;\">Nos ing\u00e9nieurs supervisent chaque \u00e9tape du processus de production afin de garantir des r\u00e9sultats irr\u00e9prochables. Gr\u00e2ce \u00e0 l'am\u00e9lioration continue de la fabrication, nous optimisons l'efficacit\u00e9 \u00e9nerg\u00e9tique et veillons \u00e0 ce que chaque produit r\u00e9ponde aux normes de qualit\u00e9 les plus strictes.<\/span><\/p><p style=\"text-align: left;\"><b>Innovation : cr\u00e9er l'avenir du secteur<\/b><\/p><p style=\"text-align: left;\"><span style=\"font-weight: 400;\">Nous concevons des solutions qui non seulement rel\u00e8vent les d\u00e9fis d'aujourd'hui, mais int\u00e8grent \u00e9galement les technologies \u00e9mergentes pour am\u00e9liorer l'exp\u00e9rience de l'utilisateur et accro\u00eetre la productivit\u00e9. L'innovation est notre constante.<\/span><\/p><p style=\"text-align: left;\"><b>Ing\u00e9nierie personnalis\u00e9e : des solutions sur mesure<\/b><\/p><p style=\"text-align: left;\"><span style=\"font-weight: 400;\">Nous travaillons en \u00e9troite collaboration avec nos clients pour concevoir des produits parfaitement adapt\u00e9s \u00e0 leurs besoins sp\u00e9cifiques. De l'id\u00e9e initiale \u00e0 la mise en \u0153uvre, nous proposons des solutions personnalis\u00e9es qui maximisent l'efficacit\u00e9 de chaque projet.<\/span><\/p>\t\t\t\t\t\t\t\t<\/div>\n\t\t\t\t<\/div>\n\t\t\t\t<div class=\"elementor-element elementor-element-c570927 elementor-widget__width-initial animated-slow elementor-invisible elementor-widget elementor-widget-heading\" data-id=\"c570927\" data-element_type=\"widget\" data-e-type=\"widget\" data-settings=\"{&quot;_animation&quot;:&quot;fadeInUp&quot;}\" data-widget_type=\"heading.default\">\n\t\t\t\t<div class=\"elementor-widget-container\">\n\t\t\t\t\t<h2 class=\"elementor-heading-title elementor-size-default\">NOTRE ENGAGEMENT<\/h2>\t\t\t\t<\/div>\n\t\t\t\t<\/div>\n\t\t\t\t<div class=\"elementor-element elementor-element-6657741 elementor-widget elementor-widget-text-editor\" data-id=\"6657741\" data-element_type=\"widget\" data-e-type=\"widget\" data-widget_type=\"text-editor.default\">\n\t\t\t\t<div class=\"elementor-widget-container\">\n\t\t\t\t\t\t\t\t\t<p style=\"text-align: left;\"><span style=\"font-weight: 400;\">L'\u00e9quipe d'ing\u00e9nieurs de Porinox est \u00e0 la base de notre capacit\u00e9 \u00e0 dominer le march\u00e9 avec des produits innovants et de haute qualit\u00e9. Leur travail quotidien garantit des solutions qui font la diff\u00e9rence dans chaque installation, en mettant toujours l'accent sur la productivit\u00e9 et l'efficacit\u00e9.<\/span><\/p>\t\t\t\t\t\t\t\t<\/div>\n\t\t\t\t<\/div>\n\t\t\t\t<\/div>\n\t\t\t\t<\/div>\n\t\t\t\t<\/div>\n\t\t\t\t<\/div>","protected":false},"excerpt":{"rendered":"<p>EQUIPO DE INGENIEROS Porinox es una empresa dedicada a la fabricaci\u00f3n y al desarrollo de proyectos en\u00a0instalaciones ganaderas\u00a0del sector porcino. La\u00a0fabricaci\u00f3n propia\u00a0de cada uno de los productos. Todos los materiales usados son de m\u00e1xima\u00a0calidad\u00a0para garantizar una\u00a0gran fiabilidad\u00a0y\u00a0larga durabilidad. Adem\u00e1s, el equipo de personal altamente cualificado, hace un continuo esfuerzo en I+D para ofrecer, mejorar y [&hellip;]<\/p>\n","protected":false},"author":3,"featured_media":0,"parent":0,"menu_order":0,"comment_status":"closed","ping_status":"closed","template":"elementor_header_footer","meta":{"footnotes":""},"class_list":["post-21434","page","type-page","status-publish","hentry"],"_links":{"self":[{"href":"https:\/\/www.porinox.com\/fr\/wp-json\/wp\/v2\/pages\/21434","targetHints":{"allow":["GET"]}}],"collection":[{"href":"https:\/\/www.porinox.com\/fr\/wp-json\/wp\/v2\/pages"}],"about":[{"href":"https:\/\/www.porinox.com\/fr\/wp-json\/wp\/v2\/types\/page"}],"author":[{"embeddable":true,"href":"https:\/\/www.porinox.com\/fr\/wp-json\/wp\/v2\/users\/3"}],"replies":[{"embeddable":true,"href":"https:\/\/www.porinox.com\/fr\/wp-json\/wp\/v2\/comments?post=21434"}],"version-history":[{"count":0,"href":"https:\/\/www.porinox.com\/fr\/wp-json\/wp\/v2\/pages\/21434\/revisions"}],"wp:attachment":[{"href":"https:\/\/www.porinox.com\/fr\/wp-json\/wp\/v2\/media?parent=21434"}],"curies":[{"name":"wp","href":"https:\/\/api.w.org\/{rel}","templated":true}]}}