{"id":10,"date":"2019-11-06T12:31:53","date_gmt":"2019-11-06T11:31:53","guid":{"rendered":"http:\/\/porinox.com\/?page_id=10"},"modified":"2025-10-15T12:19:24","modified_gmt":"2025-10-15T10:19:24","slug":"entreprise","status":"publish","type":"page","link":"https:\/\/www.porinox.com\/fr\/empresa\/","title":{"rendered":"Entreprise"},"content":{"rendered":"<div data-elementor-type=\"wp-page\" data-elementor-id=\"10\" class=\"elementor elementor-10\" data-elementor-post-type=\"page\">\n\t\t\t\t<div class=\"elementor-element elementor-element-3e96484 e-con-full animated-slow e-flex elementor-invisible e-con e-parent\" data-id=\"3e96484\" data-element_type=\"container\" data-e-type=\"container\" data-settings=\"{&quot;background_background&quot;:&quot;classic&quot;,&quot;animation&quot;:&quot;fadeIn&quot;}\">\n\t\t<div class=\"elementor-element elementor-element-4baaa6e e-con-full e-flex e-con e-child\" data-id=\"4baaa6e\" data-element_type=\"container\" data-e-type=\"container\">\n\t\t<div class=\"elementor-element elementor-element-f64a030 e-con-full e-flex e-con e-child\" data-id=\"f64a030\" data-element_type=\"container\" data-e-type=\"container\">\n\t\t<div class=\"elementor-element elementor-element-bcef160 e-con-full e-flex e-con e-child\" data-id=\"bcef160\" data-element_type=\"container\" data-e-type=\"container\">\n\t\t\t\t<div class=\"elementor-element elementor-element-3bbf76e elementor-widget__width-initial animated-slow elementor-invisible elementor-widget elementor-widget-heading\" data-id=\"3bbf76e\" data-element_type=\"widget\" data-e-type=\"widget\" data-settings=\"{&quot;_animation&quot;:&quot;fadeInUp&quot;}\" data-widget_type=\"heading.default\">\n\t\t\t\t<div class=\"elementor-widget-container\">\n\t\t\t\t\t<h1 class=\"elementor-heading-title elementor-size-default\">FAITES CONNAISSANCE AVEC NOUS <b>SOCI\u00c9T\u00c9<\/b><\/h1>\t\t\t\t<\/div>\n\t\t\t\t<\/div>\n\t\t\t\t<\/div>\n\t\t\t\t<\/div>\n\t\t\t\t<\/div>\n\t\t\t\t<\/div>\n\t\t\t\t<section class=\"elementor-section elementor-top-section elementor-element elementor-element-00d4696 elementor-section-full_width elementor-section-height-default elementor-section-height-default\" data-id=\"00d4696\" data-element_type=\"section\" data-e-type=\"section\" data-settings=\"{&quot;background_background&quot;:&quot;classic&quot;}\">\n\t\t\t\t\t\t<div class=\"elementor-container elementor-column-gap-default\">\n\t\t\t\t\t<div class=\"elementor-column elementor-col-100 elementor-top-column elementor-element elementor-element-7392db3 animated-slow\" data-id=\"7392db3\" data-element_type=\"column\" data-e-type=\"column\" data-settings=\"{&quot;animation&quot;:&quot;none&quot;}\">\n\t\t\t<div class=\"elementor-widget-wrap elementor-element-populated\">\n\t\t\t\t<div class=\"elementor-element elementor-element-54bb329 e-con-full animated-slow e-flex elementor-invisible e-con e-parent\" data-id=\"54bb329\" data-element_type=\"container\" data-e-type=\"container\" data-settings=\"{&quot;animation&quot;:&quot;fadeIn&quot;}\">\n\t\t<div class=\"elementor-element elementor-element-80c157b e-con-full e-flex e-con e-child\" data-id=\"80c157b\" data-element_type=\"container\" data-e-type=\"container\" data-settings=\"{&quot;background_background&quot;:&quot;classic&quot;}\">\n\t\t\t\t<div class=\"elementor-element elementor-element-9631ae8 animated-slow elementor-widget__width-initial elementor-widget-tablet__width-initial elementor-invisible elementor-widget elementor-widget-text-editor\" data-id=\"9631ae8\" data-element_type=\"widget\" data-e-type=\"widget\" data-settings=\"{&quot;_animation&quot;:&quot;fadeIn&quot;,&quot;_animation_delay&quot;:300}\" data-widget_type=\"text-editor.default\">\n\t\t\t\t<div class=\"elementor-widget-container\">\n\t\t\t\t\t\t\t\t\t<div><p>Porinox est une entreprise qui se consacre \u00e0 la fabrication et au d\u00e9veloppement de projets dans les domaines suivants\u00a0<b>installations d'\u00e9levage\u00a0<\/b>dans le secteur porcin.<\/p><\/div><div><p>Elle offre des services et\u00a0<b>des solutions innovantes\u00a0<\/b>pour les \u00e9levages de porcs, tels que les \u00e9quipements int\u00e9rieurs et ext\u00e9rieurs, les syst\u00e8mes d'alimentation traditionnels et multiphases, les syst\u00e8mes de ventilation...<\/p><\/div><div>Gr\u00e2ce \u00e0 ses installations, il est possible de\u00a0<b>production interne\u00a0<\/b>de chacun des produits. Tous les mat\u00e9riaux utilis\u00e9s sont de la plus haute qualit\u00e9.\u00a0<b>qualit\u00e9\u00a0<\/b>pour assurer une\u00a0<b>haute fiabilit\u00e9<\/b>\u00a0y<b>\u00a0longue dur\u00e9e de vie<\/b>.\u00a0<\/div><div><p>En outre, l'\u00e9quipe du personnel\u00a0<b>hautement qualifi\u00e9<\/b>, L'entreprise d\u00e9ploie des efforts continus en mati\u00e8re de recherche et de d\u00e9veloppement afin de proposer, d'am\u00e9liorer et de lancer sur le march\u00e9 une plus grande vari\u00e9t\u00e9 de produits innovants et de fournir ainsi un service de plus en plus complet.<\/p><\/div><div>Porinox est un\u00a0<b>partenaire de r\u00e9f\u00e9rence\u00a0<\/b>sur le march\u00e9 afin que votre entreprise puisse se d\u00e9velopper, \u00eatre rentable, durable et avec des produits de haute qualit\u00e9.<\/div>\t\t\t\t\t\t\t\t<\/div>\n\t\t\t\t<\/div>\n\t\t\t\t<\/div>\n\t\t\t\t<\/div>\n\t\t\t\t\t<\/div>\n\t\t<\/div>\n\t\t\t\t\t<\/div>\n\t\t<\/section>\n\t\t<div class=\"elementor-element elementor-element-50ae81d e-con-full e-flex e-con e-parent\" data-id=\"50ae81d\" data-element_type=\"container\" data-e-type=\"container\" data-settings=\"{&quot;background_background&quot;:&quot;classic&quot;}\">\n\t\t<div class=\"elementor-element elementor-element-18b2f62 animated-slow e-con-full e-flex e-con e-child\" data-id=\"18b2f62\" data-element_type=\"container\" data-e-type=\"container\" data-settings=\"{&quot;animation&quot;:&quot;none&quot;}\">\n\t\t<div class=\"elementor-element elementor-element-7d22026 e-con-full e-flex e-con e-child\" data-id=\"7d22026\" data-element_type=\"container\" data-e-type=\"container\">\n\t\t<div class=\"elementor-element elementor-element-35f728a e-con-full e-flex e-con e-child\" data-id=\"35f728a\" data-element_type=\"container\" data-e-type=\"container\">\n\t\t\t\t<div class=\"elementor-element elementor-element-ee547f4 animated-slow elementor-invisible elementor-widget elementor-widget-video\" data-id=\"ee547f4\" data-element_type=\"widget\" data-e-type=\"widget\" data-settings=\"{&quot;youtube_url&quot;:&quot;https:\\\/\\\/www.youtube.com\\\/embed\\\/RKJfMCOTY3c&quot;,&quot;_animation&quot;:&quot;fadeIn&quot;,&quot;autoplay&quot;:&quot;yes&quot;,&quot;play_on_mobile&quot;:&quot;yes&quot;,&quot;mute&quot;:&quot;yes&quot;,&quot;loop&quot;:&quot;yes&quot;,&quot;video_type&quot;:&quot;youtube&quot;}\" data-widget_type=\"video.default\">\n\t\t\t\t<div class=\"elementor-widget-container\">\n\t\t\t\t\t\t\t<div class=\"elementor-wrapper elementor-open-inline\">\n\t\t\t<div class=\"elementor-video\"><\/div>\t\t<\/div>\n\t\t\t\t\t\t<\/div>\n\t\t\t\t<\/div>\n\t\t\t\t<\/div>\n\t\t\t\t<\/div>\n\t\t\t\t<\/div>\n\t\t\t\t<\/div>\n\t\t\t\t<\/div>","protected":false},"excerpt":{"rendered":"<p>CONOCE NUESTRA EMPRESA Porinox es una empresa dedicada a la fabricaci\u00f3n y al desarrollo de proyectos en\u00a0instalaciones ganaderas\u00a0del sector porcino. Ofrece servicios y\u00a0soluciones innovadoras\u00a0para las granjas de cerdos, como por ejemplo equipamientos de interior y exterior, sistemas de alimentaci\u00f3n tradicional y multifase, sistemas de ventilaci\u00f3n&#8230; Gracias a sus instalaciones, es posible la\u00a0fabricaci\u00f3n propia\u00a0de cada uno [&hellip;]<\/p>\n","protected":false},"author":147,"featured_media":0,"parent":0,"menu_order":0,"comment_status":"closed","ping_status":"closed","template":"elementor_header_footer","meta":{"footnotes":""},"class_list":["post-10","page","type-page","status-publish","hentry"],"_links":{"self":[{"href":"https:\/\/www.porinox.com\/fr\/wp-json\/wp\/v2\/pages\/10","targetHints":{"allow":["GET"]}}],"collection":[{"href":"https:\/\/www.porinox.com\/fr\/wp-json\/wp\/v2\/pages"}],"about":[{"href":"https:\/\/www.porinox.com\/fr\/wp-json\/wp\/v2\/types\/page"}],"author":[{"embeddable":true,"href":"https:\/\/www.porinox.com\/fr\/wp-json\/wp\/v2\/users\/147"}],"replies":[{"embeddable":true,"href":"https:\/\/www.porinox.com\/fr\/wp-json\/wp\/v2\/comments?post=10"}],"version-history":[{"count":0,"href":"https:\/\/www.porinox.com\/fr\/wp-json\/wp\/v2\/pages\/10\/revisions"}],"wp:attachment":[{"href":"https:\/\/www.porinox.com\/fr\/wp-json\/wp\/v2\/media?parent=10"}],"curies":[{"name":"wp","href":"https:\/\/api.w.org\/{rel}","templated":true}]}}